{"id":1658,"date":"2024-01-18T17:04:04","date_gmt":"2024-01-18T15:04:04","guid":{"rendered":"https:\/\/www.horsehaytec.com\/leverings-og-betalingsoplysninger\/"},"modified":"2024-08-29T12:45:07","modified_gmt":"2024-08-29T10:45:07","slug":"leverings-og-betalingsoplysninger","status":"publish","type":"page","link":"https:\/\/www.horsehaytec.com\/da\/leverings-og-betalingsoplysninger\/","title":{"rendered":"Leverings- og betalingsoplysninger"},"content":{"rendered":"<style>.wp-block-kadence-advancedheading.kt-adv-heading476_82ac14-a4, .wp-block-kadence-advancedheading.kt-adv-heading476_82ac14-a4[data-kb-block=\"kb-adv-heading476_82ac14-a4\"]{font-style:normal;}.wp-block-kadence-advancedheading.kt-adv-heading476_82ac14-a4 mark.kt-highlight, .wp-block-kadence-advancedheading.kt-adv-heading476_82ac14-a4[data-kb-block=\"kb-adv-heading476_82ac14-a4\"] mark.kt-highlight{font-style:normal;color:#f76a0c;-webkit-box-decoration-break:clone;box-decoration-break:clone;padding-top:0px;padding-right:0px;padding-bottom:0px;padding-left:0px;}.wp-block-kadence-advancedheading.kt-adv-heading476_82ac14-a4 img.kb-inline-image, .wp-block-kadence-advancedheading.kt-adv-heading476_82ac14-a4[data-kb-block=\"kb-adv-heading476_82ac14-a4\"] img.kb-inline-image{width:150px;vertical-align:baseline;}<\/style>\n<h1 class=\"kt-adv-heading476_82ac14-a4 wp-block-kadence-advancedheading\" data-kb-block=\"kb-adv-heading476_82ac14-a4\">Leverings- og betalingsoplysninger<\/h1>\n<style>.wp-block-kadence-advancedheading.kt-adv-heading476_acb4ee-cf, .wp-block-kadence-advancedheading.kt-adv-heading476_acb4ee-cf[data-kb-block=\"kb-adv-heading476_acb4ee-cf\"]{font-style:normal;}.wp-block-kadence-advancedheading.kt-adv-heading476_acb4ee-cf mark.kt-highlight, .wp-block-kadence-advancedheading.kt-adv-heading476_acb4ee-cf[data-kb-block=\"kb-adv-heading476_acb4ee-cf\"] mark.kt-highlight{font-style:normal;color:#f76a0c;-webkit-box-decoration-break:clone;box-decoration-break:clone;padding-top:0px;padding-right:0px;padding-bottom:0px;padding-left:0px;}.wp-block-kadence-advancedheading.kt-adv-heading476_acb4ee-cf img.kb-inline-image, .wp-block-kadence-advancedheading.kt-adv-heading476_acb4ee-cf[data-kb-block=\"kb-adv-heading476_acb4ee-cf\"] img.kb-inline-image{width:150px;vertical-align:baseline;}<\/style>\n<h2 class=\"kt-adv-heading476_acb4ee-cf wp-block-kadence-advancedheading\" data-kb-block=\"kb-adv-heading476_acb4ee-cf\">Levering<\/h2>\n\n<p>N\u00e5r kunden har bekr\u00e6ftet sin ordre, bliver der sendt en ordrebekr\u00e6ftelse med leveringstider. <\/p>\n\n<p>Afhentning: H\u00f8automaten kan afhentes i Tusby p\u00e5 det aftalte tidspunkt, og vi l\u00e6sser h\u00f8automaten p\u00e5 kundens bil. Kunden har mulighed for at inspicere maskinen p\u00e5 vores lager inden levering. Vores service omfatter udlicitering af fragt samt alle foranstaltninger, indtil h\u00f8automaten er leveret p\u00e5 kundens adresse. Kunden er ansvarlig for udpakning af h\u00f8automaten efter transport.<\/p>\n\n<p>Fragt: Vi udliciterer fragten til den adresse, som kunden har oplyst. Vi videresender oplysningerne om alternative fragtmuligheder til kunden. Kunden bekr\u00e6fter den \u00f8nskede fragt samt vilk\u00e5r og betingelser fra ordre til ordre.<\/p>\n<style>.wp-block-kadence-advancedheading.kt-adv-heading476_f5e3d3-b1, .wp-block-kadence-advancedheading.kt-adv-heading476_f5e3d3-b1[data-kb-block=\"kb-adv-heading476_f5e3d3-b1\"]{font-style:normal;}.wp-block-kadence-advancedheading.kt-adv-heading476_f5e3d3-b1 mark.kt-highlight, .wp-block-kadence-advancedheading.kt-adv-heading476_f5e3d3-b1[data-kb-block=\"kb-adv-heading476_f5e3d3-b1\"] mark.kt-highlight{font-style:normal;color:#f76a0c;-webkit-box-decoration-break:clone;box-decoration-break:clone;padding-top:0px;padding-right:0px;padding-bottom:0px;padding-left:0px;}.wp-block-kadence-advancedheading.kt-adv-heading476_f5e3d3-b1 img.kb-inline-image, .wp-block-kadence-advancedheading.kt-adv-heading476_f5e3d3-b1[data-kb-block=\"kb-adv-heading476_f5e3d3-b1\"] img.kb-inline-image{width:150px;vertical-align:baseline;}<\/style>\n<h3 class=\"kt-adv-heading476_f5e3d3-b1 wp-block-kadence-advancedheading\" data-kb-block=\"kb-adv-heading476_f5e3d3-b1\">Leveringstid <\/h3>\n\n<p>Leveringstiden er if\u00f8lge aftalen 1-3 m\u00e5neder afh\u00e6ngig af ordrevolumen.<\/p>\n<style>.wp-block-kadence-advancedheading.kt-adv-heading476_11a741-4f, .wp-block-kadence-advancedheading.kt-adv-heading476_11a741-4f[data-kb-block=\"kb-adv-heading476_11a741-4f\"]{font-style:normal;}.wp-block-kadence-advancedheading.kt-adv-heading476_11a741-4f mark.kt-highlight, .wp-block-kadence-advancedheading.kt-adv-heading476_11a741-4f[data-kb-block=\"kb-adv-heading476_11a741-4f\"] mark.kt-highlight{font-style:normal;color:#f76a0c;-webkit-box-decoration-break:clone;box-decoration-break:clone;padding-top:0px;padding-right:0px;padding-bottom:0px;padding-left:0px;}.wp-block-kadence-advancedheading.kt-adv-heading476_11a741-4f img.kb-inline-image, .wp-block-kadence-advancedheading.kt-adv-heading476_11a741-4f[data-kb-block=\"kb-adv-heading476_11a741-4f\"] img.kb-inline-image{width:150px;vertical-align:baseline;}<\/style>\n<h2 class=\"kt-adv-heading476_11a741-4f wp-block-kadence-advancedheading\" data-kb-block=\"kb-adv-heading476_11a741-4f\">Betalingsvilk\u00e5r<\/h2>\n\n<ul class=\"wp-block-list\">\n<li>Fuld betaling efter levering, hvis leveringstiden er mindre end 3 m\u00e5neder fra ordredato.<\/li>\n\n\n\n<li>Forudbetaling p\u00e5 20 % i forbindelse med ordren, hvis leveringstiden er mere end 3 m\u00e5neder.<\/li>\n\n\n\n<li>Betalingsvilk\u00e5rene er fjorten (14) dage fra fakturadato.<\/li>\n\n\n\n<li>Morarenter i overensstemmelse med den finske rentelov.<\/li>\n<\/ul>\n\n<p><strong>Sveas betalingsvilk\u00e5r for virksomheder og privatpersoner<\/strong><\/p>\n\n<p>Finland<strong><em> <\/em><\/strong><\/p>\n\n<ul class=\"wp-block-list\">\n<li>Forbruger: <a href=\"https:\/\/www.svea.com\/fi-fi\/kuluttajat\/lainat\/kulutusluotto\"><em>https:\/\/www.svea.com\/fi-fi\/kuluttajat\/lainat\/kulutusluotto<\/em><\/a><\/li>\n\n\n\n<li>Erhvervskredit: <a href=\"https:\/\/www.svea.com\/fi-fi\/yritykset\/yritysrahoitus\/yrityslimiitti\"><em>https:\/\/www.svea.com\/fi-fi\/yritykset\/yritysrahoitus\/yrityslimiitti<\/em><\/a><\/li>\n<\/ul>\n\n<p>Sverige <\/p>\n\n<ul class=\"wp-block-list\">\n<li>Forbruger: <a href=\"https:\/\/www.svea.com\/sv-se\/privat\/l%C3%A5na\"><em>L\u00e5na pengar &#8211; j\u00e4mf\u00f6r v\u00e5ra l\u00e5n f\u00f6r privatpersoner | Svea Bank<\/em><\/a><\/li>\n\n\n\n<li>Erhvervskredit: <a href=\"https:\/\/www.svea.com\/sv-se\/foretag\/finansiering\/foretagskredit\"><em>F\u00f6retagskredit &#8211; ett enklare f\u00f6retagsl\u00e5n | Svea Bank<\/em><\/a><\/li>\n<\/ul>\n\n<p>Norge <\/p>\n\n<ul class=\"wp-block-list\">\n<li>Forbruger: <a href=\"https:\/\/www.svea.com\/nb-no\/privat\/l%C3%A5n\"><em>L\u00e5n penger med eller uten sikkerhet \u2013 Svea | Svea Bank<\/em><\/a><\/li>\n\n\n\n<li>Erhvervskredit: <a href=\"https:\/\/www.svea.com\/nb-no\/bedrift\/finansiering\/kassekreditt\"><em>Fleksibel kassekreditt &#8211; Svea | Svea Bank<\/em><\/a><\/li>\n<\/ul>\n<style>.wp-block-kadence-advancedheading.kt-adv-heading476_c40630-ba, .wp-block-kadence-advancedheading.kt-adv-heading476_c40630-ba[data-kb-block=\"kb-adv-heading476_c40630-ba\"]{font-style:normal;}.wp-block-kadence-advancedheading.kt-adv-heading476_c40630-ba mark.kt-highlight, .wp-block-kadence-advancedheading.kt-adv-heading476_c40630-ba[data-kb-block=\"kb-adv-heading476_c40630-ba\"] mark.kt-highlight{font-style:normal;color:#f76a0c;-webkit-box-decoration-break:clone;box-decoration-break:clone;padding-top:0px;padding-right:0px;padding-bottom:0px;padding-left:0px;}.wp-block-kadence-advancedheading.kt-adv-heading476_c40630-ba img.kb-inline-image, .wp-block-kadence-advancedheading.kt-adv-heading476_c40630-ba[data-kb-block=\"kb-adv-heading476_c40630-ba\"] img.kb-inline-image{width:150px;vertical-align:baseline;}<\/style>\n<h2 class=\"kt-adv-heading476_c40630-ba wp-block-kadence-advancedheading\" data-kb-block=\"kb-adv-heading476_c40630-ba\">Garanti<\/h2>\n\n<p>Garantien p\u00e5 vores h\u00f8automater er 24 m\u00e5neder fra leveringsdatoen. <\/p>\n\n<p>Kunden skal uden ugrundet ophold skriftligt anmelde enhver fejl eller skade, der konstateres i garantiperioden. Leverand\u00f8ren er ikke ansvarlig for yderligere skader for\u00e5rsaget af forsinket indberetning. Leverand\u00f8ren tr\u00e6ffer beslutning om n\u00f8dvendige foranstaltninger p\u00e5 baggrund af kundens fejlbeskrivelse. Leverand\u00f8ren skal hurtigst muligt p\u00e5begynde unders\u00f8gelsen og om n\u00f8dvendigt afhj\u00e6lpe fejlen. Fejlrapporteringer sendes per e-mail til <a href=\"mailto:info@horsehaytec.com\">info@horsehaytec.com <\/a>    <\/p>\n\n<p>Garantien d\u00e6kker ikke f\u00f8lgende: <\/p>\n\n<ul class=\"wp-block-list\">\n<li>Kunden har installeret h\u00f8automaten i strid med leverand\u00f8rens anvisninger<\/li>\n\n\n\n<li>Naturkatastrofer, f.eks. skader i forbindelse med tordenvejr <\/li>\n\n\n\n<li>Manglende overholdelse af betjenings- eller vedligeholdelsesvejledningen<\/li>\n\n\n\n<li>Hvis der anvendes grimer i folden: eventuelle skader for\u00e5rsaget af grimer p\u00e5 maskinen og\/eller hestene<\/li>\n<\/ul>\n<style>.wp-block-kadence-advancedheading.kt-adv-heading476_cbddc2-ab, .wp-block-kadence-advancedheading.kt-adv-heading476_cbddc2-ab[data-kb-block=\"kb-adv-heading476_cbddc2-ab\"]{font-style:normal;}.wp-block-kadence-advancedheading.kt-adv-heading476_cbddc2-ab mark.kt-highlight, .wp-block-kadence-advancedheading.kt-adv-heading476_cbddc2-ab[data-kb-block=\"kb-adv-heading476_cbddc2-ab\"] mark.kt-highlight{font-style:normal;color:#f76a0c;-webkit-box-decoration-break:clone;box-decoration-break:clone;padding-top:0px;padding-right:0px;padding-bottom:0px;padding-left:0px;}.wp-block-kadence-advancedheading.kt-adv-heading476_cbddc2-ab img.kb-inline-image, .wp-block-kadence-advancedheading.kt-adv-heading476_cbddc2-ab[data-kb-block=\"kb-adv-heading476_cbddc2-ab\"] img.kb-inline-image{width:150px;vertical-align:baseline;}<\/style>\n<h2 class=\"kt-adv-heading476_cbddc2-ab wp-block-kadence-advancedheading\" data-kb-block=\"kb-adv-heading476_cbddc2-ab\">Vedligeholdelse<\/h2>\n\n<p>L\u00f8ftewirerne skal udskiftes med 2,5 til 4 \u00e5rs mellemrum.<br\/>Under brug skal de kun justeres \u00e9n gang \u00e5rligt. Oplysninger herom findes i brugervejledningen og vedligeholdelsesmanualen. Der kr\u00e6ves ingen anden vedligeholdelse.  <\/p>\n<style>.wp-block-kadence-advancedheading.kt-adv-heading476_ce8ab2-e7, .wp-block-kadence-advancedheading.kt-adv-heading476_ce8ab2-e7[data-kb-block=\"kb-adv-heading476_ce8ab2-e7\"]{font-style:normal;}.wp-block-kadence-advancedheading.kt-adv-heading476_ce8ab2-e7 mark.kt-highlight, .wp-block-kadence-advancedheading.kt-adv-heading476_ce8ab2-e7[data-kb-block=\"kb-adv-heading476_ce8ab2-e7\"] mark.kt-highlight{font-style:normal;color:#f76a0c;-webkit-box-decoration-break:clone;box-decoration-break:clone;padding-top:0px;padding-right:0px;padding-bottom:0px;padding-left:0px;}.wp-block-kadence-advancedheading.kt-adv-heading476_ce8ab2-e7 img.kb-inline-image, .wp-block-kadence-advancedheading.kt-adv-heading476_ce8ab2-e7[data-kb-block=\"kb-adv-heading476_ce8ab2-e7\"] img.kb-inline-image{width:150px;vertical-align:baseline;}<\/style>\n<h2 class=\"kt-adv-heading476_ce8ab2-e7 wp-block-kadence-advancedheading\" data-kb-block=\"kb-adv-heading476_ce8ab2-e7\">F\u00f8lgende er ikke inkluderet i leverancen: <\/h2>\n\n<p>Kunden er ansvarlig for udpakning af h\u00f8automaten efter transport. Arrangering af str\u00f8mforsyning p\u00e5 monteringsstedet (str\u00f8mkabel og stikkontakt): <strong> <\/strong>Normalt med et 3 x 2,5 mm jordkabel. Den anbefalede maks.-l\u00e6ngde p\u00e5 jordkablet er 100 m. <\/p>\n\n<p>Specifikationer vedr. underlag: Der kr\u00e6ves et frostsikkert underlag. Vi anbefaler belagt beton, betonsten eller mudderm\u00e5tter. Det g\u00f8r det nemt at fjerne sand og reng\u00f8re h\u00f8automatens sider.<\/p>\n\n<p>Taget bygges<strong> <\/strong> med kundens egne materialer, hvis kunden ikke har bestilt en tagpakke hos os.<\/p>\n<style>.wp-block-kadence-advancedheading.kt-adv-heading476_eec22c-1f, .wp-block-kadence-advancedheading.kt-adv-heading476_eec22c-1f[data-kb-block=\"kb-adv-heading476_eec22c-1f\"]{font-style:normal;}.wp-block-kadence-advancedheading.kt-adv-heading476_eec22c-1f mark.kt-highlight, .wp-block-kadence-advancedheading.kt-adv-heading476_eec22c-1f[data-kb-block=\"kb-adv-heading476_eec22c-1f\"] mark.kt-highlight{font-style:normal;color:#f76a0c;-webkit-box-decoration-break:clone;box-decoration-break:clone;padding-top:0px;padding-right:0px;padding-bottom:0px;padding-left:0px;}.wp-block-kadence-advancedheading.kt-adv-heading476_eec22c-1f img.kb-inline-image, .wp-block-kadence-advancedheading.kt-adv-heading476_eec22c-1f[data-kb-block=\"kb-adv-heading476_eec22c-1f\"] img.kb-inline-image{width:150px;vertical-align:baseline;}<\/style>\n<h2 class=\"kt-adv-heading476_eec22c-1f wp-block-kadence-advancedheading\" data-kb-block=\"kb-adv-heading476_eec22c-1f\">Reservedele<\/h2>\n\n<p>Vi anbefaler, at kunden k\u00f8ber reservewirer i forbindelse med ordren. Pris pr. wire 25 \u20ac (moms 0 %)<\/p>\n","protected":false},"excerpt":{"rendered":"<p>Leverings- og betalingsoplysninger Levering N\u00e5r kunden har bekr\u00e6ftet sin ordre, bliver der sendt en ordrebekr\u00e6ftelse med leveringstider. Afhentning: H\u00f8automaten kan afhentes i Tusby p\u00e5 det aftalte tidspunkt, og vi l\u00e6sser h\u00f8automaten p\u00e5 kundens bil. Kunden har mulighed for at inspicere maskinen p\u00e5 vores lager inden levering. Vores service omfatter udlicitering af fragt samt alle foranstaltninger,&#8230;<\/p>\n","protected":false},"author":2,"featured_media":0,"parent":0,"menu_order":0,"comment_status":"closed","ping_status":"closed","template":"","meta":{"_acf_changed":false,"inline_featured_image":false,"_kad_blocks_custom_css":"","_kad_blocks_head_custom_js":"","_kad_blocks_body_custom_js":"","_kad_blocks_footer_custom_js":"","_kad_post_transparent":"","_kad_post_title":"","_kad_post_layout":"","_kad_post_sidebar_id":"","_kad_post_content_style":"","_kad_post_vertical_padding":"","_kad_post_feature":"","_kad_post_feature_position":"","_kad_post_header":false,"_kad_post_footer":false,"_kad_post_classname":"","footnotes":""},"class_list":["post-1658","page","type-page","status-publish","hentry"],"acf":[],"yoast_head":"<!-- This site is optimized with the Yoast SEO plugin v27.4 - https:\/\/yoast.com\/product\/yoast-seo-wordpress\/ -->\n<title>Leverings- og betalingsoplysninger - Horse Haytec<\/title>\n<meta name=\"robots\" content=\"index, follow, max-snippet:-1, max-image-preview:large, max-video-preview:-1\" \/>\n<link rel=\"canonical\" href=\"https:\/\/www.horsehaytec.com\/da\/leverings-og-betalingsoplysninger\/\" \/>\n<meta property=\"og:locale\" content=\"da_DK\" \/>\n<meta property=\"og:type\" content=\"article\" \/>\n<meta property=\"og:title\" content=\"Leverings- og betalingsoplysninger - Horse Haytec\" \/>\n<meta property=\"og:description\" content=\"Leverings- og betalingsoplysninger Levering N\u00e5r kunden har bekr\u00e6ftet sin ordre, bliver der sendt en ordrebekr\u00e6ftelse med leveringstider. Afhentning: H\u00f8automaten kan afhentes i Tusby p\u00e5 det aftalte tidspunkt, og vi l\u00e6sser h\u00f8automaten p\u00e5 kundens bil. Kunden har mulighed for at inspicere maskinen p\u00e5 vores lager inden levering. Vores service omfatter udlicitering af fragt samt alle foranstaltninger,...\" \/>\n<meta property=\"og:url\" content=\"https:\/\/www.horsehaytec.com\/da\/leverings-og-betalingsoplysninger\/\" \/>\n<meta property=\"og:site_name\" content=\"Horse Haytec\" \/>\n<meta property=\"article:publisher\" content=\"https:\/\/www.facebook.com\/arjenvapauttaja\" \/>\n<meta property=\"article:modified_time\" content=\"2024-08-29T10:45:07+00:00\" \/>\n<meta name=\"twitter:card\" content=\"summary_large_image\" \/>\n<meta name=\"twitter:label1\" content=\"Estimeret l\u00e6setid\" \/>\n\t<meta name=\"twitter:data1\" content=\"3 minutter\" \/>\n<script type=\"application\/ld+json\" class=\"yoast-schema-graph\">{\"@context\":\"https:\\\/\\\/schema.org\",\"@graph\":[{\"@type\":\"WebPage\",\"@id\":\"https:\\\/\\\/www.horsehaytec.com\\\/da\\\/leverings-og-betalingsoplysninger\\\/\",\"url\":\"https:\\\/\\\/www.horsehaytec.com\\\/da\\\/leverings-og-betalingsoplysninger\\\/\",\"name\":\"Leverings- og betalingsoplysninger - Horse Haytec\",\"isPartOf\":{\"@id\":\"https:\\\/\\\/www.horsehaytec.com\\\/da\\\/#website\"},\"datePublished\":\"2024-01-18T15:04:04+00:00\",\"dateModified\":\"2024-08-29T10:45:07+00:00\",\"inLanguage\":\"da-DK\",\"potentialAction\":[{\"@type\":\"ReadAction\",\"target\":[\"https:\\\/\\\/www.horsehaytec.com\\\/da\\\/leverings-og-betalingsoplysninger\\\/\"]}]},{\"@type\":\"WebSite\",\"@id\":\"https:\\\/\\\/www.horsehaytec.com\\\/da\\\/#website\",\"url\":\"https:\\\/\\\/www.horsehaytec.com\\\/da\\\/\",\"name\":\"Horse Haytec\",\"description\":\"\",\"publisher\":{\"@id\":\"https:\\\/\\\/www.horsehaytec.com\\\/da\\\/#organization\"},\"potentialAction\":[{\"@type\":\"SearchAction\",\"target\":{\"@type\":\"EntryPoint\",\"urlTemplate\":\"https:\\\/\\\/www.horsehaytec.com\\\/da\\\/?s={search_term_string}\"},\"query-input\":{\"@type\":\"PropertyValueSpecification\",\"valueRequired\":true,\"valueName\":\"search_term_string\"}}],\"inLanguage\":\"da-DK\"},{\"@type\":\"Organization\",\"@id\":\"https:\\\/\\\/www.horsehaytec.com\\\/da\\\/#organization\",\"name\":\"Horse Haytec\",\"url\":\"https:\\\/\\\/www.horsehaytec.com\\\/da\\\/\",\"logo\":{\"@type\":\"ImageObject\",\"inLanguage\":\"da-DK\",\"@id\":\"https:\\\/\\\/www.horsehaytec.com\\\/da\\\/#\\\/schema\\\/logo\\\/image\\\/\",\"url\":\"https:\\\/\\\/www.horsehaytec.com\\\/wp-content\\\/uploads\\\/2023\\\/12\\\/Asset-1.svg\",\"contentUrl\":\"https:\\\/\\\/www.horsehaytec.com\\\/wp-content\\\/uploads\\\/2023\\\/12\\\/Asset-1.svg\",\"caption\":\"Horse Haytec\"},\"image\":{\"@id\":\"https:\\\/\\\/www.horsehaytec.com\\\/da\\\/#\\\/schema\\\/logo\\\/image\\\/\"},\"sameAs\":[\"https:\\\/\\\/www.facebook.com\\\/arjenvapauttaja\"]}]}<\/script>\n<!-- \/ Yoast SEO plugin. -->","yoast_head_json":{"title":"Leverings- og betalingsoplysninger - Horse Haytec","robots":{"index":"index","follow":"follow","max-snippet":"max-snippet:-1","max-image-preview":"max-image-preview:large","max-video-preview":"max-video-preview:-1"},"canonical":"https:\/\/www.horsehaytec.com\/da\/leverings-og-betalingsoplysninger\/","og_locale":"da_DK","og_type":"article","og_title":"Leverings- og betalingsoplysninger - Horse Haytec","og_description":"Leverings- og betalingsoplysninger Levering N\u00e5r kunden har bekr\u00e6ftet sin ordre, bliver der sendt en ordrebekr\u00e6ftelse med leveringstider. Afhentning: H\u00f8automaten kan afhentes i Tusby p\u00e5 det aftalte tidspunkt, og vi l\u00e6sser h\u00f8automaten p\u00e5 kundens bil. Kunden har mulighed for at inspicere maskinen p\u00e5 vores lager inden levering. Vores service omfatter udlicitering af fragt samt alle foranstaltninger,...","og_url":"https:\/\/www.horsehaytec.com\/da\/leverings-og-betalingsoplysninger\/","og_site_name":"Horse Haytec","article_publisher":"https:\/\/www.facebook.com\/arjenvapauttaja","article_modified_time":"2024-08-29T10:45:07+00:00","twitter_card":"summary_large_image","twitter_misc":{"Estimeret l\u00e6setid":"3 minutter"},"schema":{"@context":"https:\/\/schema.org","@graph":[{"@type":"WebPage","@id":"https:\/\/www.horsehaytec.com\/da\/leverings-og-betalingsoplysninger\/","url":"https:\/\/www.horsehaytec.com\/da\/leverings-og-betalingsoplysninger\/","name":"Leverings- og betalingsoplysninger - Horse Haytec","isPartOf":{"@id":"https:\/\/www.horsehaytec.com\/da\/#website"},"datePublished":"2024-01-18T15:04:04+00:00","dateModified":"2024-08-29T10:45:07+00:00","inLanguage":"da-DK","potentialAction":[{"@type":"ReadAction","target":["https:\/\/www.horsehaytec.com\/da\/leverings-og-betalingsoplysninger\/"]}]},{"@type":"WebSite","@id":"https:\/\/www.horsehaytec.com\/da\/#website","url":"https:\/\/www.horsehaytec.com\/da\/","name":"Horse Haytec","description":"","publisher":{"@id":"https:\/\/www.horsehaytec.com\/da\/#organization"},"potentialAction":[{"@type":"SearchAction","target":{"@type":"EntryPoint","urlTemplate":"https:\/\/www.horsehaytec.com\/da\/?s={search_term_string}"},"query-input":{"@type":"PropertyValueSpecification","valueRequired":true,"valueName":"search_term_string"}}],"inLanguage":"da-DK"},{"@type":"Organization","@id":"https:\/\/www.horsehaytec.com\/da\/#organization","name":"Horse Haytec","url":"https:\/\/www.horsehaytec.com\/da\/","logo":{"@type":"ImageObject","inLanguage":"da-DK","@id":"https:\/\/www.horsehaytec.com\/da\/#\/schema\/logo\/image\/","url":"https:\/\/www.horsehaytec.com\/wp-content\/uploads\/2023\/12\/Asset-1.svg","contentUrl":"https:\/\/www.horsehaytec.com\/wp-content\/uploads\/2023\/12\/Asset-1.svg","caption":"Horse Haytec"},"image":{"@id":"https:\/\/www.horsehaytec.com\/da\/#\/schema\/logo\/image\/"},"sameAs":["https:\/\/www.facebook.com\/arjenvapauttaja"]}]}},"taxonomy_info":[],"featured_image_src_large":false,"author_info":{"display_name":"Heidi Happonen","author_link":"https:\/\/www.horsehaytec.com\/da\/author\/heidigital\/"},"comment_info":0,"_links":{"self":[{"href":"https:\/\/www.horsehaytec.com\/da\/wp-json\/wp\/v2\/pages\/1658","targetHints":{"allow":["GET"]}}],"collection":[{"href":"https:\/\/www.horsehaytec.com\/da\/wp-json\/wp\/v2\/pages"}],"about":[{"href":"https:\/\/www.horsehaytec.com\/da\/wp-json\/wp\/v2\/types\/page"}],"author":[{"embeddable":true,"href":"https:\/\/www.horsehaytec.com\/da\/wp-json\/wp\/v2\/users\/2"}],"replies":[{"embeddable":true,"href":"https:\/\/www.horsehaytec.com\/da\/wp-json\/wp\/v2\/comments?post=1658"}],"version-history":[{"count":9,"href":"https:\/\/www.horsehaytec.com\/da\/wp-json\/wp\/v2\/pages\/1658\/revisions"}],"predecessor-version":[{"id":2225,"href":"https:\/\/www.horsehaytec.com\/da\/wp-json\/wp\/v2\/pages\/1658\/revisions\/2225"}],"wp:attachment":[{"href":"https:\/\/www.horsehaytec.com\/da\/wp-json\/wp\/v2\/media?parent=1658"}],"curies":[{"name":"wp","href":"https:\/\/api.w.org\/{rel}","templated":true}]}}