{"id":1698,"date":"2024-03-16T08:32:40","date_gmt":"2024-03-16T06:32:40","guid":{"rendered":"https:\/\/www.horsehaytec.com\/datapolitik\/"},"modified":"2025-05-19T11:48:30","modified_gmt":"2025-05-19T09:48:30","slug":"datapolitik","status":"publish","type":"page","link":"https:\/\/www.horsehaytec.com\/da\/datapolitik\/","title":{"rendered":"Datapolitik"},"content":{"rendered":"<style>.wp-block-kadence-advancedheading.kt-adv-heading1698_109bd5-82, .wp-block-kadence-advancedheading.kt-adv-heading1698_109bd5-82[data-kb-block=\"kb-adv-heading1698_109bd5-82\"]{font-style:normal;}.wp-block-kadence-advancedheading.kt-adv-heading1698_109bd5-82 mark.kt-highlight, .wp-block-kadence-advancedheading.kt-adv-heading1698_109bd5-82[data-kb-block=\"kb-adv-heading1698_109bd5-82\"] mark.kt-highlight{font-style:normal;color:#f76a0c;-webkit-box-decoration-break:clone;box-decoration-break:clone;padding-top:0px;padding-right:0px;padding-bottom:0px;padding-left:0px;}.wp-block-kadence-advancedheading.kt-adv-heading1698_109bd5-82 img.kb-inline-image, .wp-block-kadence-advancedheading.kt-adv-heading1698_109bd5-82[data-kb-block=\"kb-adv-heading1698_109bd5-82\"] img.kb-inline-image{width:150px;vertical-align:baseline;}<\/style>\n<h2 class=\"kt-adv-heading1698_109bd5-82 wp-block-kadence-advancedheading\" data-kb-block=\"kb-adv-heading1698_109bd5-82\">Persondatapolitik for Horse Haytec Oys kunderegister<\/h2>\n\n\n\n<p><\/p>\n\n\n\n<p class=\"has-medium-font-size\">Denne privatlivspolitik g\u00e6lder ogs\u00e5 for mobilappen Smartfeeding, som ejes af Horse Haytec Oy og er tilg\u00e6ngelig i Google Play Butikken.<\/p>\n\n\n\n<p><a href=\"https:\/\/play.google.com\/store\/apps\/details?id=fi.horsehaytec.haytecmobile\">https:\/\/play.google.com\/store\/apps\/details?id=fi.horsehaytec.haytecmobile<\/a><\/p>\n\n\n\n<h3 class=\"wp-block-heading\">1. Dataansvarlig<\/h3>\n\n\n\n<p>Horse Haytec Oy (CVR 3086990-3)<br>Paratiisikuja 35, 04390 J\u00e4niksenlinna, Tusby, Finland<br>tlf. +358 040 538 3143<\/p>\n\n\n<style>.wp-block-kadence-advancedheading.kt-adv-heading1698_e33059-53, .wp-block-kadence-advancedheading.kt-adv-heading1698_e33059-53[data-kb-block=\"kb-adv-heading1698_e33059-53\"]{font-style:normal;}.wp-block-kadence-advancedheading.kt-adv-heading1698_e33059-53 mark.kt-highlight, .wp-block-kadence-advancedheading.kt-adv-heading1698_e33059-53[data-kb-block=\"kb-adv-heading1698_e33059-53\"] mark.kt-highlight{font-style:normal;color:#f76a0c;-webkit-box-decoration-break:clone;box-decoration-break:clone;padding-top:0px;padding-right:0px;padding-bottom:0px;padding-left:0px;}.wp-block-kadence-advancedheading.kt-adv-heading1698_e33059-53 img.kb-inline-image, .wp-block-kadence-advancedheading.kt-adv-heading1698_e33059-53[data-kb-block=\"kb-adv-heading1698_e33059-53\"] img.kb-inline-image{width:150px;vertical-align:baseline;}<\/style>\n<h3 class=\"kt-adv-heading1698_e33059-53 wp-block-kadence-advancedheading\" data-kb-block=\"kb-adv-heading1698_e33059-53\">2. Kontaktperson ansvarlig for dataregisteret&nbsp;<\/h3>\n\n\n\n<p>Reino Yli-Piipari<br>tlf. +358 040 538 3143<br>reino.yli-piipari@horsehaytec.com<\/p>\n\n\n<style>.wp-block-kadence-advancedheading.kt-adv-heading1698_50121a-ff, .wp-block-kadence-advancedheading.kt-adv-heading1698_50121a-ff[data-kb-block=\"kb-adv-heading1698_50121a-ff\"]{font-style:normal;}.wp-block-kadence-advancedheading.kt-adv-heading1698_50121a-ff mark.kt-highlight, .wp-block-kadence-advancedheading.kt-adv-heading1698_50121a-ff[data-kb-block=\"kb-adv-heading1698_50121a-ff\"] mark.kt-highlight{font-style:normal;color:#f76a0c;-webkit-box-decoration-break:clone;box-decoration-break:clone;padding-top:0px;padding-right:0px;padding-bottom:0px;padding-left:0px;}.wp-block-kadence-advancedheading.kt-adv-heading1698_50121a-ff img.kb-inline-image, .wp-block-kadence-advancedheading.kt-adv-heading1698_50121a-ff[data-kb-block=\"kb-adv-heading1698_50121a-ff\"] img.kb-inline-image{width:150px;vertical-align:baseline;}<\/style>\n<h3 class=\"kt-adv-heading1698_50121a-ff wp-block-kadence-advancedheading\" data-kb-block=\"kb-adv-heading1698_50121a-ff\">3. Dataregisterets navn<\/h3>\n\n\n\n<p>Horse Haytec Oys kunderegister&nbsp;<\/p>\n\n\n<style>.wp-block-kadence-advancedheading.kt-adv-heading1698_90a45e-b4, .wp-block-kadence-advancedheading.kt-adv-heading1698_90a45e-b4[data-kb-block=\"kb-adv-heading1698_90a45e-b4\"]{font-style:normal;}.wp-block-kadence-advancedheading.kt-adv-heading1698_90a45e-b4 mark.kt-highlight, .wp-block-kadence-advancedheading.kt-adv-heading1698_90a45e-b4[data-kb-block=\"kb-adv-heading1698_90a45e-b4\"] mark.kt-highlight{font-style:normal;color:#f76a0c;-webkit-box-decoration-break:clone;box-decoration-break:clone;padding-top:0px;padding-right:0px;padding-bottom:0px;padding-left:0px;}.wp-block-kadence-advancedheading.kt-adv-heading1698_90a45e-b4 img.kb-inline-image, .wp-block-kadence-advancedheading.kt-adv-heading1698_90a45e-b4[data-kb-block=\"kb-adv-heading1698_90a45e-b4\"] img.kb-inline-image{width:150px;vertical-align:baseline;}<\/style>\n<h3 class=\"kt-adv-heading1698_90a45e-b4 wp-block-kadence-advancedheading\" data-kb-block=\"kb-adv-heading1698_90a45e-b4\">4. Retsgrundlag og form\u00e5l med behandlingen af personoplysninger<\/h3>\n\n\n\n<p>Horse Haytec Oys kunderegister anvendes til kontakt med kunder, opretholdelse af kundeforhold og kommunikation. Dataene anvendes ikke til automatiseret beslutningstagning eller profilering.&nbsp;<\/p>\n\n\n<style>.wp-block-kadence-advancedheading.kt-adv-heading1698_84334e-66, .wp-block-kadence-advancedheading.kt-adv-heading1698_84334e-66[data-kb-block=\"kb-adv-heading1698_84334e-66\"]{font-style:normal;}.wp-block-kadence-advancedheading.kt-adv-heading1698_84334e-66 mark.kt-highlight, .wp-block-kadence-advancedheading.kt-adv-heading1698_84334e-66[data-kb-block=\"kb-adv-heading1698_84334e-66\"] mark.kt-highlight{font-style:normal;color:#f76a0c;-webkit-box-decoration-break:clone;box-decoration-break:clone;padding-top:0px;padding-right:0px;padding-bottom:0px;padding-left:0px;}.wp-block-kadence-advancedheading.kt-adv-heading1698_84334e-66 img.kb-inline-image, .wp-block-kadence-advancedheading.kt-adv-heading1698_84334e-66[data-kb-block=\"kb-adv-heading1698_84334e-66\"] img.kb-inline-image{width:150px;vertical-align:baseline;}<\/style>\n<h3 class=\"kt-adv-heading1698_84334e-66 wp-block-kadence-advancedheading\" data-kb-block=\"kb-adv-heading1698_84334e-66\">5. Dataregisterets indhold<\/h3>\n\n\n\n<p>De oplysninger, der gemmes i Horse Haytec Oys kunderegister, indhentes fra kunderne selv. Det omfatter f.eks. de oplysninger, der indhentes, n\u00e5r nogen bruger formularen &#8220;Kontakt os&#8221;:&nbsp;<\/p>\n\n\n\n<ul class=\"wp-block-list\">\n<li>Navn&nbsp;<\/li>\n\n\n\n<li>E-mail&nbsp;<\/li>\n\n\n\n<li>Telefon&nbsp;<\/li>\n\n\n\n<li>Adresse&nbsp;<\/li>\n<\/ul>\n\n\n\n<p>\u00d8vrige oplysninger fra kunden:&nbsp;<\/p>\n\n\n\n<ul class=\"wp-block-list\">\n<li>Virksomhedens navn&nbsp;<\/li>\n\n\n\n<li>CVR-nummer&nbsp;<\/li>\n\n\n\n<li>Oplysninger om de bestilte produkter\/tjenester&nbsp;<\/li>\n\n\n\n<li>Faktureringsoplysninger&nbsp;<\/li>\n\n\n\n<li>Oplysninger om de bestilte produkter\/tjenester og \u00e6ndringer hertil&nbsp;<\/li>\n<\/ul>\n\n\n\n<p>Kunden er ansvarlig for, at oplysningerne er korrekte, og at de opdateres, hvis det er n\u00f8dvendigt.&nbsp;<\/p>\n\n\n<style>.wp-block-kadence-advancedheading.kt-adv-heading1698_0c543f-87, .wp-block-kadence-advancedheading.kt-adv-heading1698_0c543f-87[data-kb-block=\"kb-adv-heading1698_0c543f-87\"]{font-style:normal;}.wp-block-kadence-advancedheading.kt-adv-heading1698_0c543f-87 mark.kt-highlight, .wp-block-kadence-advancedheading.kt-adv-heading1698_0c543f-87[data-kb-block=\"kb-adv-heading1698_0c543f-87\"] mark.kt-highlight{font-style:normal;color:#f76a0c;-webkit-box-decoration-break:clone;box-decoration-break:clone;padding-top:0px;padding-right:0px;padding-bottom:0px;padding-left:0px;}.wp-block-kadence-advancedheading.kt-adv-heading1698_0c543f-87 img.kb-inline-image, .wp-block-kadence-advancedheading.kt-adv-heading1698_0c543f-87[data-kb-block=\"kb-adv-heading1698_0c543f-87\"] img.kb-inline-image{width:150px;vertical-align:baseline;}<\/style>\n<h3 class=\"kt-adv-heading1698_0c543f-87 wp-block-kadence-advancedheading\" data-kb-block=\"kb-adv-heading1698_0c543f-87\">6. F\u00e6lles datakilder<\/h3>\n\n\n\n<p>De oplysninger, der er gemt i Horse Haytec Oys kunderegister, indhentes ud fra et kundeforhold.&nbsp;<\/p>\n\n\n<style>.wp-block-kadence-advancedheading.kt-adv-heading1698_71213e-48, .wp-block-kadence-advancedheading.kt-adv-heading1698_71213e-48[data-kb-block=\"kb-adv-heading1698_71213e-48\"]{font-style:normal;}.wp-block-kadence-advancedheading.kt-adv-heading1698_71213e-48 mark.kt-highlight, .wp-block-kadence-advancedheading.kt-adv-heading1698_71213e-48[data-kb-block=\"kb-adv-heading1698_71213e-48\"] mark.kt-highlight{font-style:normal;color:#f76a0c;-webkit-box-decoration-break:clone;box-decoration-break:clone;padding-top:0px;padding-right:0px;padding-bottom:0px;padding-left:0px;}.wp-block-kadence-advancedheading.kt-adv-heading1698_71213e-48 img.kb-inline-image, .wp-block-kadence-advancedheading.kt-adv-heading1698_71213e-48[data-kb-block=\"kb-adv-heading1698_71213e-48\"] img.kb-inline-image{width:150px;vertical-align:baseline;}<\/style>\n<h3 class=\"kt-adv-heading1698_71213e-48 wp-block-kadence-advancedheading\" data-kb-block=\"kb-adv-heading1698_71213e-48\">7. Regelm\u00e6ssig videregivelse af data<\/h3>\n\n\n\n<p>Kunderegisterdata videregives ikke regelm\u00e6ssigt til tredjepart. Oplysninger kan videregives, hvis dette er aftalt med kunden.&nbsp;<\/p>\n\n\n\n<p>Horse Haytec Oy anvender cookies og Google Analytics&#8217; bes\u00f8gssporingstjeneste p\u00e5 sin hjemmeside. Horse Haytec Oy hverken overf\u00f8rer eller hj\u00e6lper tredjeparter med at overf\u00f8re eller tillader tredjeparter at overf\u00f8re s\u00e5danne oplysninger til Google, som Google kan bruge som personlige identifikationsoplysninger, eller som Google kan fortolke som s\u00e5danne oplysninger. For oplysninger om Google Analytics\u2019 indsamling og behandling af data, se <a href=\"https:\/\/policies.google.com\/technologies\/partner-sites?hl=fi\" target=\"_blank\" rel=\"noreferrer noopener\">https:\/\/policies.google.com\/technologies\/partner-sites?hl=da<\/a><\/p>\n\n\n<style>.wp-block-kadence-advancedheading.kt-adv-heading1698_37ed97-16, .wp-block-kadence-advancedheading.kt-adv-heading1698_37ed97-16[data-kb-block=\"kb-adv-heading1698_37ed97-16\"]{font-style:normal;}.wp-block-kadence-advancedheading.kt-adv-heading1698_37ed97-16 mark.kt-highlight, .wp-block-kadence-advancedheading.kt-adv-heading1698_37ed97-16[data-kb-block=\"kb-adv-heading1698_37ed97-16\"] mark.kt-highlight{font-style:normal;color:#f76a0c;-webkit-box-decoration-break:clone;box-decoration-break:clone;padding-top:0px;padding-right:0px;padding-bottom:0px;padding-left:0px;}.wp-block-kadence-advancedheading.kt-adv-heading1698_37ed97-16 img.kb-inline-image, .wp-block-kadence-advancedheading.kt-adv-heading1698_37ed97-16[data-kb-block=\"kb-adv-heading1698_37ed97-16\"] img.kb-inline-image{width:150px;vertical-align:baseline;}<\/style>\n<h3 class=\"kt-adv-heading1698_37ed97-16 wp-block-kadence-advancedheading\" data-kb-block=\"kb-adv-heading1698_37ed97-16\">8. Principper for registerbeskyttelse&nbsp;<\/h3>\n\n\n\n<p>Der udvises omhu i behandlingen af data, der opbevares i Horse Haytec Oys kunderegister, og data, der behandles ved hj\u00e6lp af informationssystemer, beskyttes p\u00e5 beh\u00f8rig vis. N\u00e5r registerdata lagres p\u00e5 internetservere, tages der passende hensyn til fysisk udstyrssikkerhed og digital datasikkerhed. Horse Haytec Oy sikrer, at lagrede data, adgangsrettigheder til servere og sikkerhedskritiske oplysninger om personoplysningerne behandles fortroligt og kun af medarbejdere, hvis jobbeskrivelse omfatter en s\u00e5dan behandling. Vi opbevarer kun personoplysninger i vores kunderegister i den tid, det er n\u00f8dvendig at behandle og opretholde kundeforholdet. Un\u00f8dvendige eller udl\u00f8bne data destrueres efter behov.&nbsp;<\/p>\n\n\n<style>.wp-block-kadence-advancedheading.kt-adv-heading1698_464d50-f2, .wp-block-kadence-advancedheading.kt-adv-heading1698_464d50-f2[data-kb-block=\"kb-adv-heading1698_464d50-f2\"]{font-style:normal;}.wp-block-kadence-advancedheading.kt-adv-heading1698_464d50-f2 mark.kt-highlight, .wp-block-kadence-advancedheading.kt-adv-heading1698_464d50-f2[data-kb-block=\"kb-adv-heading1698_464d50-f2\"] mark.kt-highlight{font-style:normal;color:#f76a0c;-webkit-box-decoration-break:clone;box-decoration-break:clone;padding-top:0px;padding-right:0px;padding-bottom:0px;padding-left:0px;}.wp-block-kadence-advancedheading.kt-adv-heading1698_464d50-f2 img.kb-inline-image, .wp-block-kadence-advancedheading.kt-adv-heading1698_464d50-f2[data-kb-block=\"kb-adv-heading1698_464d50-f2\"] img.kb-inline-image{width:150px;vertical-align:baseline;}<\/style>\n<h3 class=\"kt-adv-heading1698_464d50-f2 wp-block-kadence-advancedheading\" data-kb-block=\"kb-adv-heading1698_464d50-f2\">9. Ret til indsigt og ret til at kr\u00e6ve berigtigelse af data<\/h3>\n\n\n\n<p>Enhver person i Horse Haytec Oys kunderegister har ret til at f\u00e5 indsigt i de personoplysninger, der er lagret om vedkommende i registret, og til at anmode om berigtigelse af ukorrekte personoplysninger eller at f\u00e5 ufuldst\u00e6ndige personoplysninger udfyldt. Enhver person i kunderegistret har ret til at anmode om sletning af personoplysninger vedr\u00f8rende vedkommende i registret (&#8220;retten til at blive glemt&#8221;). \u00d8nsker du at f\u00e5 indsigt i dine oplysninger i vores kunderegister eller f\u00e5 dem slettet eller rettet, skal du sende en skriftlig anmodning til Horse Haytec Oy. Du kan ogs\u00e5 kontakte den ansvarlige for vores kunderegister, s\u00e5 vi kan aftale en tid til at dr\u00f8fte de sp\u00f8rgsm\u00e5l, din anmodning om indsigt vedr\u00f8rer.&nbsp;<\/p>\n\n\n\n<p>Den dataansvarlige kan om n\u00f8dvendigt bede anmoderen om at bevise sin identitet. Den dataansvarlige vil svare kunden inden for den tidsfrist, der er fastsat i EU\u2019s generelle databeskyttelsesforordning (som hovedregel inden for en m\u00e5ned).&nbsp;<\/p>\n","protected":false},"excerpt":{"rendered":"<p>Persondatapolitik for Horse Haytec Oys kunderegister Denne privatlivspolitik g\u00e6lder ogs\u00e5 for mobilappen Smartfeeding, som ejes af Horse Haytec Oy og er tilg\u00e6ngelig i Google Play Butikken. https:\/\/play.google.com\/store\/apps\/details?id=fi.horsehaytec.haytecmobile 1. Dataansvarlig Horse Haytec Oy (CVR 3086990-3)Paratiisikuja 35, 04390 J\u00e4niksenlinna, Tusby, Finlandtlf. +358 040 538 3143 2. Kontaktperson ansvarlig for dataregisteret&nbsp; Reino Yli-Piiparitlf. +358 040 538 3143reino.yli-piipari@horsehaytec.com 3&#8230;.<\/p>\n","protected":false},"author":2,"featured_media":0,"parent":0,"menu_order":0,"comment_status":"closed","ping_status":"closed","template":"","meta":{"_acf_changed":false,"inline_featured_image":false,"_kad_blocks_custom_css":"","_kad_blocks_head_custom_js":"","_kad_blocks_body_custom_js":"","_kad_blocks_footer_custom_js":"","_kad_post_transparent":"","_kad_post_title":"","_kad_post_layout":"","_kad_post_sidebar_id":"","_kad_post_content_style":"","_kad_post_vertical_padding":"","_kad_post_feature":"","_kad_post_feature_position":"","_kad_post_header":false,"_kad_post_footer":false,"_kad_post_classname":"","footnotes":""},"class_list":["post-1698","page","type-page","status-publish","hentry"],"acf":[],"yoast_head":"<!-- This site is optimized with the Yoast SEO plugin v27.5 - https:\/\/yoast.com\/product\/yoast-seo-wordpress\/ -->\n<title>Datapolitik - Horse Haytec<\/title>\n<meta name=\"robots\" content=\"index, follow, max-snippet:-1, max-image-preview:large, max-video-preview:-1\" \/>\n<link rel=\"canonical\" href=\"https:\/\/www.horsehaytec.com\/da\/datapolitik\/\" \/>\n<meta property=\"og:locale\" content=\"da_DK\" \/>\n<meta property=\"og:type\" content=\"article\" \/>\n<meta property=\"og:title\" content=\"Datapolitik - Horse Haytec\" \/>\n<meta property=\"og:description\" content=\"Persondatapolitik for Horse Haytec Oys kunderegister Denne privatlivspolitik g\u00e6lder ogs\u00e5 for mobilappen Smartfeeding, som ejes af Horse Haytec Oy og er tilg\u00e6ngelig i Google Play Butikken. https:\/\/play.google.com\/store\/apps\/details?id=fi.horsehaytec.haytecmobile 1. Dataansvarlig Horse Haytec Oy (CVR 3086990-3)Paratiisikuja 35, 04390 J\u00e4niksenlinna, Tusby, Finlandtlf. +358 040 538 3143 2. Kontaktperson ansvarlig for dataregisteret&nbsp; Reino Yli-Piiparitlf. +358 040 538 3143reino.yli-piipari@horsehaytec.com 3....\" \/>\n<meta property=\"og:url\" content=\"https:\/\/www.horsehaytec.com\/da\/datapolitik\/\" \/>\n<meta property=\"og:site_name\" content=\"Horse Haytec\" \/>\n<meta property=\"article:publisher\" content=\"https:\/\/www.facebook.com\/arjenvapauttaja\" \/>\n<meta property=\"article:modified_time\" content=\"2025-05-19T09:48:30+00:00\" \/>\n<meta name=\"twitter:card\" content=\"summary_large_image\" \/>\n<meta name=\"twitter:label1\" content=\"Estimeret l\u00e6setid\" \/>\n\t<meta name=\"twitter:data1\" content=\"4 minutter\" \/>\n<script type=\"application\/ld+json\" class=\"yoast-schema-graph\">{\"@context\":\"https:\\\/\\\/schema.org\",\"@graph\":[{\"@type\":\"WebPage\",\"@id\":\"https:\\\/\\\/www.horsehaytec.com\\\/da\\\/datapolitik\\\/\",\"url\":\"https:\\\/\\\/www.horsehaytec.com\\\/da\\\/datapolitik\\\/\",\"name\":\"Datapolitik - Horse Haytec\",\"isPartOf\":{\"@id\":\"https:\\\/\\\/www.horsehaytec.com\\\/da\\\/#website\"},\"datePublished\":\"2024-03-16T06:32:40+00:00\",\"dateModified\":\"2025-05-19T09:48:30+00:00\",\"inLanguage\":\"da-DK\",\"potentialAction\":[{\"@type\":\"ReadAction\",\"target\":[\"https:\\\/\\\/www.horsehaytec.com\\\/da\\\/datapolitik\\\/\"]}]},{\"@type\":\"WebSite\",\"@id\":\"https:\\\/\\\/www.horsehaytec.com\\\/da\\\/#website\",\"url\":\"https:\\\/\\\/www.horsehaytec.com\\\/da\\\/\",\"name\":\"Horse Haytec\",\"description\":\"\",\"publisher\":{\"@id\":\"https:\\\/\\\/www.horsehaytec.com\\\/da\\\/#organization\"},\"potentialAction\":[{\"@type\":\"SearchAction\",\"target\":{\"@type\":\"EntryPoint\",\"urlTemplate\":\"https:\\\/\\\/www.horsehaytec.com\\\/da\\\/?s={search_term_string}\"},\"query-input\":{\"@type\":\"PropertyValueSpecification\",\"valueRequired\":true,\"valueName\":\"search_term_string\"}}],\"inLanguage\":\"da-DK\"},{\"@type\":\"Organization\",\"@id\":\"https:\\\/\\\/www.horsehaytec.com\\\/da\\\/#organization\",\"name\":\"Horse Haytec\",\"url\":\"https:\\\/\\\/www.horsehaytec.com\\\/da\\\/\",\"logo\":{\"@type\":\"ImageObject\",\"inLanguage\":\"da-DK\",\"@id\":\"https:\\\/\\\/www.horsehaytec.com\\\/da\\\/#\\\/schema\\\/logo\\\/image\\\/\",\"url\":\"https:\\\/\\\/www.horsehaytec.com\\\/wp-content\\\/uploads\\\/2023\\\/12\\\/Asset-1.svg\",\"contentUrl\":\"https:\\\/\\\/www.horsehaytec.com\\\/wp-content\\\/uploads\\\/2023\\\/12\\\/Asset-1.svg\",\"caption\":\"Horse Haytec\"},\"image\":{\"@id\":\"https:\\\/\\\/www.horsehaytec.com\\\/da\\\/#\\\/schema\\\/logo\\\/image\\\/\"},\"sameAs\":[\"https:\\\/\\\/www.facebook.com\\\/arjenvapauttaja\"]}]}<\/script>\n<!-- \/ Yoast SEO plugin. -->","yoast_head_json":{"title":"Datapolitik - Horse Haytec","robots":{"index":"index","follow":"follow","max-snippet":"max-snippet:-1","max-image-preview":"max-image-preview:large","max-video-preview":"max-video-preview:-1"},"canonical":"https:\/\/www.horsehaytec.com\/da\/datapolitik\/","og_locale":"da_DK","og_type":"article","og_title":"Datapolitik - Horse Haytec","og_description":"Persondatapolitik for Horse Haytec Oys kunderegister Denne privatlivspolitik g\u00e6lder ogs\u00e5 for mobilappen Smartfeeding, som ejes af Horse Haytec Oy og er tilg\u00e6ngelig i Google Play Butikken. https:\/\/play.google.com\/store\/apps\/details?id=fi.horsehaytec.haytecmobile 1. Dataansvarlig Horse Haytec Oy (CVR 3086990-3)Paratiisikuja 35, 04390 J\u00e4niksenlinna, Tusby, Finlandtlf. +358 040 538 3143 2. Kontaktperson ansvarlig for dataregisteret&nbsp; Reino Yli-Piiparitlf. +358 040 538 3143reino.yli-piipari@horsehaytec.com 3....","og_url":"https:\/\/www.horsehaytec.com\/da\/datapolitik\/","og_site_name":"Horse Haytec","article_publisher":"https:\/\/www.facebook.com\/arjenvapauttaja","article_modified_time":"2025-05-19T09:48:30+00:00","twitter_card":"summary_large_image","twitter_misc":{"Estimeret l\u00e6setid":"4 minutter"},"schema":{"@context":"https:\/\/schema.org","@graph":[{"@type":"WebPage","@id":"https:\/\/www.horsehaytec.com\/da\/datapolitik\/","url":"https:\/\/www.horsehaytec.com\/da\/datapolitik\/","name":"Datapolitik - Horse Haytec","isPartOf":{"@id":"https:\/\/www.horsehaytec.com\/da\/#website"},"datePublished":"2024-03-16T06:32:40+00:00","dateModified":"2025-05-19T09:48:30+00:00","inLanguage":"da-DK","potentialAction":[{"@type":"ReadAction","target":["https:\/\/www.horsehaytec.com\/da\/datapolitik\/"]}]},{"@type":"WebSite","@id":"https:\/\/www.horsehaytec.com\/da\/#website","url":"https:\/\/www.horsehaytec.com\/da\/","name":"Horse Haytec","description":"","publisher":{"@id":"https:\/\/www.horsehaytec.com\/da\/#organization"},"potentialAction":[{"@type":"SearchAction","target":{"@type":"EntryPoint","urlTemplate":"https:\/\/www.horsehaytec.com\/da\/?s={search_term_string}"},"query-input":{"@type":"PropertyValueSpecification","valueRequired":true,"valueName":"search_term_string"}}],"inLanguage":"da-DK"},{"@type":"Organization","@id":"https:\/\/www.horsehaytec.com\/da\/#organization","name":"Horse Haytec","url":"https:\/\/www.horsehaytec.com\/da\/","logo":{"@type":"ImageObject","inLanguage":"da-DK","@id":"https:\/\/www.horsehaytec.com\/da\/#\/schema\/logo\/image\/","url":"https:\/\/www.horsehaytec.com\/wp-content\/uploads\/2023\/12\/Asset-1.svg","contentUrl":"https:\/\/www.horsehaytec.com\/wp-content\/uploads\/2023\/12\/Asset-1.svg","caption":"Horse Haytec"},"image":{"@id":"https:\/\/www.horsehaytec.com\/da\/#\/schema\/logo\/image\/"},"sameAs":["https:\/\/www.facebook.com\/arjenvapauttaja"]}]}},"taxonomy_info":[],"featured_image_src_large":false,"author_info":{"display_name":"Heidi Happonen","author_link":"https:\/\/www.horsehaytec.com\/da\/author\/heidigital\/"},"comment_info":0,"_links":{"self":[{"href":"https:\/\/www.horsehaytec.com\/da\/wp-json\/wp\/v2\/pages\/1698","targetHints":{"allow":["GET"]}}],"collection":[{"href":"https:\/\/www.horsehaytec.com\/da\/wp-json\/wp\/v2\/pages"}],"about":[{"href":"https:\/\/www.horsehaytec.com\/da\/wp-json\/wp\/v2\/types\/page"}],"author":[{"embeddable":true,"href":"https:\/\/www.horsehaytec.com\/da\/wp-json\/wp\/v2\/users\/2"}],"replies":[{"embeddable":true,"href":"https:\/\/www.horsehaytec.com\/da\/wp-json\/wp\/v2\/comments?post=1698"}],"version-history":[{"count":13,"href":"https:\/\/www.horsehaytec.com\/da\/wp-json\/wp\/v2\/pages\/1698\/revisions"}],"predecessor-version":[{"id":3176,"href":"https:\/\/www.horsehaytec.com\/da\/wp-json\/wp\/v2\/pages\/1698\/revisions\/3176"}],"wp:attachment":[{"href":"https:\/\/www.horsehaytec.com\/da\/wp-json\/wp\/v2\/media?parent=1698"}],"curies":[{"name":"wp","href":"https:\/\/api.w.org\/{rel}","templated":true}]}}