{"id":1694,"date":"2024-01-18T17:04:04","date_gmt":"2024-01-18T15:04:04","guid":{"rendered":"https:\/\/www.horsehaytec.com\/liefer-und-zahlungsinformationen\/"},"modified":"2025-01-14T16:29:59","modified_gmt":"2025-01-14T14:29:59","slug":"liefer-und-zahlungsinformationen","status":"publish","type":"page","link":"https:\/\/www.horsehaytec.com\/de\/liefer-und-zahlungsinformationen\/","title":{"rendered":"Liefer- und Zahlungsinformationen"},"content":{"rendered":"<style>.wp-block-kadence-advancedheading.kt-adv-heading476_82ac14-a4, .wp-block-kadence-advancedheading.kt-adv-heading476_82ac14-a4[data-kb-block=\"kb-adv-heading476_82ac14-a4\"]{font-style:normal;}.wp-block-kadence-advancedheading.kt-adv-heading476_82ac14-a4 mark.kt-highlight, .wp-block-kadence-advancedheading.kt-adv-heading476_82ac14-a4[data-kb-block=\"kb-adv-heading476_82ac14-a4\"] mark.kt-highlight{font-style:normal;color:#f76a0c;-webkit-box-decoration-break:clone;box-decoration-break:clone;padding-top:0px;padding-right:0px;padding-bottom:0px;padding-left:0px;}.wp-block-kadence-advancedheading.kt-adv-heading476_82ac14-a4 img.kb-inline-image, .wp-block-kadence-advancedheading.kt-adv-heading476_82ac14-a4[data-kb-block=\"kb-adv-heading476_82ac14-a4\"] img.kb-inline-image{width:150px;vertical-align:baseline;}<\/style>\n<h1 class=\"kt-adv-heading476_82ac14-a4 wp-block-kadence-advancedheading\" data-kb-block=\"kb-adv-heading476_82ac14-a4\">Liefer- und Zahlungsinformationen<\/h1>\n<style>.wp-block-kadence-advancedheading.kt-adv-heading476_acb4ee-cf, .wp-block-kadence-advancedheading.kt-adv-heading476_acb4ee-cf[data-kb-block=\"kb-adv-heading476_acb4ee-cf\"]{font-style:normal;}.wp-block-kadence-advancedheading.kt-adv-heading476_acb4ee-cf mark.kt-highlight, .wp-block-kadence-advancedheading.kt-adv-heading476_acb4ee-cf[data-kb-block=\"kb-adv-heading476_acb4ee-cf\"] mark.kt-highlight{font-style:normal;color:#f76a0c;-webkit-box-decoration-break:clone;box-decoration-break:clone;padding-top:0px;padding-right:0px;padding-bottom:0px;padding-left:0px;}.wp-block-kadence-advancedheading.kt-adv-heading476_acb4ee-cf img.kb-inline-image, .wp-block-kadence-advancedheading.kt-adv-heading476_acb4ee-cf[data-kb-block=\"kb-adv-heading476_acb4ee-cf\"] img.kb-inline-image{width:150px;vertical-align:baseline;}<\/style>\n<h2 class=\"kt-adv-heading476_acb4ee-cf wp-block-kadence-advancedheading\" data-kb-block=\"kb-adv-heading476_acb4ee-cf\">Lieferung<\/h2>\n\n<p>Nachdem der Kunde seine Bestellung best\u00e4tigt hat, erh\u00e4lt er eine Auftragsbest\u00e4tigung mit Lieferzeiten. <\/p>\n\n<p>Abholung: Der automatische Heuautomat kann zum vereinbarten Zeitpunkt in Tuusula abgeholt werden, und wir laden ihn in das Fahrzeug des Kunden. Der Kunde hat die M\u00f6glichkeit, die Maschine vor der Auslieferung im Lager zu \u00fcberpr\u00fcfen. Unser Service umfasst die Ausschreibung der Fracht sowie alle Vorkehrungen bis zur Lieferung des automatischen Heuautomaten an die Adresse des Kunden. Das Auspacken des Heuautomaten nach dem Transport obliegt dem Kunden.<\/p>\n\n<p>Fracht: Wir bieten die Fracht an der vom Kunden angegebenen Adresse an. Wir leiten die Informationen zu den alternativen Frachtoptionen an den Kunden weiter. Der Kunde best\u00e4tigt die gew\u00fcnschte Fracht und deren Konditionen im Einzelfall.<\/p>\n<style>.wp-block-kadence-advancedheading.kt-adv-heading476_f5e3d3-b1, .wp-block-kadence-advancedheading.kt-adv-heading476_f5e3d3-b1[data-kb-block=\"kb-adv-heading476_f5e3d3-b1\"]{font-style:normal;}.wp-block-kadence-advancedheading.kt-adv-heading476_f5e3d3-b1 mark.kt-highlight, .wp-block-kadence-advancedheading.kt-adv-heading476_f5e3d3-b1[data-kb-block=\"kb-adv-heading476_f5e3d3-b1\"] mark.kt-highlight{font-style:normal;color:#f76a0c;-webkit-box-decoration-break:clone;box-decoration-break:clone;padding-top:0px;padding-right:0px;padding-bottom:0px;padding-left:0px;}.wp-block-kadence-advancedheading.kt-adv-heading476_f5e3d3-b1 img.kb-inline-image, .wp-block-kadence-advancedheading.kt-adv-heading476_f5e3d3-b1[data-kb-block=\"kb-adv-heading476_f5e3d3-b1\"] img.kb-inline-image{width:150px;vertical-align:baseline;}<\/style>\n<h3 class=\"kt-adv-heading476_f5e3d3-b1 wp-block-kadence-advancedheading\" data-kb-block=\"kb-adv-heading476_f5e3d3-b1\">Lieferfristen <\/h3>\n\n<p>Die Lieferzeit betr\u00e4gt laut Vereinbarung je nach Auftragsvolumen 1\u20133\u00a0Monate.<\/p>\n<style>.wp-block-kadence-advancedheading.kt-adv-heading476_11a741-4f, .wp-block-kadence-advancedheading.kt-adv-heading476_11a741-4f[data-kb-block=\"kb-adv-heading476_11a741-4f\"]{font-style:normal;}.wp-block-kadence-advancedheading.kt-adv-heading476_11a741-4f mark.kt-highlight, .wp-block-kadence-advancedheading.kt-adv-heading476_11a741-4f[data-kb-block=\"kb-adv-heading476_11a741-4f\"] mark.kt-highlight{font-style:normal;color:#f76a0c;-webkit-box-decoration-break:clone;box-decoration-break:clone;padding-top:0px;padding-right:0px;padding-bottom:0px;padding-left:0px;}.wp-block-kadence-advancedheading.kt-adv-heading476_11a741-4f img.kb-inline-image, .wp-block-kadence-advancedheading.kt-adv-heading476_11a741-4f[data-kb-block=\"kb-adv-heading476_11a741-4f\"] img.kb-inline-image{width:150px;vertical-align:baseline;}<\/style>\n<h2 class=\"kt-adv-heading476_11a741-4f wp-block-kadence-advancedheading\" data-kb-block=\"kb-adv-heading476_11a741-4f\">Zahlungsbedingungen<\/h2>\n\n<ul class=\"wp-block-list\">\n<li>Zahlung in voller H\u00f6he nach Lieferung, wenn die Lieferzeit weniger als 3\u00a0Monate ab Bestelldatum betr\u00e4gt.<\/li>\n\n\n\n<li>Vorauszahlung von 20\u00a0% im Zusammenhang mit der Bestellung, wenn die Lieferzeit mehr als 3\u00a0Monate betr\u00e4gt.<\/li>\n\n\n\n<li>Die Zahlungsfrist betr\u00e4gt vierzehn (14) Tage ab Rechnungsdatum.<\/li>\n\n\n\n<li>Die Verzugszinsen entsprechen dem finnischen Zinsgesetz.<\/li>\n<\/ul>\n\n<p><strong>Svea Zahlungsbedingungen f\u00fcr Unternehmen und Privatpersonen<\/strong><\/p>\n\n<p>Finnland<strong><em> <\/em><\/strong><\/p>\n\n<ul class=\"wp-block-list\">\n<li>Verbraucher: <a href=\"https:\/\/www.svea.com\/fi-fi\/kuluttajat\/lainat\/kulutusluotto\"><em>https:\/\/www.svea.com\/de-de\/verbraucher\/darlehen\/konsumkredit<\/em><\/a><\/li>\n\n\n\n<li>Gesch\u00e4ftskredit: <a href=\"https:\/\/www.svea.com\/fi-fi\/yritykset\/yritysrahoitus\/yrityslimiitti\"><em>https:\/\/www.svea.com\/de-de\/unternehmen\/unternehmensfinanzierung\/unternehmenskredit<\/em><\/a><\/li>\n<\/ul>\n\n<p>Schweden <\/p>\n\n<ul class=\"wp-block-list\">\n<li>Verbraucher: <a href=\"https:\/\/www.svea.com\/sv-se\/privat\/l%C3%A5na\"><em>L\u00e5na pengar &#8211; j\u00e4mf\u00f6r v\u00e5ra l\u00e5n f\u00f6r privatpersoner | Svea Bank<\/em><\/a><\/li>\n\n\n\n<li>Gesch\u00e4ftskredit: <a href=\"https:\/\/www.svea.com\/sv-se\/foretag\/finansiering\/foretagskredit\"><em>F\u00f6retagskredit &#8211; ett enklare f\u00f6retagsl\u00e5n | Svea Bank<\/em><\/a><\/li>\n<\/ul>\n\n<p>Norwegen <\/p>\n\n<ul class=\"wp-block-list\">\n<li>Verbraucher: <a href=\"https:\/\/www.svea.com\/nb-no\/privat\/l%C3%A5n\"><em>L\u00e5n penger med eller uten sikkerhet \u2013 Svea | Svea Bank<\/em><\/a><\/li>\n\n\n\n<li>Gesch\u00e4ftskredit: <a href=\"https:\/\/www.svea.com\/nb-no\/bedrift\/finansiering\/kassekreditt\"><em>Fleksibel kassekreditt &#8211; Svea | Svea Bank<\/em><\/a><\/li>\n<\/ul>\n<style>.wp-block-kadence-advancedheading.kt-adv-heading476_c40630-ba, .wp-block-kadence-advancedheading.kt-adv-heading476_c40630-ba[data-kb-block=\"kb-adv-heading476_c40630-ba\"]{font-style:normal;}.wp-block-kadence-advancedheading.kt-adv-heading476_c40630-ba mark.kt-highlight, .wp-block-kadence-advancedheading.kt-adv-heading476_c40630-ba[data-kb-block=\"kb-adv-heading476_c40630-ba\"] mark.kt-highlight{font-style:normal;color:#f76a0c;-webkit-box-decoration-break:clone;box-decoration-break:clone;padding-top:0px;padding-right:0px;padding-bottom:0px;padding-left:0px;}.wp-block-kadence-advancedheading.kt-adv-heading476_c40630-ba img.kb-inline-image, .wp-block-kadence-advancedheading.kt-adv-heading476_c40630-ba[data-kb-block=\"kb-adv-heading476_c40630-ba\"] img.kb-inline-image{width:150px;vertical-align:baseline;}<\/style>\n<h2 class=\"kt-adv-heading476_c40630-ba wp-block-kadence-advancedheading\" data-kb-block=\"kb-adv-heading476_c40630-ba\">Gew\u00e4hrleistung<\/h2>\n\n<p>Die Garantie f\u00fcr unsere automatischen Heuautomat betr\u00e4gt 24\u00a0Monate ab Lieferdatum. <\/p>\n\n<p>Der Kunde hat w\u00e4hrend der Garantiezeit festgestellte M\u00e4ngel oder Sch\u00e4den unverz\u00fcglich schriftlich zu melden. Der Lieferant haftet nicht f\u00fcr zus\u00e4tzliche Sch\u00e4den, die durch eine versp\u00e4tete Meldung verursacht werden. Der Lieferant entscheidet auf Basis der vom Kunden zur Verf\u00fcgung gestellten Fehlerbeschreibung \u00fcber die notwendigen Ma\u00dfnahmen. Der Lieferant muss die Pr\u00fcfung und gegebenenfalls die Behebung des Mangels so schnell wie m\u00f6glich einleiten. Fehlermeldungen per E-Mail an <a href=\"mailto:info@horsehaytec.com\">info@horsehaytec.com <\/a>    <\/p>\n\n<p>Ausgenommen von der Garantie ist wie folgt: <\/p>\n\n<ul class=\"wp-block-list\">\n<li>der Kunde hat den automatischen Heuautomat entgegen den Anweisungen des Lieferanten installiert<\/li>\n\n\n\n<li>Naturkatastrophen, wie z.B. Gewittersch\u00e4den <\/li>\n\n\n\n<li>Nichtbeachtung der Bedienungs- oder Wartungsanleitung<\/li>\n\n\n\n<li>bei Verwendung von Halftern in der Pferdekoppel: m\u00f6gliche Sch\u00e4den durch Halfter an Maschine und\/oder Pferden<\/li>\n<\/ul>\n<style>.wp-block-kadence-advancedheading.kt-adv-heading476_cbddc2-ab, .wp-block-kadence-advancedheading.kt-adv-heading476_cbddc2-ab[data-kb-block=\"kb-adv-heading476_cbddc2-ab\"]{font-style:normal;}.wp-block-kadence-advancedheading.kt-adv-heading476_cbddc2-ab mark.kt-highlight, .wp-block-kadence-advancedheading.kt-adv-heading476_cbddc2-ab[data-kb-block=\"kb-adv-heading476_cbddc2-ab\"] mark.kt-highlight{font-style:normal;color:#f76a0c;-webkit-box-decoration-break:clone;box-decoration-break:clone;padding-top:0px;padding-right:0px;padding-bottom:0px;padding-left:0px;}.wp-block-kadence-advancedheading.kt-adv-heading476_cbddc2-ab img.kb-inline-image, .wp-block-kadence-advancedheading.kt-adv-heading476_cbddc2-ab[data-kb-block=\"kb-adv-heading476_cbddc2-ab\"] img.kb-inline-image{width:150px;vertical-align:baseline;}<\/style>\n<h2 class=\"kt-adv-heading476_cbddc2-ab wp-block-kadence-advancedheading\" data-kb-block=\"kb-adv-heading476_cbddc2-ab\">Wartung<\/h2>\n\n<p>Die Hubseile m\u00fcssen alle 2,5\u20134\u00a0Jahre ausgetauscht werden.<br\/>W\u00e4hrend des Gebrauchs m\u00fcssen sie nur einmal j\u00e4hrlich eingestellt werden. Anweisungen hierzu finden Sie in der Bedienungs- und Wartungsanleitung. Es ist keine weitere Wartung erforderlich.  <\/p>\n<style>.wp-block-kadence-advancedheading.kt-adv-heading476_ce8ab2-e7, .wp-block-kadence-advancedheading.kt-adv-heading476_ce8ab2-e7[data-kb-block=\"kb-adv-heading476_ce8ab2-e7\"]{font-style:normal;}.wp-block-kadence-advancedheading.kt-adv-heading476_ce8ab2-e7 mark.kt-highlight, .wp-block-kadence-advancedheading.kt-adv-heading476_ce8ab2-e7[data-kb-block=\"kb-adv-heading476_ce8ab2-e7\"] mark.kt-highlight{font-style:normal;color:#f76a0c;-webkit-box-decoration-break:clone;box-decoration-break:clone;padding-top:0px;padding-right:0px;padding-bottom:0px;padding-left:0px;}.wp-block-kadence-advancedheading.kt-adv-heading476_ce8ab2-e7 img.kb-inline-image, .wp-block-kadence-advancedheading.kt-adv-heading476_ce8ab2-e7[data-kb-block=\"kb-adv-heading476_ce8ab2-e7\"] img.kb-inline-image{width:150px;vertical-align:baseline;}<\/style>\n<h2 class=\"kt-adv-heading476_ce8ab2-e7 wp-block-kadence-advancedheading\" data-kb-block=\"kb-adv-heading476_ce8ab2-e7\">Nicht im Lieferumfang enthalten sind: <\/h2>\n\n<p>Das Auspacken des Heuautomaten nach dem Transport obliegt dem Kunden. Anordnung der Stromversorgung zum Aufstellungsort (Netzkabel und Steckdose): Normalerweise mit einem Erdkabel von 3 x 2,5 mm. Die empfohlene maximale L\u00e4nge f\u00fcr das Erdkabel betr\u00e4gt 100 m.<\/p>\n\n<p>Grundlegende Daten: Ein frostsicherer Untergrund ist erforderlich. Wir empfehlen beschichteten Beton, Betonsteine oder Schlammschutzplatten. Dies erm\u00f6glicht eine einfache Entfernung von Sand und die Reinigung der Seiten des Futterspenders.<\/p>\n\n<p>Das Dach wird aus <strong> <\/strong>kundeneigenen Materialien gefertigt. Wenn der Kunde kein Dachpaket bei uns bestellt hat.<\/p>\n<style>.wp-block-kadence-advancedheading.kt-adv-heading476_eec22c-1f, .wp-block-kadence-advancedheading.kt-adv-heading476_eec22c-1f[data-kb-block=\"kb-adv-heading476_eec22c-1f\"]{font-style:normal;}.wp-block-kadence-advancedheading.kt-adv-heading476_eec22c-1f mark.kt-highlight, .wp-block-kadence-advancedheading.kt-adv-heading476_eec22c-1f[data-kb-block=\"kb-adv-heading476_eec22c-1f\"] mark.kt-highlight{font-style:normal;color:#f76a0c;-webkit-box-decoration-break:clone;box-decoration-break:clone;padding-top:0px;padding-right:0px;padding-bottom:0px;padding-left:0px;}.wp-block-kadence-advancedheading.kt-adv-heading476_eec22c-1f img.kb-inline-image, .wp-block-kadence-advancedheading.kt-adv-heading476_eec22c-1f[data-kb-block=\"kb-adv-heading476_eec22c-1f\"] img.kb-inline-image{width:150px;vertical-align:baseline;}<\/style>\n<h2 class=\"kt-adv-heading476_eec22c-1f wp-block-kadence-advancedheading\" data-kb-block=\"kb-adv-heading476_eec22c-1f\">Ersatzteile<\/h2>\n\n<p>Wir empfehlen dem Kunden, im Zusammenhang mit der Bestellung Ersatzseile zu kaufen. Preis pro Seil 25 \u20ac (MwSt. 0\u00a0%)<\/p>\n\n<p>&#8212;&#8212;&#8212;&#8211;<\/p>\n\n<p class=\"has-medium-font-size\">T\u00e4m\u00e4n verkkosivuston kehitt\u00e4miseen olemme saaneet EU:lta rahoitustukea 3.000\u20ac. Tuki on k\u00e4ytetty verkkosivuston k\u00e4\u00e4nn\u00f6st\u00f6ihin.<\/p>\n\n<p><\/p>\n","protected":false},"excerpt":{"rendered":"<p>Liefer- und Zahlungsinformationen Lieferung Nachdem der Kunde seine Bestellung best\u00e4tigt hat, erh\u00e4lt er eine Auftragsbest\u00e4tigung mit Lieferzeiten. Abholung: Der automatische Heuautomat kann zum vereinbarten Zeitpunkt in Tuusula abgeholt werden, und wir laden ihn in das Fahrzeug des Kunden. Der Kunde hat die M\u00f6glichkeit, die Maschine vor der Auslieferung im Lager zu \u00fcberpr\u00fcfen. Unser Service umfasst&#8230;<\/p>\n","protected":false},"author":2,"featured_media":0,"parent":0,"menu_order":0,"comment_status":"closed","ping_status":"closed","template":"","meta":{"_acf_changed":false,"inline_featured_image":false,"_kad_blocks_custom_css":"","_kad_blocks_head_custom_js":"","_kad_blocks_body_custom_js":"","_kad_blocks_footer_custom_js":"","_kad_post_transparent":"","_kad_post_title":"","_kad_post_layout":"","_kad_post_sidebar_id":"","_kad_post_content_style":"","_kad_post_vertical_padding":"","_kad_post_feature":"","_kad_post_feature_position":"","_kad_post_header":false,"_kad_post_footer":false,"_kad_post_classname":"","footnotes":""},"class_list":["post-1694","page","type-page","status-publish","hentry"],"acf":[],"yoast_head":"<!-- This site is optimized with the Yoast SEO plugin v27.5 - https:\/\/yoast.com\/product\/yoast-seo-wordpress\/ -->\n<title>Liefer- und Zahlungsinformationen - Horse Haytec<\/title>\n<meta name=\"robots\" content=\"index, follow, max-snippet:-1, max-image-preview:large, max-video-preview:-1\" \/>\n<link rel=\"canonical\" href=\"https:\/\/www.horsehaytec.com\/de\/liefer-und-zahlungsinformationen\/\" \/>\n<meta property=\"og:locale\" content=\"de_DE\" \/>\n<meta property=\"og:type\" content=\"article\" \/>\n<meta property=\"og:title\" content=\"Liefer- und Zahlungsinformationen - Horse Haytec\" \/>\n<meta property=\"og:description\" content=\"Liefer- und Zahlungsinformationen Lieferung Nachdem der Kunde seine Bestellung best\u00e4tigt hat, erh\u00e4lt er eine Auftragsbest\u00e4tigung mit Lieferzeiten. Abholung: Der automatische Heuautomat kann zum vereinbarten Zeitpunkt in Tuusula abgeholt werden, und wir laden ihn in das Fahrzeug des Kunden. Der Kunde hat die M\u00f6glichkeit, die Maschine vor der Auslieferung im Lager zu \u00fcberpr\u00fcfen. Unser Service umfasst...\" \/>\n<meta property=\"og:url\" content=\"https:\/\/www.horsehaytec.com\/de\/liefer-und-zahlungsinformationen\/\" \/>\n<meta property=\"og:site_name\" content=\"Horse Haytec\" \/>\n<meta property=\"article:publisher\" content=\"https:\/\/www.facebook.com\/arjenvapauttaja\" \/>\n<meta property=\"article:modified_time\" content=\"2025-01-14T14:29:59+00:00\" \/>\n<meta name=\"twitter:card\" content=\"summary_large_image\" \/>\n<meta name=\"twitter:label1\" content=\"Gesch\u00e4tzte Lesezeit\" \/>\n\t<meta name=\"twitter:data1\" content=\"3\u00a0Minuten\" \/>\n<script type=\"application\/ld+json\" class=\"yoast-schema-graph\">{\"@context\":\"https:\\\/\\\/schema.org\",\"@graph\":[{\"@type\":\"WebPage\",\"@id\":\"https:\\\/\\\/www.horsehaytec.com\\\/de\\\/liefer-und-zahlungsinformationen\\\/\",\"url\":\"https:\\\/\\\/www.horsehaytec.com\\\/de\\\/liefer-und-zahlungsinformationen\\\/\",\"name\":\"Liefer- und Zahlungsinformationen - Horse Haytec\",\"isPartOf\":{\"@id\":\"https:\\\/\\\/www.horsehaytec.com\\\/de\\\/#website\"},\"datePublished\":\"2024-01-18T15:04:04+00:00\",\"dateModified\":\"2025-01-14T14:29:59+00:00\",\"inLanguage\":\"de\",\"potentialAction\":[{\"@type\":\"ReadAction\",\"target\":[\"https:\\\/\\\/www.horsehaytec.com\\\/de\\\/liefer-und-zahlungsinformationen\\\/\"]}]},{\"@type\":\"WebSite\",\"@id\":\"https:\\\/\\\/www.horsehaytec.com\\\/de\\\/#website\",\"url\":\"https:\\\/\\\/www.horsehaytec.com\\\/de\\\/\",\"name\":\"Horse Haytec\",\"description\":\"\",\"publisher\":{\"@id\":\"https:\\\/\\\/www.horsehaytec.com\\\/de\\\/#organization\"},\"potentialAction\":[{\"@type\":\"SearchAction\",\"target\":{\"@type\":\"EntryPoint\",\"urlTemplate\":\"https:\\\/\\\/www.horsehaytec.com\\\/de\\\/?s={search_term_string}\"},\"query-input\":{\"@type\":\"PropertyValueSpecification\",\"valueRequired\":true,\"valueName\":\"search_term_string\"}}],\"inLanguage\":\"de\"},{\"@type\":\"Organization\",\"@id\":\"https:\\\/\\\/www.horsehaytec.com\\\/de\\\/#organization\",\"name\":\"Horse Haytec\",\"url\":\"https:\\\/\\\/www.horsehaytec.com\\\/de\\\/\",\"logo\":{\"@type\":\"ImageObject\",\"inLanguage\":\"de\",\"@id\":\"https:\\\/\\\/www.horsehaytec.com\\\/de\\\/#\\\/schema\\\/logo\\\/image\\\/\",\"url\":\"https:\\\/\\\/www.horsehaytec.com\\\/wp-content\\\/uploads\\\/2023\\\/12\\\/Asset-1.svg\",\"contentUrl\":\"https:\\\/\\\/www.horsehaytec.com\\\/wp-content\\\/uploads\\\/2023\\\/12\\\/Asset-1.svg\",\"caption\":\"Horse Haytec\"},\"image\":{\"@id\":\"https:\\\/\\\/www.horsehaytec.com\\\/de\\\/#\\\/schema\\\/logo\\\/image\\\/\"},\"sameAs\":[\"https:\\\/\\\/www.facebook.com\\\/arjenvapauttaja\"]}]}<\/script>\n<!-- \/ Yoast SEO plugin. -->","yoast_head_json":{"title":"Liefer- und Zahlungsinformationen - Horse Haytec","robots":{"index":"index","follow":"follow","max-snippet":"max-snippet:-1","max-image-preview":"max-image-preview:large","max-video-preview":"max-video-preview:-1"},"canonical":"https:\/\/www.horsehaytec.com\/de\/liefer-und-zahlungsinformationen\/","og_locale":"de_DE","og_type":"article","og_title":"Liefer- und Zahlungsinformationen - Horse Haytec","og_description":"Liefer- und Zahlungsinformationen Lieferung Nachdem der Kunde seine Bestellung best\u00e4tigt hat, erh\u00e4lt er eine Auftragsbest\u00e4tigung mit Lieferzeiten. Abholung: Der automatische Heuautomat kann zum vereinbarten Zeitpunkt in Tuusula abgeholt werden, und wir laden ihn in das Fahrzeug des Kunden. Der Kunde hat die M\u00f6glichkeit, die Maschine vor der Auslieferung im Lager zu \u00fcberpr\u00fcfen. Unser Service umfasst...","og_url":"https:\/\/www.horsehaytec.com\/de\/liefer-und-zahlungsinformationen\/","og_site_name":"Horse Haytec","article_publisher":"https:\/\/www.facebook.com\/arjenvapauttaja","article_modified_time":"2025-01-14T14:29:59+00:00","twitter_card":"summary_large_image","twitter_misc":{"Gesch\u00e4tzte Lesezeit":"3\u00a0Minuten"},"schema":{"@context":"https:\/\/schema.org","@graph":[{"@type":"WebPage","@id":"https:\/\/www.horsehaytec.com\/de\/liefer-und-zahlungsinformationen\/","url":"https:\/\/www.horsehaytec.com\/de\/liefer-und-zahlungsinformationen\/","name":"Liefer- und Zahlungsinformationen - Horse Haytec","isPartOf":{"@id":"https:\/\/www.horsehaytec.com\/de\/#website"},"datePublished":"2024-01-18T15:04:04+00:00","dateModified":"2025-01-14T14:29:59+00:00","inLanguage":"de","potentialAction":[{"@type":"ReadAction","target":["https:\/\/www.horsehaytec.com\/de\/liefer-und-zahlungsinformationen\/"]}]},{"@type":"WebSite","@id":"https:\/\/www.horsehaytec.com\/de\/#website","url":"https:\/\/www.horsehaytec.com\/de\/","name":"Horse Haytec","description":"","publisher":{"@id":"https:\/\/www.horsehaytec.com\/de\/#organization"},"potentialAction":[{"@type":"SearchAction","target":{"@type":"EntryPoint","urlTemplate":"https:\/\/www.horsehaytec.com\/de\/?s={search_term_string}"},"query-input":{"@type":"PropertyValueSpecification","valueRequired":true,"valueName":"search_term_string"}}],"inLanguage":"de"},{"@type":"Organization","@id":"https:\/\/www.horsehaytec.com\/de\/#organization","name":"Horse Haytec","url":"https:\/\/www.horsehaytec.com\/de\/","logo":{"@type":"ImageObject","inLanguage":"de","@id":"https:\/\/www.horsehaytec.com\/de\/#\/schema\/logo\/image\/","url":"https:\/\/www.horsehaytec.com\/wp-content\/uploads\/2023\/12\/Asset-1.svg","contentUrl":"https:\/\/www.horsehaytec.com\/wp-content\/uploads\/2023\/12\/Asset-1.svg","caption":"Horse Haytec"},"image":{"@id":"https:\/\/www.horsehaytec.com\/de\/#\/schema\/logo\/image\/"},"sameAs":["https:\/\/www.facebook.com\/arjenvapauttaja"]}]}},"taxonomy_info":[],"featured_image_src_large":false,"author_info":{"display_name":"Heidi Happonen","author_link":"https:\/\/www.horsehaytec.com\/de\/author\/heidigital\/"},"comment_info":0,"_links":{"self":[{"href":"https:\/\/www.horsehaytec.com\/de\/wp-json\/wp\/v2\/pages\/1694","targetHints":{"allow":["GET"]}}],"collection":[{"href":"https:\/\/www.horsehaytec.com\/de\/wp-json\/wp\/v2\/pages"}],"about":[{"href":"https:\/\/www.horsehaytec.com\/de\/wp-json\/wp\/v2\/types\/page"}],"author":[{"embeddable":true,"href":"https:\/\/www.horsehaytec.com\/de\/wp-json\/wp\/v2\/users\/2"}],"replies":[{"embeddable":true,"href":"https:\/\/www.horsehaytec.com\/de\/wp-json\/wp\/v2\/comments?post=1694"}],"version-history":[{"count":11,"href":"https:\/\/www.horsehaytec.com\/de\/wp-json\/wp\/v2\/pages\/1694\/revisions"}],"predecessor-version":[{"id":2928,"href":"https:\/\/www.horsehaytec.com\/de\/wp-json\/wp\/v2\/pages\/1694\/revisions\/2928"}],"wp:attachment":[{"href":"https:\/\/www.horsehaytec.com\/de\/wp-json\/wp\/v2\/media?parent=1694"}],"curies":[{"name":"wp","href":"https:\/\/api.w.org\/{rel}","templated":true}]}}