{"id":1705,"date":"2024-03-16T08:32:40","date_gmt":"2024-03-16T06:32:40","guid":{"rendered":"https:\/\/www.horsehaytec.com\/datenschutzbestimmungen\/"},"modified":"2025-05-19T11:49:07","modified_gmt":"2025-05-19T09:49:07","slug":"datenschutzbestimmungen","status":"publish","type":"page","link":"https:\/\/www.horsehaytec.com\/de\/datenschutzbestimmungen\/","title":{"rendered":"Datenschutzbestimmungen"},"content":{"rendered":"<style>.wp-block-kadence-advancedheading.kt-adv-heading1705_8b7725-88, .wp-block-kadence-advancedheading.kt-adv-heading1705_8b7725-88[data-kb-block=\"kb-adv-heading1705_8b7725-88\"]{font-style:normal;}.wp-block-kadence-advancedheading.kt-adv-heading1705_8b7725-88 mark.kt-highlight, .wp-block-kadence-advancedheading.kt-adv-heading1705_8b7725-88[data-kb-block=\"kb-adv-heading1705_8b7725-88\"] mark.kt-highlight{font-style:normal;color:#f76a0c;-webkit-box-decoration-break:clone;box-decoration-break:clone;padding-top:0px;padding-right:0px;padding-bottom:0px;padding-left:0px;}.wp-block-kadence-advancedheading.kt-adv-heading1705_8b7725-88 img.kb-inline-image, .wp-block-kadence-advancedheading.kt-adv-heading1705_8b7725-88[data-kb-block=\"kb-adv-heading1705_8b7725-88\"] img.kb-inline-image{width:150px;vertical-align:baseline;}<\/style>\n<h2 class=\"kt-adv-heading1705_8b7725-88 wp-block-kadence-advancedheading\" data-kb-block=\"kb-adv-heading1705_8b7725-88\">Datenschutzerkl\u00e4rung der Kundenliste von Horse Haytec Oy<\/h2>\n\n\n\n<p><\/p>\n\n\n\n<p class=\"has-medium-font-size\">Diese Datenschutzerkl\u00e4rung gilt auch f\u00fcr die mobile App Smartfeeding, die im Besitz von Horse Haytec Oy ist und im Google Play Store ver\u00f6ffentlicht wurde.<\/p>\n\n\n\n<p><a href=\"https:\/\/play.google.com\/store\/apps\/details?id=fi.horsehaytec.haytecmobile\">https:\/\/play.google.com\/store\/apps\/details?id=fi.horsehaytec.haytecmobile<\/a><\/p>\n\n\n\n<h3 class=\"wp-block-heading\">1. Datenverantwortlicher<\/h3>\n\n\n\n<p>Horse Haytec Oy (Firmen-ID 3086990\u20133)<br>Paratiisikuja 35, 04390&nbsp;J\u00e4niksenlinna, Tuusula, Finnland<br>Tel. 040 538 3143<\/p>\n\n\n<style>.wp-block-kadence-advancedheading.kt-adv-heading1705_93b13a-56, .wp-block-kadence-advancedheading.kt-adv-heading1705_93b13a-56[data-kb-block=\"kb-adv-heading1705_93b13a-56\"]{font-style:normal;}.wp-block-kadence-advancedheading.kt-adv-heading1705_93b13a-56 mark.kt-highlight, .wp-block-kadence-advancedheading.kt-adv-heading1705_93b13a-56[data-kb-block=\"kb-adv-heading1705_93b13a-56\"] mark.kt-highlight{font-style:normal;color:#f76a0c;-webkit-box-decoration-break:clone;box-decoration-break:clone;padding-top:0px;padding-right:0px;padding-bottom:0px;padding-left:0px;}.wp-block-kadence-advancedheading.kt-adv-heading1705_93b13a-56 img.kb-inline-image, .wp-block-kadence-advancedheading.kt-adv-heading1705_93b13a-56[data-kb-block=\"kb-adv-heading1705_93b13a-56\"] img.kb-inline-image{width:150px;vertical-align:baseline;}<\/style>\n<h3 class=\"kt-adv-heading1705_93b13a-56 wp-block-kadence-advancedheading\" data-kb-block=\"kb-adv-heading1705_93b13a-56\">2. Verantwortlicher Ansprechpartner f\u00fcr das Datenregister&nbsp;<\/h3>\n\n\n\n<p>Reino Yli-Piipari<br>Tel. 040 538 3143<br>reino.yli-piipari@horsehaytec.com<\/p>\n\n\n<style>.wp-block-kadence-advancedheading.kt-adv-heading1705_58821e-c0, .wp-block-kadence-advancedheading.kt-adv-heading1705_58821e-c0[data-kb-block=\"kb-adv-heading1705_58821e-c0\"]{font-style:normal;}.wp-block-kadence-advancedheading.kt-adv-heading1705_58821e-c0 mark.kt-highlight, .wp-block-kadence-advancedheading.kt-adv-heading1705_58821e-c0[data-kb-block=\"kb-adv-heading1705_58821e-c0\"] mark.kt-highlight{font-style:normal;color:#f76a0c;-webkit-box-decoration-break:clone;box-decoration-break:clone;padding-top:0px;padding-right:0px;padding-bottom:0px;padding-left:0px;}.wp-block-kadence-advancedheading.kt-adv-heading1705_58821e-c0 img.kb-inline-image, .wp-block-kadence-advancedheading.kt-adv-heading1705_58821e-c0[data-kb-block=\"kb-adv-heading1705_58821e-c0\"] img.kb-inline-image{width:150px;vertical-align:baseline;}<\/style>\n<h3 class=\"kt-adv-heading1705_58821e-c0 wp-block-kadence-advancedheading\" data-kb-block=\"kb-adv-heading1705_58821e-c0\">3. Name des Datenregisters<\/h3>\n\n\n\n<p>Kundenliste von Horse Haytec Oy&nbsp;<\/p>\n\n\n<style>.wp-block-kadence-advancedheading.kt-adv-heading1705_7b437d-08, .wp-block-kadence-advancedheading.kt-adv-heading1705_7b437d-08[data-kb-block=\"kb-adv-heading1705_7b437d-08\"]{font-style:normal;}.wp-block-kadence-advancedheading.kt-adv-heading1705_7b437d-08 mark.kt-highlight, .wp-block-kadence-advancedheading.kt-adv-heading1705_7b437d-08[data-kb-block=\"kb-adv-heading1705_7b437d-08\"] mark.kt-highlight{font-style:normal;color:#f76a0c;-webkit-box-decoration-break:clone;box-decoration-break:clone;padding-top:0px;padding-right:0px;padding-bottom:0px;padding-left:0px;}.wp-block-kadence-advancedheading.kt-adv-heading1705_7b437d-08 img.kb-inline-image, .wp-block-kadence-advancedheading.kt-adv-heading1705_7b437d-08[data-kb-block=\"kb-adv-heading1705_7b437d-08\"] img.kb-inline-image{width:150px;vertical-align:baseline;}<\/style>\n<h3 class=\"kt-adv-heading1705_7b437d-08 wp-block-kadence-advancedheading\" data-kb-block=\"kb-adv-heading1705_7b437d-08\">4. Rechtsgrundlage und Zweck der Verarbeitung personenbezogener Daten<\/h3>\n\n\n\n<p>Die Kundenliste von Horse Haytec Oy wird f\u00fcr Kundenkontakte, das Kundenbeziehungsmanagement und die Kommunikation verwendet. Die Daten werden nicht f\u00fcr automatisierte Entscheidungen oder Profiling verwendet.&nbsp;<\/p>\n\n\n<style>.wp-block-kadence-advancedheading.kt-adv-heading1705_bb3866-7f, .wp-block-kadence-advancedheading.kt-adv-heading1705_bb3866-7f[data-kb-block=\"kb-adv-heading1705_bb3866-7f\"]{font-style:normal;}.wp-block-kadence-advancedheading.kt-adv-heading1705_bb3866-7f mark.kt-highlight, .wp-block-kadence-advancedheading.kt-adv-heading1705_bb3866-7f[data-kb-block=\"kb-adv-heading1705_bb3866-7f\"] mark.kt-highlight{font-style:normal;color:#f76a0c;-webkit-box-decoration-break:clone;box-decoration-break:clone;padding-top:0px;padding-right:0px;padding-bottom:0px;padding-left:0px;}.wp-block-kadence-advancedheading.kt-adv-heading1705_bb3866-7f img.kb-inline-image, .wp-block-kadence-advancedheading.kt-adv-heading1705_bb3866-7f[data-kb-block=\"kb-adv-heading1705_bb3866-7f\"] img.kb-inline-image{width:150px;vertical-align:baseline;}<\/style>\n<h3 class=\"kt-adv-heading1705_bb3866-7f wp-block-kadence-advancedheading\" data-kb-block=\"kb-adv-heading1705_bb3866-7f\">5. Inhalt des Datenregisters<\/h3>\n\n\n\n<p>Die in der Kundenliste von Horse Haytec Oy gespeicherten Informationen werden von den Kunden selbst eingeholt. Dazu geh\u00f6ren beispielsweise die sich aus der Nutzung des Formulars \u201eKontaktieren Sie uns\u201c ergeben:&nbsp;<\/p>\n\n\n\n<ul class=\"wp-block-list\">\n<li>Name&nbsp;<\/li>\n\n\n\n<li>Ihre E-Mail Adresse&nbsp;<\/li>\n\n\n\n<li>Telefonnummer&nbsp;<\/li>\n\n\n\n<li>Adresse&nbsp;<\/li>\n<\/ul>\n\n\n\n<p>Weitere Angaben des Kunden:&nbsp;<\/p>\n\n\n\n<ul class=\"wp-block-list\">\n<li>Firmenname&nbsp;<\/li>\n\n\n\n<li>Firmen-ID&nbsp;<\/li>\n\n\n\n<li>Informationen \u00fcber die bestellten Produkte\/Dienstleistungen&nbsp;<\/li>\n\n\n\n<li>Rechnungsinformationen&nbsp;<\/li>\n\n\n\n<li>Informationen \u00fcber die bestellten Produkte\/Dienstleistungen und deren \u00c4nderungen&nbsp;<\/li>\n<\/ul>\n\n\n\n<p>Der Kunde ist f\u00fcr die Richtigkeit der Angaben und ggf. f\u00fcr deren Aktualisierung verantwortlich.&nbsp;<\/p>\n\n\n<style>.wp-block-kadence-advancedheading.kt-adv-heading1705_f79a16-74, .wp-block-kadence-advancedheading.kt-adv-heading1705_f79a16-74[data-kb-block=\"kb-adv-heading1705_f79a16-74\"]{font-style:normal;}.wp-block-kadence-advancedheading.kt-adv-heading1705_f79a16-74 mark.kt-highlight, .wp-block-kadence-advancedheading.kt-adv-heading1705_f79a16-74[data-kb-block=\"kb-adv-heading1705_f79a16-74\"] mark.kt-highlight{font-style:normal;color:#f76a0c;-webkit-box-decoration-break:clone;box-decoration-break:clone;padding-top:0px;padding-right:0px;padding-bottom:0px;padding-left:0px;}.wp-block-kadence-advancedheading.kt-adv-heading1705_f79a16-74 img.kb-inline-image, .wp-block-kadence-advancedheading.kt-adv-heading1705_f79a16-74[data-kb-block=\"kb-adv-heading1705_f79a16-74\"] img.kb-inline-image{width:150px;vertical-align:baseline;}<\/style>\n<h3 class=\"kt-adv-heading1705_f79a16-74 wp-block-kadence-advancedheading\" data-kb-block=\"kb-adv-heading1705_f79a16-74\">6. \u00dcbliche Datenquellen<\/h3>\n\n\n\n<p>Die in der Kundenliste von Horse Haytec Oy gespeicherten Informationen werden auf der Grundlage einer Kundenbeziehung bezogen.&nbsp;<\/p>\n\n\n<style>.wp-block-kadence-advancedheading.kt-adv-heading1705_0a1ce6-7c, .wp-block-kadence-advancedheading.kt-adv-heading1705_0a1ce6-7c[data-kb-block=\"kb-adv-heading1705_0a1ce6-7c\"]{font-style:normal;}.wp-block-kadence-advancedheading.kt-adv-heading1705_0a1ce6-7c mark.kt-highlight, .wp-block-kadence-advancedheading.kt-adv-heading1705_0a1ce6-7c[data-kb-block=\"kb-adv-heading1705_0a1ce6-7c\"] mark.kt-highlight{font-style:normal;color:#f76a0c;-webkit-box-decoration-break:clone;box-decoration-break:clone;padding-top:0px;padding-right:0px;padding-bottom:0px;padding-left:0px;}.wp-block-kadence-advancedheading.kt-adv-heading1705_0a1ce6-7c img.kb-inline-image, .wp-block-kadence-advancedheading.kt-adv-heading1705_0a1ce6-7c[data-kb-block=\"kb-adv-heading1705_0a1ce6-7c\"] img.kb-inline-image{width:150px;vertical-align:baseline;}<\/style>\n<h3 class=\"kt-adv-heading1705_0a1ce6-7c wp-block-kadence-advancedheading\" data-kb-block=\"kb-adv-heading1705_0a1ce6-7c\">7. Regelm\u00e4\u00dfige Offenlegung von Daten<\/h3>\n\n\n\n<p>Kundenregisterdaten werden nicht regelm\u00e4\u00dfig an Dritte weitergegeben. Informationen d\u00fcrfen offengelegt werden, wenn dies mit dem Kunden vereinbart wurde.&nbsp;<\/p>\n\n\n\n<p>Horse Haytec Oy verwendet auf seiner Website Cookies und den Besucher-Tracking-Service von Google Analytics. Horse Haytec Oy \u00fcbertr\u00e4gt oder unterst\u00fctzt Dritte nicht bei der \u00dcbermittlung oder gestattet Dritten nicht, Informationen an Google zu \u00fcbermitteln, die Google als personenbezogene Identifizierungsangaben verwenden k\u00f6nnte oder die Google als solche Angaben auslegen k\u00f6nnte. Informationen zur Datenerhebung und -verarbeitung durch Google Analytics finden Sie unter <a href=\"https:\/\/policies.google.com\/technologies\/partner-sites?hl=fi\" target=\"_blank\" rel=\"noreferrer noopener\">https:\/\/policies.google.com\/technologies\/partner-sites?hl=de<\/a><\/p>\n\n\n<style>.wp-block-kadence-advancedheading.kt-adv-heading1705_da5558-ee, .wp-block-kadence-advancedheading.kt-adv-heading1705_da5558-ee[data-kb-block=\"kb-adv-heading1705_da5558-ee\"]{font-style:normal;}.wp-block-kadence-advancedheading.kt-adv-heading1705_da5558-ee mark.kt-highlight, .wp-block-kadence-advancedheading.kt-adv-heading1705_da5558-ee[data-kb-block=\"kb-adv-heading1705_da5558-ee\"] mark.kt-highlight{font-style:normal;color:#f76a0c;-webkit-box-decoration-break:clone;box-decoration-break:clone;padding-top:0px;padding-right:0px;padding-bottom:0px;padding-left:0px;}.wp-block-kadence-advancedheading.kt-adv-heading1705_da5558-ee img.kb-inline-image, .wp-block-kadence-advancedheading.kt-adv-heading1705_da5558-ee[data-kb-block=\"kb-adv-heading1705_da5558-ee\"] img.kb-inline-image{width:150px;vertical-align:baseline;}<\/style>\n<h3 class=\"kt-adv-heading1705_da5558-ee wp-block-kadence-advancedheading\" data-kb-block=\"kb-adv-heading1705_da5558-ee\">8. Grunds\u00e4tze des Registerschutzes&nbsp;<\/h3>\n\n\n\n<p>Bei der Verarbeitung der in der Kundenliste von Horse Haytec Oy gespeicherten Daten wird Sorgfalt angewandt und die mittels Informationssystem verarbeiteten Daten werden angemessen gesch\u00fctzt. Bei der Speicherung von Registerdaten auf Internetservern wird auf die physische Ger\u00e4tesicherheit und die digitale Datensicherheit geachtet. Horse Haytec Oy stellt sicher, dass gespeicherte Daten, Zugriffsrechte auf Server und sicherheitskritische Daten der personenbezogenen Daten vertraulich und nur von Mitarbeitern verarbeitet werden, deren Stellenbeschreibung eine solche Verarbeitung beinhaltet. Wir speichern personenbezogene Daten in unserer Kundenliste nur f\u00fcr die Zeit, die f\u00fcr die Verarbeitung und Verwaltung der Kundenbeziehung erforderlich ist. Unn\u00f6tige oder abgelaufene Daten werden entsprechend vernichtet.&nbsp;<\/p>\n\n\n<style>.wp-block-kadence-advancedheading.kt-adv-heading1705_62ae91-39, .wp-block-kadence-advancedheading.kt-adv-heading1705_62ae91-39[data-kb-block=\"kb-adv-heading1705_62ae91-39\"]{font-style:normal;}.wp-block-kadence-advancedheading.kt-adv-heading1705_62ae91-39 mark.kt-highlight, .wp-block-kadence-advancedheading.kt-adv-heading1705_62ae91-39[data-kb-block=\"kb-adv-heading1705_62ae91-39\"] mark.kt-highlight{font-style:normal;color:#f76a0c;-webkit-box-decoration-break:clone;box-decoration-break:clone;padding-top:0px;padding-right:0px;padding-bottom:0px;padding-left:0px;}.wp-block-kadence-advancedheading.kt-adv-heading1705_62ae91-39 img.kb-inline-image, .wp-block-kadence-advancedheading.kt-adv-heading1705_62ae91-39[data-kb-block=\"kb-adv-heading1705_62ae91-39\"] img.kb-inline-image{width:150px;vertical-align:baseline;}<\/style>\n<h3 class=\"kt-adv-heading1705_62ae91-39 wp-block-kadence-advancedheading\" data-kb-block=\"kb-adv-heading1705_62ae91-39\">9. Recht auf Auskunft und Recht auf Berichtigung der Daten<\/h3>\n\n\n\n<p>Jede Person in der Kundenliste von Horse Haytec Oy hat das Recht, die sie betreffenden personenbezogenen Daten einzusehen und die Berichtigung fehlerhafter personenbezogener Daten oder die Vervollst\u00e4ndigung unvollst\u00e4ndiger personenbezogener Daten zu verlangen. Jede Person in der Kundendatei hat das Recht, die L\u00f6schung der sie betreffenden personenbezogenen Daten zu verlangen (&#8222;Recht auf Vergessenwerden&#8220;). Wenn Sie Ihre in unserer Kundenliste gespeicherten Daten einsehen, l\u00f6schen oder berichtigen lassen m\u00f6chten, senden Sie bitte eine schriftliche Anfrage an Horse Haytec Oy. Sie k\u00f6nnen sich auch an den Verantwortlichen unserer Kundenliste wenden, und wir k\u00f6nnen einen Termin vereinbaren, um die Angelegenheiten im Zusammenhang mit der Pr\u00fcfungsanfrage zu besprechen.&nbsp;<\/p>\n\n\n\n<p>Bei Bedarf kann der Verantwortliche den Antragsteller auffordern, seine Identit\u00e4t nachzuweisen. Der Verantwortliche antwortet dem Kunden innerhalb der in der EU-Datenschutz-Grundverordnung festgelegten Frist (in der Regel innerhalb eines Monats).&nbsp;<\/p>\n","protected":false},"excerpt":{"rendered":"<p>Datenschutzerkl\u00e4rung der Kundenliste von Horse Haytec Oy Diese Datenschutzerkl\u00e4rung gilt auch f\u00fcr die mobile App Smartfeeding, die im Besitz von Horse Haytec Oy ist und im Google Play Store ver\u00f6ffentlicht wurde. https:\/\/play.google.com\/store\/apps\/details?id=fi.horsehaytec.haytecmobile 1. Datenverantwortlicher Horse Haytec Oy (Firmen-ID 3086990\u20133)Paratiisikuja 35, 04390&nbsp;J\u00e4niksenlinna, Tuusula, FinnlandTel. 040 538 3143 2. Verantwortlicher Ansprechpartner f\u00fcr das Datenregister&nbsp; Reino Yli-PiipariTel. 040&#8230;<\/p>\n","protected":false},"author":2,"featured_media":0,"parent":0,"menu_order":0,"comment_status":"closed","ping_status":"closed","template":"","meta":{"_acf_changed":false,"inline_featured_image":false,"_kad_blocks_custom_css":"","_kad_blocks_head_custom_js":"","_kad_blocks_body_custom_js":"","_kad_blocks_footer_custom_js":"","_kad_post_transparent":"","_kad_post_title":"","_kad_post_layout":"","_kad_post_sidebar_id":"","_kad_post_content_style":"","_kad_post_vertical_padding":"","_kad_post_feature":"","_kad_post_feature_position":"","_kad_post_header":false,"_kad_post_footer":false,"_kad_post_classname":"","footnotes":""},"class_list":["post-1705","page","type-page","status-publish","hentry"],"acf":[],"yoast_head":"<!-- This site is optimized with the Yoast SEO plugin v27.4 - https:\/\/yoast.com\/product\/yoast-seo-wordpress\/ -->\n<title>Datenschutzbestimmungen - Horse Haytec<\/title>\n<meta name=\"robots\" content=\"index, follow, max-snippet:-1, max-image-preview:large, max-video-preview:-1\" \/>\n<link rel=\"canonical\" href=\"https:\/\/www.horsehaytec.com\/de\/datenschutzbestimmungen\/\" \/>\n<meta property=\"og:locale\" content=\"de_DE\" \/>\n<meta property=\"og:type\" content=\"article\" \/>\n<meta property=\"og:title\" content=\"Datenschutzbestimmungen - Horse Haytec\" \/>\n<meta property=\"og:description\" content=\"Datenschutzerkl\u00e4rung der Kundenliste von Horse Haytec Oy Diese Datenschutzerkl\u00e4rung gilt auch f\u00fcr die mobile App Smartfeeding, die im Besitz von Horse Haytec Oy ist und im Google Play Store ver\u00f6ffentlicht wurde. https:\/\/play.google.com\/store\/apps\/details?id=fi.horsehaytec.haytecmobile 1. Datenverantwortlicher Horse Haytec Oy (Firmen-ID 3086990\u20133)Paratiisikuja 35, 04390&nbsp;J\u00e4niksenlinna, Tuusula, FinnlandTel. 040 538 3143 2. Verantwortlicher Ansprechpartner f\u00fcr das Datenregister&nbsp; Reino Yli-PiipariTel. 040...\" \/>\n<meta property=\"og:url\" content=\"https:\/\/www.horsehaytec.com\/de\/datenschutzbestimmungen\/\" \/>\n<meta property=\"og:site_name\" content=\"Horse Haytec\" \/>\n<meta property=\"article:publisher\" content=\"https:\/\/www.facebook.com\/arjenvapauttaja\" \/>\n<meta property=\"article:modified_time\" content=\"2025-05-19T09:49:07+00:00\" \/>\n<meta name=\"twitter:card\" content=\"summary_large_image\" \/>\n<meta name=\"twitter:label1\" content=\"Gesch\u00e4tzte Lesezeit\" \/>\n\t<meta name=\"twitter:data1\" content=\"4\u00a0Minuten\" \/>\n<script type=\"application\/ld+json\" class=\"yoast-schema-graph\">{\"@context\":\"https:\\\/\\\/schema.org\",\"@graph\":[{\"@type\":\"WebPage\",\"@id\":\"https:\\\/\\\/www.horsehaytec.com\\\/de\\\/datenschutzbestimmungen\\\/\",\"url\":\"https:\\\/\\\/www.horsehaytec.com\\\/de\\\/datenschutzbestimmungen\\\/\",\"name\":\"Datenschutzbestimmungen - Horse Haytec\",\"isPartOf\":{\"@id\":\"https:\\\/\\\/www.horsehaytec.com\\\/de\\\/#website\"},\"datePublished\":\"2024-03-16T06:32:40+00:00\",\"dateModified\":\"2025-05-19T09:49:07+00:00\",\"inLanguage\":\"de\",\"potentialAction\":[{\"@type\":\"ReadAction\",\"target\":[\"https:\\\/\\\/www.horsehaytec.com\\\/de\\\/datenschutzbestimmungen\\\/\"]}]},{\"@type\":\"WebSite\",\"@id\":\"https:\\\/\\\/www.horsehaytec.com\\\/de\\\/#website\",\"url\":\"https:\\\/\\\/www.horsehaytec.com\\\/de\\\/\",\"name\":\"Horse Haytec\",\"description\":\"\",\"publisher\":{\"@id\":\"https:\\\/\\\/www.horsehaytec.com\\\/de\\\/#organization\"},\"potentialAction\":[{\"@type\":\"SearchAction\",\"target\":{\"@type\":\"EntryPoint\",\"urlTemplate\":\"https:\\\/\\\/www.horsehaytec.com\\\/de\\\/?s={search_term_string}\"},\"query-input\":{\"@type\":\"PropertyValueSpecification\",\"valueRequired\":true,\"valueName\":\"search_term_string\"}}],\"inLanguage\":\"de\"},{\"@type\":\"Organization\",\"@id\":\"https:\\\/\\\/www.horsehaytec.com\\\/de\\\/#organization\",\"name\":\"Horse Haytec\",\"url\":\"https:\\\/\\\/www.horsehaytec.com\\\/de\\\/\",\"logo\":{\"@type\":\"ImageObject\",\"inLanguage\":\"de\",\"@id\":\"https:\\\/\\\/www.horsehaytec.com\\\/de\\\/#\\\/schema\\\/logo\\\/image\\\/\",\"url\":\"https:\\\/\\\/www.horsehaytec.com\\\/wp-content\\\/uploads\\\/2023\\\/12\\\/Asset-1.svg\",\"contentUrl\":\"https:\\\/\\\/www.horsehaytec.com\\\/wp-content\\\/uploads\\\/2023\\\/12\\\/Asset-1.svg\",\"caption\":\"Horse Haytec\"},\"image\":{\"@id\":\"https:\\\/\\\/www.horsehaytec.com\\\/de\\\/#\\\/schema\\\/logo\\\/image\\\/\"},\"sameAs\":[\"https:\\\/\\\/www.facebook.com\\\/arjenvapauttaja\"]}]}<\/script>\n<!-- \/ Yoast SEO plugin. -->","yoast_head_json":{"title":"Datenschutzbestimmungen - Horse Haytec","robots":{"index":"index","follow":"follow","max-snippet":"max-snippet:-1","max-image-preview":"max-image-preview:large","max-video-preview":"max-video-preview:-1"},"canonical":"https:\/\/www.horsehaytec.com\/de\/datenschutzbestimmungen\/","og_locale":"de_DE","og_type":"article","og_title":"Datenschutzbestimmungen - Horse Haytec","og_description":"Datenschutzerkl\u00e4rung der Kundenliste von Horse Haytec Oy Diese Datenschutzerkl\u00e4rung gilt auch f\u00fcr die mobile App Smartfeeding, die im Besitz von Horse Haytec Oy ist und im Google Play Store ver\u00f6ffentlicht wurde. https:\/\/play.google.com\/store\/apps\/details?id=fi.horsehaytec.haytecmobile 1. Datenverantwortlicher Horse Haytec Oy (Firmen-ID 3086990\u20133)Paratiisikuja 35, 04390&nbsp;J\u00e4niksenlinna, Tuusula, FinnlandTel. 040 538 3143 2. Verantwortlicher Ansprechpartner f\u00fcr das Datenregister&nbsp; Reino Yli-PiipariTel. 040...","og_url":"https:\/\/www.horsehaytec.com\/de\/datenschutzbestimmungen\/","og_site_name":"Horse Haytec","article_publisher":"https:\/\/www.facebook.com\/arjenvapauttaja","article_modified_time":"2025-05-19T09:49:07+00:00","twitter_card":"summary_large_image","twitter_misc":{"Gesch\u00e4tzte Lesezeit":"4\u00a0Minuten"},"schema":{"@context":"https:\/\/schema.org","@graph":[{"@type":"WebPage","@id":"https:\/\/www.horsehaytec.com\/de\/datenschutzbestimmungen\/","url":"https:\/\/www.horsehaytec.com\/de\/datenschutzbestimmungen\/","name":"Datenschutzbestimmungen - Horse Haytec","isPartOf":{"@id":"https:\/\/www.horsehaytec.com\/de\/#website"},"datePublished":"2024-03-16T06:32:40+00:00","dateModified":"2025-05-19T09:49:07+00:00","inLanguage":"de","potentialAction":[{"@type":"ReadAction","target":["https:\/\/www.horsehaytec.com\/de\/datenschutzbestimmungen\/"]}]},{"@type":"WebSite","@id":"https:\/\/www.horsehaytec.com\/de\/#website","url":"https:\/\/www.horsehaytec.com\/de\/","name":"Horse Haytec","description":"","publisher":{"@id":"https:\/\/www.horsehaytec.com\/de\/#organization"},"potentialAction":[{"@type":"SearchAction","target":{"@type":"EntryPoint","urlTemplate":"https:\/\/www.horsehaytec.com\/de\/?s={search_term_string}"},"query-input":{"@type":"PropertyValueSpecification","valueRequired":true,"valueName":"search_term_string"}}],"inLanguage":"de"},{"@type":"Organization","@id":"https:\/\/www.horsehaytec.com\/de\/#organization","name":"Horse Haytec","url":"https:\/\/www.horsehaytec.com\/de\/","logo":{"@type":"ImageObject","inLanguage":"de","@id":"https:\/\/www.horsehaytec.com\/de\/#\/schema\/logo\/image\/","url":"https:\/\/www.horsehaytec.com\/wp-content\/uploads\/2023\/12\/Asset-1.svg","contentUrl":"https:\/\/www.horsehaytec.com\/wp-content\/uploads\/2023\/12\/Asset-1.svg","caption":"Horse Haytec"},"image":{"@id":"https:\/\/www.horsehaytec.com\/de\/#\/schema\/logo\/image\/"},"sameAs":["https:\/\/www.facebook.com\/arjenvapauttaja"]}]}},"taxonomy_info":[],"featured_image_src_large":false,"author_info":{"display_name":"Heidi Happonen","author_link":"https:\/\/www.horsehaytec.com\/de\/author\/heidigital\/"},"comment_info":0,"_links":{"self":[{"href":"https:\/\/www.horsehaytec.com\/de\/wp-json\/wp\/v2\/pages\/1705","targetHints":{"allow":["GET"]}}],"collection":[{"href":"https:\/\/www.horsehaytec.com\/de\/wp-json\/wp\/v2\/pages"}],"about":[{"href":"https:\/\/www.horsehaytec.com\/de\/wp-json\/wp\/v2\/types\/page"}],"author":[{"embeddable":true,"href":"https:\/\/www.horsehaytec.com\/de\/wp-json\/wp\/v2\/users\/2"}],"replies":[{"embeddable":true,"href":"https:\/\/www.horsehaytec.com\/de\/wp-json\/wp\/v2\/comments?post=1705"}],"version-history":[{"count":11,"href":"https:\/\/www.horsehaytec.com\/de\/wp-json\/wp\/v2\/pages\/1705\/revisions"}],"predecessor-version":[{"id":3177,"href":"https:\/\/www.horsehaytec.com\/de\/wp-json\/wp\/v2\/pages\/1705\/revisions\/3177"}],"wp:attachment":[{"href":"https:\/\/www.horsehaytec.com\/de\/wp-json\/wp\/v2\/media?parent=1705"}],"curies":[{"name":"wp","href":"https:\/\/api.w.org\/{rel}","templated":true}]}}