{"id":1645,"date":"2024-03-16T08:32:40","date_gmt":"2024-03-16T06:32:40","guid":{"rendered":"https:\/\/www.horsehaytec.com\/personvernerklaering\/"},"modified":"2025-05-19T11:49:58","modified_gmt":"2025-05-19T09:49:58","slug":"personvernerklaering","status":"publish","type":"page","link":"https:\/\/www.horsehaytec.com\/no\/personvernerklaering\/","title":{"rendered":"Personvernerkl\u00e6ring"},"content":{"rendered":"<style>.wp-block-kadence-advancedheading.kt-adv-heading1645_e7ff58-f5, .wp-block-kadence-advancedheading.kt-adv-heading1645_e7ff58-f5[data-kb-block=\"kb-adv-heading1645_e7ff58-f5\"]{font-style:normal;}.wp-block-kadence-advancedheading.kt-adv-heading1645_e7ff58-f5 mark.kt-highlight, .wp-block-kadence-advancedheading.kt-adv-heading1645_e7ff58-f5[data-kb-block=\"kb-adv-heading1645_e7ff58-f5\"] mark.kt-highlight{font-style:normal;color:#f76a0c;-webkit-box-decoration-break:clone;box-decoration-break:clone;padding-top:0px;padding-right:0px;padding-bottom:0px;padding-left:0px;}.wp-block-kadence-advancedheading.kt-adv-heading1645_e7ff58-f5 img.kb-inline-image, .wp-block-kadence-advancedheading.kt-adv-heading1645_e7ff58-f5[data-kb-block=\"kb-adv-heading1645_e7ff58-f5\"] img.kb-inline-image{width:150px;vertical-align:baseline;}<\/style>\n<h2 class=\"kt-adv-heading1645_e7ff58-f5 wp-block-kadence-advancedheading\" data-kb-block=\"kb-adv-heading1645_e7ff58-f5\">Personvernerkl\u00e6ring for Horse Haytec Oy&#8217;s kunderegister<\/h2>\n\n\n\n<p><\/p>\n\n\n\n<p class=\"has-medium-font-size\">Denne personvernerkl\u00e6ringen gjelder ogs\u00e5 for mobilappen Smartfeeding, som eies av Horse Haytec Oy og er publisert i Google Play-butikken.<\/p>\n\n\n\n<p><a href=\"https:\/\/play.google.com\/store\/apps\/details?id=fi.horsehaytec.haytecmobile\">https:\/\/play.google.com\/store\/apps\/details?id=fi.horsehaytec.haytecmobile<\/a><\/p>\n\n\n\n<h3 class=\"wp-block-heading\">1. Dataansvarlig<\/h3>\n\n\n\n<p>Horse Haytec Oy (organisasjonsnummer 3086990-3)<br>Paratiisikuja 35, 04390 J\u00e4niksenlinna, Tuusula, Finland<br>tlf. 040 538 3143<\/p>\n\n\n<style>.wp-block-kadence-advancedheading.kt-adv-heading1645_fee470-bb, .wp-block-kadence-advancedheading.kt-adv-heading1645_fee470-bb[data-kb-block=\"kb-adv-heading1645_fee470-bb\"]{font-style:normal;}.wp-block-kadence-advancedheading.kt-adv-heading1645_fee470-bb mark.kt-highlight, .wp-block-kadence-advancedheading.kt-adv-heading1645_fee470-bb[data-kb-block=\"kb-adv-heading1645_fee470-bb\"] mark.kt-highlight{font-style:normal;color:#f76a0c;-webkit-box-decoration-break:clone;box-decoration-break:clone;padding-top:0px;padding-right:0px;padding-bottom:0px;padding-left:0px;}.wp-block-kadence-advancedheading.kt-adv-heading1645_fee470-bb img.kb-inline-image, .wp-block-kadence-advancedheading.kt-adv-heading1645_fee470-bb[data-kb-block=\"kb-adv-heading1645_fee470-bb\"] img.kb-inline-image{width:150px;vertical-align:baseline;}<\/style>\n<h3 class=\"kt-adv-heading1645_fee470-bb wp-block-kadence-advancedheading\" data-kb-block=\"kb-adv-heading1645_fee470-bb\">2. Personvernombud&nbsp;<\/h3>\n\n\n\n<p>Reino Yli-Piipari<br>tlf. 040 538 3143<br>reino.yli-piipari@horsehaytec.com<\/p>\n\n\n<style>.wp-block-kadence-advancedheading.kt-adv-heading1645_6229d3-cb, .wp-block-kadence-advancedheading.kt-adv-heading1645_6229d3-cb[data-kb-block=\"kb-adv-heading1645_6229d3-cb\"]{font-style:normal;}.wp-block-kadence-advancedheading.kt-adv-heading1645_6229d3-cb mark.kt-highlight, .wp-block-kadence-advancedheading.kt-adv-heading1645_6229d3-cb[data-kb-block=\"kb-adv-heading1645_6229d3-cb\"] mark.kt-highlight{font-style:normal;color:#f76a0c;-webkit-box-decoration-break:clone;box-decoration-break:clone;padding-top:0px;padding-right:0px;padding-bottom:0px;padding-left:0px;}.wp-block-kadence-advancedheading.kt-adv-heading1645_6229d3-cb img.kb-inline-image, .wp-block-kadence-advancedheading.kt-adv-heading1645_6229d3-cb[data-kb-block=\"kb-adv-heading1645_6229d3-cb\"] img.kb-inline-image{width:150px;vertical-align:baseline;}<\/style>\n<h3 class=\"kt-adv-heading1645_6229d3-cb wp-block-kadence-advancedheading\" data-kb-block=\"kb-adv-heading1645_6229d3-cb\">3. Dataregisternavn<\/h3>\n\n\n\n<p>Horse Haytec Oys kunderegister&nbsp;<\/p>\n\n\n<style>.wp-block-kadence-advancedheading.kt-adv-heading1645_b13a85-12, .wp-block-kadence-advancedheading.kt-adv-heading1645_b13a85-12[data-kb-block=\"kb-adv-heading1645_b13a85-12\"]{font-style:normal;}.wp-block-kadence-advancedheading.kt-adv-heading1645_b13a85-12 mark.kt-highlight, .wp-block-kadence-advancedheading.kt-adv-heading1645_b13a85-12[data-kb-block=\"kb-adv-heading1645_b13a85-12\"] mark.kt-highlight{font-style:normal;color:#f76a0c;-webkit-box-decoration-break:clone;box-decoration-break:clone;padding-top:0px;padding-right:0px;padding-bottom:0px;padding-left:0px;}.wp-block-kadence-advancedheading.kt-adv-heading1645_b13a85-12 img.kb-inline-image, .wp-block-kadence-advancedheading.kt-adv-heading1645_b13a85-12[data-kb-block=\"kb-adv-heading1645_b13a85-12\"] img.kb-inline-image{width:150px;vertical-align:baseline;}<\/style>\n<h3 class=\"kt-adv-heading1645_b13a85-12 wp-block-kadence-advancedheading\" data-kb-block=\"kb-adv-heading1645_b13a85-12\">4. Rettslig grunnlag og form\u00e5l med behandling av personopplysninger<\/h3>\n\n\n\n<p>Horse Haytec Oy&#8217;s kunderegister brukes til kontakt med kunder, kundeforholdsstyring og kommunikasjon. Opplysningene brukes ikke til automatisert beslutningstaking eller profilering.&nbsp;<\/p>\n\n\n<style>.wp-block-kadence-advancedheading.kt-adv-heading1645_dc719c-3b, .wp-block-kadence-advancedheading.kt-adv-heading1645_dc719c-3b[data-kb-block=\"kb-adv-heading1645_dc719c-3b\"]{font-style:normal;}.wp-block-kadence-advancedheading.kt-adv-heading1645_dc719c-3b mark.kt-highlight, .wp-block-kadence-advancedheading.kt-adv-heading1645_dc719c-3b[data-kb-block=\"kb-adv-heading1645_dc719c-3b\"] mark.kt-highlight{font-style:normal;color:#f76a0c;-webkit-box-decoration-break:clone;box-decoration-break:clone;padding-top:0px;padding-right:0px;padding-bottom:0px;padding-left:0px;}.wp-block-kadence-advancedheading.kt-adv-heading1645_dc719c-3b img.kb-inline-image, .wp-block-kadence-advancedheading.kt-adv-heading1645_dc719c-3b[data-kb-block=\"kb-adv-heading1645_dc719c-3b\"] img.kb-inline-image{width:150px;vertical-align:baseline;}<\/style>\n<h3 class=\"kt-adv-heading1645_dc719c-3b wp-block-kadence-advancedheading\" data-kb-block=\"kb-adv-heading1645_dc719c-3b\">5. Innhold i dataregisteret<\/h3>\n\n\n\n<p>Opplysningene som er lagret i Horse Haytec Oy&#8217;s kunderegister innhentes fra kundene. Det inkluderer for eksempel informasjonen som innhentes n\u00e5r noen benytter skjemaet \u00abKontakt oss\u00bb:&nbsp;<\/p>\n\n\n\n<ul class=\"wp-block-list\">\n<li>Navn&nbsp;<\/li>\n\n\n\n<li>E-postadresse&nbsp;<\/li>\n\n\n\n<li>Telefonnummer&nbsp;<\/li>\n\n\n\n<li>Adresse&nbsp;<\/li>\n<\/ul>\n\n\n\n<p>Annen informasjon oppgitt av kunden:&nbsp;<\/p>\n\n\n\n<ul class=\"wp-block-list\">\n<li>Selskapets navn&nbsp;<\/li>\n\n\n\n<li>Organisasjonsnummer&nbsp;<\/li>\n\n\n\n<li>Informasjon om bestilte produkter\/tjenester&nbsp;<\/li>\n\n\n\n<li>Fakturaopplysninger&nbsp;<\/li>\n\n\n\n<li>Informasjon om bestilte produkter\/tjenester og endringer som er gjort i forhold til disse&nbsp;<\/li>\n<\/ul>\n\n\n\n<p>Kunden er ansvarlig for riktigheten av opplysningene og for \u00e5 oppdatere opplysningene ved behov.&nbsp;<\/p>\n\n\n<style>.wp-block-kadence-advancedheading.kt-adv-heading1645_581995-52, .wp-block-kadence-advancedheading.kt-adv-heading1645_581995-52[data-kb-block=\"kb-adv-heading1645_581995-52\"]{font-style:normal;}.wp-block-kadence-advancedheading.kt-adv-heading1645_581995-52 mark.kt-highlight, .wp-block-kadence-advancedheading.kt-adv-heading1645_581995-52[data-kb-block=\"kb-adv-heading1645_581995-52\"] mark.kt-highlight{font-style:normal;color:#f76a0c;-webkit-box-decoration-break:clone;box-decoration-break:clone;padding-top:0px;padding-right:0px;padding-bottom:0px;padding-left:0px;}.wp-block-kadence-advancedheading.kt-adv-heading1645_581995-52 img.kb-inline-image, .wp-block-kadence-advancedheading.kt-adv-heading1645_581995-52[data-kb-block=\"kb-adv-heading1645_581995-52\"] img.kb-inline-image{width:150px;vertical-align:baseline;}<\/style>\n<h3 class=\"kt-adv-heading1645_581995-52 wp-block-kadence-advancedheading\" data-kb-block=\"kb-adv-heading1645_581995-52\">6. Vanlige datakilder<\/h3>\n\n\n\n<p>Opplysningene som er lagret i Horse Haytec Oy&#8217;s kunderegister innhentes i forbindelse med et kundeforhold.&nbsp;<\/p>\n\n\n<style>.wp-block-kadence-advancedheading.kt-adv-heading1645_aa548d-75, .wp-block-kadence-advancedheading.kt-adv-heading1645_aa548d-75[data-kb-block=\"kb-adv-heading1645_aa548d-75\"]{font-style:normal;}.wp-block-kadence-advancedheading.kt-adv-heading1645_aa548d-75 mark.kt-highlight, .wp-block-kadence-advancedheading.kt-adv-heading1645_aa548d-75[data-kb-block=\"kb-adv-heading1645_aa548d-75\"] mark.kt-highlight{font-style:normal;color:#f76a0c;-webkit-box-decoration-break:clone;box-decoration-break:clone;padding-top:0px;padding-right:0px;padding-bottom:0px;padding-left:0px;}.wp-block-kadence-advancedheading.kt-adv-heading1645_aa548d-75 img.kb-inline-image, .wp-block-kadence-advancedheading.kt-adv-heading1645_aa548d-75[data-kb-block=\"kb-adv-heading1645_aa548d-75\"] img.kb-inline-image{width:150px;vertical-align:baseline;}<\/style>\n<h3 class=\"kt-adv-heading1645_aa548d-75 wp-block-kadence-advancedheading\" data-kb-block=\"kb-adv-heading1645_aa548d-75\">7. Regelmessig utlevering av opplysninger<\/h3>\n\n\n\n<p>Kunderegisteropplysninger utleveres ikke regelmessig til tredjepart. Opplysninger kan utleveres dersom dette er avtalt med kunden.&nbsp;<\/p>\n\n\n\n<p>Horse Haytec Oy bruker informasjonskapsler og Google Analytics bes\u00f8kssporingstjeneste p\u00e5 sitt nettsted. Horse Haytec Oy verken overf\u00f8rer eller bist\u00e5r tredjeparter med \u00e5 overf\u00f8re eller tillater tredjeparter \u00e5 overf\u00f8re slik informasjon til Google som Google kan bruke som personlig identifiseringsinformasjon eller som Google kan tolke som slik informasjon. For informasjon om innsamling og behandling av opplysninger av Google Analytics, se <a href=\"https:\/\/policies.google.com\/technologies\/partner-sites?hl=fi\" target=\"_blank\" rel=\"noreferrer noopener\">https:\/\/policies.google.com\/technologies\/partner-sites?hl=no<\/a><\/p>\n\n\n<style>.wp-block-kadence-advancedheading.kt-adv-heading1645_ba2fdf-10, .wp-block-kadence-advancedheading.kt-adv-heading1645_ba2fdf-10[data-kb-block=\"kb-adv-heading1645_ba2fdf-10\"]{font-style:normal;}.wp-block-kadence-advancedheading.kt-adv-heading1645_ba2fdf-10 mark.kt-highlight, .wp-block-kadence-advancedheading.kt-adv-heading1645_ba2fdf-10[data-kb-block=\"kb-adv-heading1645_ba2fdf-10\"] mark.kt-highlight{font-style:normal;color:#f76a0c;-webkit-box-decoration-break:clone;box-decoration-break:clone;padding-top:0px;padding-right:0px;padding-bottom:0px;padding-left:0px;}.wp-block-kadence-advancedheading.kt-adv-heading1645_ba2fdf-10 img.kb-inline-image, .wp-block-kadence-advancedheading.kt-adv-heading1645_ba2fdf-10[data-kb-block=\"kb-adv-heading1645_ba2fdf-10\"] img.kb-inline-image{width:150px;vertical-align:baseline;}<\/style>\n<h3 class=\"kt-adv-heading1645_ba2fdf-10 wp-block-kadence-advancedheading\" data-kb-block=\"kb-adv-heading1645_ba2fdf-10\">8. Prinsipper for vern av register&nbsp;<\/h3>\n\n\n\n<p>Det utvises aktsomhet ved behandling av opplysninger lagret i Horse Haytec Oy&#8217;s kunderegister, og opplysninger behandlet ved hjelp av informasjonssystem er beskyttet p\u00e5 en hensiktsmessig m\u00e5te. N\u00e5r registeropplysninger lagres p\u00e5 Internett-servere, ivaretas hensiktsmessig sikkerhet for fysisk utstyr og digitale data. Horse Haytec Oy sikrer at lagrede opplysninger, tilgangsrettigheter til servere og sikkerhetskritiske detaljer om personopplysningene behandles konfidensielt og kun av ansatte hvis stillingsbeskrivelse inkluderer slik behandling. Vi lagrer personopplysninger i kunderegisteret v\u00e5rt bare s\u00e5 lenge det er n\u00f8dvendig for behandling og administrasjon av kundeforholdet. Un\u00f8dvendige eller utl\u00f8pte opplysninger blir destruert etter behov.&nbsp;<\/p>\n\n\n<style>.wp-block-kadence-advancedheading.kt-adv-heading1645_c3d5c4-0a, .wp-block-kadence-advancedheading.kt-adv-heading1645_c3d5c4-0a[data-kb-block=\"kb-adv-heading1645_c3d5c4-0a\"]{font-style:normal;}.wp-block-kadence-advancedheading.kt-adv-heading1645_c3d5c4-0a mark.kt-highlight, .wp-block-kadence-advancedheading.kt-adv-heading1645_c3d5c4-0a[data-kb-block=\"kb-adv-heading1645_c3d5c4-0a\"] mark.kt-highlight{font-style:normal;color:#f76a0c;-webkit-box-decoration-break:clone;box-decoration-break:clone;padding-top:0px;padding-right:0px;padding-bottom:0px;padding-left:0px;}.wp-block-kadence-advancedheading.kt-adv-heading1645_c3d5c4-0a img.kb-inline-image, .wp-block-kadence-advancedheading.kt-adv-heading1645_c3d5c4-0a[data-kb-block=\"kb-adv-heading1645_c3d5c4-0a\"] img.kb-inline-image{width:150px;vertical-align:baseline;}<\/style>\n<h3 class=\"kt-adv-heading1645_c3d5c4-0a wp-block-kadence-advancedheading\" data-kb-block=\"kb-adv-heading1645_c3d5c4-0a\">9. Rett til innsyn og rett til \u00e5 kreve korrigering av opplysninger<\/h3>\n\n\n\n<p>Enhver person i Horse Haytec Oy&#8217;s kunderegister har rett til \u00e5 f\u00e5 innsyn i personopplysningene som er lagret om vedkommende i registeret og \u00e5 kreve retting av uriktige personopplysninger eller \u00e5 f\u00e5 ufullstendige personopplysninger utfylt. Enhver person i kunderegisteret har rett til \u00e5 be om sletting av personopplysninger om seg selv i registeret (\u00abretten til \u00e5 bli glemt\u00bb). Hvis du \u00f8nsker \u00e5 f\u00e5 innsyn i opplysningene dine som er lagret i kunderegisteret v\u00e5rt eller vil ha dem slettet eller rettet, kan du sende en skriftlig foresp\u00f8rsel til Horse Haytec Oy. Du kan ogs\u00e5 ta kontakt med personvernombudet v\u00e5rt, s\u00e5 kan vi avtale en time for \u00e5 dr\u00f8fte sakene knyttet til innsynsforesp\u00f8rselen.&nbsp;<\/p>\n\n\n\n<p>Om n\u00f8dvendig kan personvernombudet be den som foresp\u00f8r om \u00e5 legitimere seg. Personvernombudet vil svare kunden innen tidsfristen som er fastsatt i EUs personvernforordning (som regel innen \u00e9n m\u00e5ned).&nbsp;<\/p>\n","protected":false},"excerpt":{"rendered":"<p>Personvernerkl\u00e6ring for Horse Haytec Oy&#8217;s kunderegister Denne personvernerkl\u00e6ringen gjelder ogs\u00e5 for mobilappen Smartfeeding, som eies av Horse Haytec Oy og er publisert i Google Play-butikken. https:\/\/play.google.com\/store\/apps\/details?id=fi.horsehaytec.haytecmobile 1. Dataansvarlig Horse Haytec Oy (organisasjonsnummer 3086990-3)Paratiisikuja 35, 04390 J\u00e4niksenlinna, Tuusula, Finlandtlf. 040 538 3143 2. Personvernombud&nbsp; Reino Yli-Piiparitlf. 040 538 3143reino.yli-piipari@horsehaytec.com 3. Dataregisternavn Horse Haytec Oys kunderegister&nbsp; 4&#8230;.<\/p>\n","protected":false},"author":2,"featured_media":0,"parent":0,"menu_order":0,"comment_status":"closed","ping_status":"closed","template":"","meta":{"_acf_changed":false,"inline_featured_image":false,"_kad_blocks_custom_css":"","_kad_blocks_head_custom_js":"","_kad_blocks_body_custom_js":"","_kad_blocks_footer_custom_js":"","_kad_post_transparent":"","_kad_post_title":"","_kad_post_layout":"","_kad_post_sidebar_id":"","_kad_post_content_style":"","_kad_post_vertical_padding":"","_kad_post_feature":"","_kad_post_feature_position":"","_kad_post_header":false,"_kad_post_footer":false,"_kad_post_classname":"","footnotes":""},"class_list":["post-1645","page","type-page","status-publish","hentry"],"acf":[],"yoast_head":"<!-- This site is optimized with the Yoast SEO plugin v27.5 - https:\/\/yoast.com\/product\/yoast-seo-wordpress\/ -->\n<title>Personvernerkl\u00e6ring - Horse Haytec<\/title>\n<meta name=\"robots\" content=\"index, follow, max-snippet:-1, max-image-preview:large, max-video-preview:-1\" \/>\n<link rel=\"canonical\" href=\"https:\/\/www.horsehaytec.com\/no\/personvernerklaering\/\" \/>\n<meta property=\"og:locale\" content=\"nb_NO\" \/>\n<meta property=\"og:type\" content=\"article\" \/>\n<meta property=\"og:title\" content=\"Personvernerkl\u00e6ring - Horse Haytec\" \/>\n<meta property=\"og:description\" content=\"Personvernerkl\u00e6ring for Horse Haytec Oy&#8217;s kunderegister Denne personvernerkl\u00e6ringen gjelder ogs\u00e5 for mobilappen Smartfeeding, som eies av Horse Haytec Oy og er publisert i Google Play-butikken. https:\/\/play.google.com\/store\/apps\/details?id=fi.horsehaytec.haytecmobile 1. Dataansvarlig Horse Haytec Oy (organisasjonsnummer 3086990-3)Paratiisikuja 35, 04390 J\u00e4niksenlinna, Tuusula, Finlandtlf. 040 538 3143 2. Personvernombud&nbsp; Reino Yli-Piiparitlf. 040 538 3143reino.yli-piipari@horsehaytec.com 3. Dataregisternavn Horse Haytec Oys kunderegister&nbsp; 4....\" \/>\n<meta property=\"og:url\" content=\"https:\/\/www.horsehaytec.com\/no\/personvernerklaering\/\" \/>\n<meta property=\"og:site_name\" content=\"Horse Haytec\" \/>\n<meta property=\"article:publisher\" content=\"https:\/\/www.facebook.com\/arjenvapauttaja\" \/>\n<meta property=\"article:modified_time\" content=\"2025-05-19T09:49:58+00:00\" \/>\n<meta name=\"twitter:card\" content=\"summary_large_image\" \/>\n<meta name=\"twitter:label1\" content=\"Ansl. lesetid\" \/>\n\t<meta name=\"twitter:data1\" content=\"4 minutter\" \/>\n<script type=\"application\/ld+json\" class=\"yoast-schema-graph\">{\"@context\":\"https:\\\/\\\/schema.org\",\"@graph\":[{\"@type\":\"WebPage\",\"@id\":\"https:\\\/\\\/www.horsehaytec.com\\\/no\\\/personvernerklaering\\\/\",\"url\":\"https:\\\/\\\/www.horsehaytec.com\\\/no\\\/personvernerklaering\\\/\",\"name\":\"Personvernerkl\u00e6ring - Horse Haytec\",\"isPartOf\":{\"@id\":\"https:\\\/\\\/www.horsehaytec.com\\\/no\\\/#website\"},\"datePublished\":\"2024-03-16T06:32:40+00:00\",\"dateModified\":\"2025-05-19T09:49:58+00:00\",\"inLanguage\":\"nb-NO\",\"potentialAction\":[{\"@type\":\"ReadAction\",\"target\":[\"https:\\\/\\\/www.horsehaytec.com\\\/no\\\/personvernerklaering\\\/\"]}]},{\"@type\":\"WebSite\",\"@id\":\"https:\\\/\\\/www.horsehaytec.com\\\/no\\\/#website\",\"url\":\"https:\\\/\\\/www.horsehaytec.com\\\/no\\\/\",\"name\":\"Horse Haytec\",\"description\":\"\",\"publisher\":{\"@id\":\"https:\\\/\\\/www.horsehaytec.com\\\/no\\\/#organization\"},\"potentialAction\":[{\"@type\":\"SearchAction\",\"target\":{\"@type\":\"EntryPoint\",\"urlTemplate\":\"https:\\\/\\\/www.horsehaytec.com\\\/no\\\/?s={search_term_string}\"},\"query-input\":{\"@type\":\"PropertyValueSpecification\",\"valueRequired\":true,\"valueName\":\"search_term_string\"}}],\"inLanguage\":\"nb-NO\"},{\"@type\":\"Organization\",\"@id\":\"https:\\\/\\\/www.horsehaytec.com\\\/no\\\/#organization\",\"name\":\"Horse Haytec\",\"url\":\"https:\\\/\\\/www.horsehaytec.com\\\/no\\\/\",\"logo\":{\"@type\":\"ImageObject\",\"inLanguage\":\"nb-NO\",\"@id\":\"https:\\\/\\\/www.horsehaytec.com\\\/no\\\/#\\\/schema\\\/logo\\\/image\\\/\",\"url\":\"https:\\\/\\\/www.horsehaytec.com\\\/wp-content\\\/uploads\\\/2023\\\/12\\\/Asset-1.svg\",\"contentUrl\":\"https:\\\/\\\/www.horsehaytec.com\\\/wp-content\\\/uploads\\\/2023\\\/12\\\/Asset-1.svg\",\"caption\":\"Horse Haytec\"},\"image\":{\"@id\":\"https:\\\/\\\/www.horsehaytec.com\\\/no\\\/#\\\/schema\\\/logo\\\/image\\\/\"},\"sameAs\":[\"https:\\\/\\\/www.facebook.com\\\/arjenvapauttaja\"]}]}<\/script>\n<!-- \/ Yoast SEO plugin. -->","yoast_head_json":{"title":"Personvernerkl\u00e6ring - Horse Haytec","robots":{"index":"index","follow":"follow","max-snippet":"max-snippet:-1","max-image-preview":"max-image-preview:large","max-video-preview":"max-video-preview:-1"},"canonical":"https:\/\/www.horsehaytec.com\/no\/personvernerklaering\/","og_locale":"nb_NO","og_type":"article","og_title":"Personvernerkl\u00e6ring - Horse Haytec","og_description":"Personvernerkl\u00e6ring for Horse Haytec Oy&#8217;s kunderegister Denne personvernerkl\u00e6ringen gjelder ogs\u00e5 for mobilappen Smartfeeding, som eies av Horse Haytec Oy og er publisert i Google Play-butikken. https:\/\/play.google.com\/store\/apps\/details?id=fi.horsehaytec.haytecmobile 1. Dataansvarlig Horse Haytec Oy (organisasjonsnummer 3086990-3)Paratiisikuja 35, 04390 J\u00e4niksenlinna, Tuusula, Finlandtlf. 040 538 3143 2. Personvernombud&nbsp; Reino Yli-Piiparitlf. 040 538 3143reino.yli-piipari@horsehaytec.com 3. Dataregisternavn Horse Haytec Oys kunderegister&nbsp; 4....","og_url":"https:\/\/www.horsehaytec.com\/no\/personvernerklaering\/","og_site_name":"Horse Haytec","article_publisher":"https:\/\/www.facebook.com\/arjenvapauttaja","article_modified_time":"2025-05-19T09:49:58+00:00","twitter_card":"summary_large_image","twitter_misc":{"Ansl. lesetid":"4 minutter"},"schema":{"@context":"https:\/\/schema.org","@graph":[{"@type":"WebPage","@id":"https:\/\/www.horsehaytec.com\/no\/personvernerklaering\/","url":"https:\/\/www.horsehaytec.com\/no\/personvernerklaering\/","name":"Personvernerkl\u00e6ring - Horse Haytec","isPartOf":{"@id":"https:\/\/www.horsehaytec.com\/no\/#website"},"datePublished":"2024-03-16T06:32:40+00:00","dateModified":"2025-05-19T09:49:58+00:00","inLanguage":"nb-NO","potentialAction":[{"@type":"ReadAction","target":["https:\/\/www.horsehaytec.com\/no\/personvernerklaering\/"]}]},{"@type":"WebSite","@id":"https:\/\/www.horsehaytec.com\/no\/#website","url":"https:\/\/www.horsehaytec.com\/no\/","name":"Horse Haytec","description":"","publisher":{"@id":"https:\/\/www.horsehaytec.com\/no\/#organization"},"potentialAction":[{"@type":"SearchAction","target":{"@type":"EntryPoint","urlTemplate":"https:\/\/www.horsehaytec.com\/no\/?s={search_term_string}"},"query-input":{"@type":"PropertyValueSpecification","valueRequired":true,"valueName":"search_term_string"}}],"inLanguage":"nb-NO"},{"@type":"Organization","@id":"https:\/\/www.horsehaytec.com\/no\/#organization","name":"Horse Haytec","url":"https:\/\/www.horsehaytec.com\/no\/","logo":{"@type":"ImageObject","inLanguage":"nb-NO","@id":"https:\/\/www.horsehaytec.com\/no\/#\/schema\/logo\/image\/","url":"https:\/\/www.horsehaytec.com\/wp-content\/uploads\/2023\/12\/Asset-1.svg","contentUrl":"https:\/\/www.horsehaytec.com\/wp-content\/uploads\/2023\/12\/Asset-1.svg","caption":"Horse Haytec"},"image":{"@id":"https:\/\/www.horsehaytec.com\/no\/#\/schema\/logo\/image\/"},"sameAs":["https:\/\/www.facebook.com\/arjenvapauttaja"]}]}},"taxonomy_info":[],"featured_image_src_large":false,"author_info":{"display_name":"Heidi Happonen","author_link":"https:\/\/www.horsehaytec.com\/no\/author\/heidigital\/"},"comment_info":0,"_links":{"self":[{"href":"https:\/\/www.horsehaytec.com\/no\/wp-json\/wp\/v2\/pages\/1645","targetHints":{"allow":["GET"]}}],"collection":[{"href":"https:\/\/www.horsehaytec.com\/no\/wp-json\/wp\/v2\/pages"}],"about":[{"href":"https:\/\/www.horsehaytec.com\/no\/wp-json\/wp\/v2\/types\/page"}],"author":[{"embeddable":true,"href":"https:\/\/www.horsehaytec.com\/no\/wp-json\/wp\/v2\/users\/2"}],"replies":[{"embeddable":true,"href":"https:\/\/www.horsehaytec.com\/no\/wp-json\/wp\/v2\/comments?post=1645"}],"version-history":[{"count":13,"href":"https:\/\/www.horsehaytec.com\/no\/wp-json\/wp\/v2\/pages\/1645\/revisions"}],"predecessor-version":[{"id":3178,"href":"https:\/\/www.horsehaytec.com\/no\/wp-json\/wp\/v2\/pages\/1645\/revisions\/3178"}],"wp:attachment":[{"href":"https:\/\/www.horsehaytec.com\/no\/wp-json\/wp\/v2\/media?parent=1645"}],"curies":[{"name":"wp","href":"https:\/\/api.w.org\/{rel}","templated":true}]}}