{"id":1653,"date":"2024-01-18T17:01:33","date_gmt":"2024-01-18T15:01:33","guid":{"rendered":"https:\/\/www.horsehaytec.com\/kontakt-oss\/"},"modified":"2025-09-30T10:47:41","modified_gmt":"2025-09-30T08:47:41","slug":"kontakt-oss","status":"publish","type":"page","link":"https:\/\/www.horsehaytec.com\/no\/kontakt-oss\/","title":{"rendered":"Kontakt oss"},"content":{"rendered":"<style>.kb-row-layout-id474_01fc2d-61 > .kt-row-column-wrap{align-content:start;}:where(.kb-row-layout-id474_01fc2d-61 > .kt-row-column-wrap) > .wp-block-kadence-column{justify-content:start;}.kb-row-layout-id474_01fc2d-61 > .kt-row-column-wrap{column-gap:var(--global-kb-gap-md, 2rem);row-gap:var(--global-kb-gap-md, 2rem);max-width:900px;margin-left:auto;margin-right:auto;padding-top:var(--global-kb-spacing-3xl, 6.5rem);padding-bottom:var(--global-kb-spacing-3xl, 6.5rem);grid-template-columns:minmax(0, 1fr);}.kb-row-layout-id474_01fc2d-61 > .kt-row-layout-overlay{opacity:0.30;}@media all and (max-width: 1024px){.kb-row-layout-id474_01fc2d-61 > .kt-row-column-wrap{grid-template-columns:minmax(0, 1fr);}}@media all and (max-width: 767px){.kb-row-layout-id474_01fc2d-61 > .kt-row-column-wrap{grid-template-columns:minmax(0, 1fr);}}<\/style><div class=\"kb-row-layout-wrap kb-row-layout-id474_01fc2d-61 alignfull wp-block-kadence-rowlayout\"><div class=\"kt-row-column-wrap kt-has-1-columns kt-row-layout-equal kt-tab-layout-inherit kt-mobile-layout-row kt-row-valign-top\">\n<style>.kadence-column474_d67f36-c9 > .kt-inside-inner-col,.kadence-column474_d67f36-c9 > .kt-inside-inner-col:before{border-top-left-radius:0px;border-top-right-radius:0px;border-bottom-right-radius:0px;border-bottom-left-radius:0px;}.kadence-column474_d67f36-c9 > .kt-inside-inner-col{column-gap:var(--global-kb-gap-sm, 1rem);}.kadence-column474_d67f36-c9 > .kt-inside-inner-col{flex-direction:column;}.kadence-column474_d67f36-c9 > .kt-inside-inner-col > .aligncenter{width:100%;}.kadence-column474_d67f36-c9 > .kt-inside-inner-col:before{opacity:0.3;}.kadence-column474_d67f36-c9{position:relative;}@media all and (max-width: 1024px){.kadence-column474_d67f36-c9 > .kt-inside-inner-col{flex-direction:column;justify-content:center;}}@media all and (max-width: 767px){.kadence-column474_d67f36-c9 > .kt-inside-inner-col{flex-direction:column;justify-content:center;}}<\/style>\n<div class=\"wp-block-kadence-column kadence-column474_d67f36-c9\"><div class=\"kt-inside-inner-col\"><style>.wp-block-kadence-advancedheading.kt-adv-heading474_a6ba05-58, .wp-block-kadence-advancedheading.kt-adv-heading474_a6ba05-58[data-kb-block=\"kb-adv-heading474_a6ba05-58\"]{text-align:center;font-style:normal;}.wp-block-kadence-advancedheading.kt-adv-heading474_a6ba05-58 mark.kt-highlight, .wp-block-kadence-advancedheading.kt-adv-heading474_a6ba05-58[data-kb-block=\"kb-adv-heading474_a6ba05-58\"] mark.kt-highlight{font-style:normal;color:#f76a0c;-webkit-box-decoration-break:clone;box-decoration-break:clone;padding-top:0px;padding-right:0px;padding-bottom:0px;padding-left:0px;}.wp-block-kadence-advancedheading.kt-adv-heading474_a6ba05-58 img.kb-inline-image, .wp-block-kadence-advancedheading.kt-adv-heading474_a6ba05-58[data-kb-block=\"kb-adv-heading474_a6ba05-58\"] img.kb-inline-image{width:150px;vertical-align:baseline;}<\/style>\n<h1 class=\"kt-adv-heading474_a6ba05-58 wp-block-kadence-advancedheading\" data-kb-block=\"kb-adv-heading474_a6ba05-58\">Kontakt oss<\/h1>\n\n\n\n<p class=\"has-text-align-center has-medium-font-size\">Ta gjerne kontakt med oss hvis dere har noen sp\u00f8rsm\u00e5l. Vi er her for dere. Vi svarer innen neste virkedag. Dere kan ogs\u00e5 kontakte oss via Facebook.<\/p>\n<\/div><\/div>\n\n<\/div><\/div><style>.kb-row-layout-id474_ad8868-f3 > .kt-row-column-wrap{align-content:start;}:where(.kb-row-layout-id474_ad8868-f3 > .kt-row-column-wrap) > .wp-block-kadence-column{justify-content:start;}.kb-row-layout-id474_ad8868-f3 > .kt-row-column-wrap{column-gap:var(--global-kb-gap-md, 2rem);row-gap:var(--global-kb-gap-md, 2rem);max-width:var( --global-content-width, 1290px );padding-left:var(--global-content-edge-padding);padding-right:var(--global-content-edge-padding);padding-top:var(--global-kb-spacing-3xl, 6.5rem);padding-bottom:var(--global-kb-spacing-3xl, 6.5rem);grid-template-columns:repeat(2, minmax(0, 1fr));}.kb-row-layout-id474_ad8868-f3 > .kt-row-layout-overlay{opacity:0.30;}@media all and (max-width: 1024px){.kb-row-layout-id474_ad8868-f3 > .kt-row-column-wrap{grid-template-columns:repeat(2, minmax(0, 1fr));}}@media all and (max-width: 767px){.kb-row-layout-id474_ad8868-f3 > .kt-row-column-wrap{grid-template-columns:minmax(0, 1fr);}}<\/style><div class=\"kb-row-layout-wrap kb-row-layout-id474_ad8868-f3 alignfull has-theme-palette7-background-color kt-row-has-bg wp-block-kadence-rowlayout\"><div class=\"kt-row-column-wrap kt-has-2-columns kt-row-layout-equal kt-tab-layout-inherit kt-mobile-layout-row kt-row-valign-top kb-theme-content-width\">\n<style>.kadence-column474_78b1f0-79 > .kt-inside-inner-col,.kadence-column474_78b1f0-79 > .kt-inside-inner-col:before{border-top-left-radius:0px;border-top-right-radius:0px;border-bottom-right-radius:0px;border-bottom-left-radius:0px;}.kadence-column474_78b1f0-79 > .kt-inside-inner-col{column-gap:var(--global-kb-gap-sm, 1rem);}.kadence-column474_78b1f0-79 > .kt-inside-inner-col{flex-direction:column;}.kadence-column474_78b1f0-79 > .kt-inside-inner-col > .aligncenter{width:100%;}.kadence-column474_78b1f0-79 > .kt-inside-inner-col:before{opacity:0.3;}.kadence-column474_78b1f0-79{position:relative;}@media all and (max-width: 1024px){.kadence-column474_78b1f0-79 > .kt-inside-inner-col{flex-direction:column;justify-content:center;}}@media all and (max-width: 767px){.kadence-column474_78b1f0-79 > .kt-inside-inner-col{flex-direction:column;justify-content:center;}}<\/style>\n<div class=\"wp-block-kadence-column kadence-column474_78b1f0-79\"><div class=\"kt-inside-inner-col\"><style>.wp-block-kadence-advancedheading.kt-adv-heading474_82614f-6a, .wp-block-kadence-advancedheading.kt-adv-heading474_82614f-6a[data-kb-block=\"kb-adv-heading474_82614f-6a\"]{font-style:normal;}.wp-block-kadence-advancedheading.kt-adv-heading474_82614f-6a mark.kt-highlight, .wp-block-kadence-advancedheading.kt-adv-heading474_82614f-6a[data-kb-block=\"kb-adv-heading474_82614f-6a\"] mark.kt-highlight{font-style:normal;color:#f76a0c;-webkit-box-decoration-break:clone;box-decoration-break:clone;padding-top:0px;padding-right:0px;padding-bottom:0px;padding-left:0px;}.wp-block-kadence-advancedheading.kt-adv-heading474_82614f-6a img.kb-inline-image, .wp-block-kadence-advancedheading.kt-adv-heading474_82614f-6a[data-kb-block=\"kb-adv-heading474_82614f-6a\"] img.kb-inline-image{width:150px;vertical-align:baseline;}<\/style>\n<h2 class=\"kt-adv-heading474_82614f-6a wp-block-kadence-advancedheading\" data-kb-block=\"kb-adv-heading474_82614f-6a\">Horse Haytec Oy<\/h2>\n\n\n\n<p>Paratiisikuja 35<br\/>04390 J\u00e4niksenlinna, Finland<br\/>(50 km nord for Helsingfors)<\/p>\n\n\n\n<p><strong>Reino Yli-Piipari<\/strong><br\/>tlf. +358405383143<\/p>\n\n\n\n<p><strong>Jenni Kanerva<\/strong><br\/>tlf.\u00a0+35841 312 2768<\/p>\n\n\n\n<p>E-postadressen er i formen <strong><em>fornavn.etternavn@horsehaytec.fi<\/em><\/strong><\/p>\n\n\n\n<ul class=\"wp-block-social-links has-icon-background-color is-layout-flex wp-block-social-links-is-layout-flex\"><li style=\"background-color:#196886;\" class=\"wp-social-link wp-social-link-facebook has-theme-palette1-background-color wp-block-social-link\"><a href=\"https:\/\/www.facebook.com\/Horse-Haytec-Oy-108073967209976\/\" class=\"wp-block-social-link-anchor\"><svg width=\"24\" height=\"24\" viewBox=\"0 0 24 24\" version=\"1.1\" xmlns=\"http:\/\/www.w3.org\/2000\/svg\" aria-hidden=\"true\" focusable=\"false\"><path d=\"M12 2C6.5 2 2 6.5 2 12c0 5 3.7 9.1 8.4 9.9v-7H7.9V12h2.5V9.8c0-2.5 1.5-3.9 3.8-3.9 1.1 0 2.2.2 2.2.2v2.5h-1.3c-1.2 0-1.6.8-1.6 1.6V12h2.8l-.4 2.9h-2.3v7C18.3 21.1 22 17 22 12c0-5.5-4.5-10-10-10z\"><\/path><\/svg><span class=\"wp-block-social-link-label screen-reader-text\">Facebook<\/span><\/a><\/li>\n\n<li style=\"background-color:#196886;\" class=\"wp-social-link wp-social-link-instagram has-theme-palette1-background-color wp-block-social-link\"><a href=\"https:\/\/www.instagram.com\/horse_haytec\/\" class=\"wp-block-social-link-anchor\"><svg width=\"24\" height=\"24\" viewBox=\"0 0 24 24\" version=\"1.1\" xmlns=\"http:\/\/www.w3.org\/2000\/svg\" aria-hidden=\"true\" focusable=\"false\"><path d=\"M12,4.622c2.403,0,2.688,0.009,3.637,0.052c0.877,0.04,1.354,0.187,1.671,0.31c0.42,0.163,0.72,0.358,1.035,0.673 c0.315,0.315,0.51,0.615,0.673,1.035c0.123,0.317,0.27,0.794,0.31,1.671c0.043,0.949,0.052,1.234,0.052,3.637 s-0.009,2.688-0.052,3.637c-0.04,0.877-0.187,1.354-0.31,1.671c-0.163,0.42-0.358,0.72-0.673,1.035 c-0.315,0.315-0.615,0.51-1.035,0.673c-0.317,0.123-0.794,0.27-1.671,0.31c-0.949,0.043-1.233,0.052-3.637,0.052 s-2.688-0.009-3.637-0.052c-0.877-0.04-1.354-0.187-1.671-0.31c-0.42-0.163-0.72-0.358-1.035-0.673 c-0.315-0.315-0.51-0.615-0.673-1.035c-0.123-0.317-0.27-0.794-0.31-1.671C4.631,14.688,4.622,14.403,4.622,12 s0.009-2.688,0.052-3.637c0.04-0.877,0.187-1.354,0.31-1.671c0.163-0.42,0.358-0.72,0.673-1.035 c0.315-0.315,0.615-0.51,1.035-0.673c0.317-0.123,0.794-0.27,1.671-0.31C9.312,4.631,9.597,4.622,12,4.622 M12,3 C9.556,3,9.249,3.01,8.289,3.054C7.331,3.098,6.677,3.25,6.105,3.472C5.513,3.702,5.011,4.01,4.511,4.511 c-0.5,0.5-0.808,1.002-1.038,1.594C3.25,6.677,3.098,7.331,3.054,8.289C3.01,9.249,3,9.556,3,12c0,2.444,0.01,2.751,0.054,3.711 c0.044,0.958,0.196,1.612,0.418,2.185c0.23,0.592,0.538,1.094,1.038,1.594c0.5,0.5,1.002,0.808,1.594,1.038 c0.572,0.222,1.227,0.375,2.185,0.418C9.249,20.99,9.556,21,12,21s2.751-0.01,3.711-0.054c0.958-0.044,1.612-0.196,2.185-0.418 c0.592-0.23,1.094-0.538,1.594-1.038c0.5-0.5,0.808-1.002,1.038-1.594c0.222-0.572,0.375-1.227,0.418-2.185 C20.99,14.751,21,14.444,21,12s-0.01-2.751-0.054-3.711c-0.044-0.958-0.196-1.612-0.418-2.185c-0.23-0.592-0.538-1.094-1.038-1.594 c-0.5-0.5-1.002-0.808-1.594-1.038c-0.572-0.222-1.227-0.375-2.185-0.418C14.751,3.01,14.444,3,12,3L12,3z M12,7.378 c-2.552,0-4.622,2.069-4.622,4.622S9.448,16.622,12,16.622s4.622-2.069,4.622-4.622S14.552,7.378,12,7.378z M12,15 c-1.657,0-3-1.343-3-3s1.343-3,3-3s3,1.343,3,3S13.657,15,12,15z M16.804,6.116c-0.596,0-1.08,0.484-1.08,1.08 s0.484,1.08,1.08,1.08c0.596,0,1.08-0.484,1.08-1.08S17.401,6.116,16.804,6.116z\"><\/path><\/svg><span class=\"wp-block-social-link-label screen-reader-text\">Instagram<\/span><\/a><\/li><\/ul>\n<\/div><\/div>\n\n\n<style>.kadence-column474_44d913-bb > .kt-inside-inner-col,.kadence-column474_44d913-bb > .kt-inside-inner-col:before{border-top-left-radius:0px;border-top-right-radius:0px;border-bottom-right-radius:0px;border-bottom-left-radius:0px;}.kadence-column474_44d913-bb > .kt-inside-inner-col{column-gap:var(--global-kb-gap-sm, 1rem);}.kadence-column474_44d913-bb > .kt-inside-inner-col{flex-direction:column;}.kadence-column474_44d913-bb > .kt-inside-inner-col > .aligncenter{width:100%;}.kadence-column474_44d913-bb > .kt-inside-inner-col:before{opacity:0.3;}.kadence-column474_44d913-bb{position:relative;}@media all and (max-width: 1024px){.kadence-column474_44d913-bb > .kt-inside-inner-col{flex-direction:column;justify-content:center;}}@media all and (max-width: 767px){.kadence-column474_44d913-bb > .kt-inside-inner-col{flex-direction:column;justify-content:center;}}<\/style>\n<div class=\"wp-block-kadence-column kadence-column474_44d913-bb\"><div class=\"kt-inside-inner-col\"><style>.wp-block-kadence-advancedheading.kt-adv-heading474_1ba5ab-b7, .wp-block-kadence-advancedheading.kt-adv-heading474_1ba5ab-b7[data-kb-block=\"kb-adv-heading474_1ba5ab-b7\"]{font-style:normal;}.wp-block-kadence-advancedheading.kt-adv-heading474_1ba5ab-b7 mark.kt-highlight, .wp-block-kadence-advancedheading.kt-adv-heading474_1ba5ab-b7[data-kb-block=\"kb-adv-heading474_1ba5ab-b7\"] mark.kt-highlight{font-style:normal;color:#f76a0c;-webkit-box-decoration-break:clone;box-decoration-break:clone;padding-top:0px;padding-right:0px;padding-bottom:0px;padding-left:0px;}.wp-block-kadence-advancedheading.kt-adv-heading474_1ba5ab-b7 img.kb-inline-image, .wp-block-kadence-advancedheading.kt-adv-heading474_1ba5ab-b7[data-kb-block=\"kb-adv-heading474_1ba5ab-b7\"] img.kb-inline-image{width:150px;vertical-align:baseline;}<\/style>\n<h3 class=\"kt-adv-heading474_1ba5ab-b7 wp-block-kadence-advancedheading\" data-kb-block=\"kb-adv-heading474_1ba5ab-b7\">Kontaktskjema<\/h3>\n\n\n\n<div class=\"wp-block-columns is-layout-flex wp-container-core-columns-is-layout-9d6595d7 wp-block-columns-is-layout-flex\">\n<div class=\"wp-block-column is-layout-flow wp-block-column-is-layout-flow\"><\/div>\n\n\n\n<div class=\"wp-block-column is-layout-flow wp-block-column-is-layout-flow\"><\/div>\n<\/div>\n\n\n<div class=\"everest-forms\"><script type='text\/javascript'>\n\/* <![CDATA[ *\/\nvar evf_settings = {\"currency_code\":\"USD\",\"currency_thousands\":\",\",\"currency_decimal\":\".\",\"currency_symbol\":\"$\",\"currency_symbol_pos\":\"left\"}\n\/* ]]> *\/\n<\/script>\n<div class=\"evf-container default\" id=\"evf-2985\"><form id=\"evf-form-2985\" class=\"everest-form\" data-formid=\"2985\" data-ajax_submission=\"0\" data-keyboard_friendly_form=\"0\" data-form_state_type=\"\" method=\"post\" enctype=\"multipart\/form-data\" action=\"\/no\/wp-json\/wp\/v2\/pages\/1653\"><div class=\"evf-field-container\"><input type=\"hidden\" id=\"_wpnonce2985\" name=\"_wpnonce2985\" value=\"a93bfe58e4\" \/><input type=\"hidden\" name=\"_wp_http_referer\" value=\"\/no\/wp-json\/wp\/v2\/pages\/1653\" \/><input type='hidden' id='evf_submission_start_time' name='evf_submission_start_time'\/><div class=\"evf-frontend-row\" data-row=\"row_1\" conditional_rules=\"[]\"><div class=\"evf-frontend-grid evf-grid-1\" data-grid=\"grid_1\"><div id=\"evf-2985-field_fullname-container\" class=\"evf-field evf-field-text form-row validate-required\" data-required-field-message=\"Dette feltet er obligatorisk.\" data-field-id=\"fullname\"><label class=\"evf-field-label\" for=\"evf-2985-field_fullname\"><span class=\"evf-label\">Fornavn<\/span> <abbr class=\"required\" title=\"Required\">*<\/abbr><\/label><input type=\"text\" id=\"evf-2985-field_fullname\" class=\"input-text\" name=\"everest_forms[form_fields][fullname]\" conditional_id=\"fullname\" required><\/div><div id=\"evf-2985-field_z2DtSFQYoj-1-container\" class=\"evf-field evf-field-last-name form-row validate-required\" data-required-field-message=\"Dette feltet er obligatorisk.\" data-field-id=\"z2DtSFQYoj-1\"><label class=\"evf-field-label\" for=\"evf-2985-field_z2DtSFQYoj-1\"><span class=\"evf-label\">Etternavn<\/span> <abbr class=\"required\" title=\"Required\">*<\/abbr><\/label><input type=\"text\" id=\"evf-2985-field_z2DtSFQYoj-1\" class=\"input-text\" name=\"everest_forms[form_fields][z2DtSFQYoj-1]\" conditional_id=\"z2DtSFQYoj-1\" required><\/div><div id=\"evf-2985-field_2stjkT7S43-2-container\" class=\"evf-field evf-field-phone form-row validate-required validate-phone\" data-required-field-message=\"Please enter a valid phone number.\" data-field-id=\"2stjkT7S43-2\"><label class=\"evf-field-label\" for=\"evf-2985-field_2stjkT7S43-2\"><span class=\"evf-label\">Telefon<\/span> <abbr class=\"required\" title=\"Required\">*<\/abbr><\/label><input type=\"tel\" id=\"evf-2985-field_2stjkT7S43-2\" class=\"input-text evf-smart-phone-field\" data-rule-smart-phone-field=\"true\" name=\"everest_forms[form_fields][2stjkT7S43-2]\" conditional_id=\"2stjkT7S43-2\" required><\/div><div id=\"evf-2985-field_email-container\" class=\"evf-field evf-field-email form-row validate-required validate-email\" data-required-field-message=\"Vennligst skriv inn en gyldig e-postadresse.\" data-field-id=\"email\"><label class=\"evf-field-label\" for=\"evf-2985-field_email\"><span class=\"evf-label\">E-post<\/span> <abbr class=\"required\" title=\"Required\">*<\/abbr><\/label><input type=\"email\" id=\"evf-2985-field_email\" class=\"input-text\" name=\"everest_forms[form_fields][email]\" conditional_id=\"email\" required ><\/div><div id=\"evf-2985-field_subject-container\" class=\"evf-field evf-field-text form-row validate-required\" data-required-field-message=\"Dette feltet er obligatorisk.\" data-field-id=\"subject\"><label class=\"evf-field-label\" for=\"evf-2985-field_subject\"><span class=\"evf-label\">Tema<\/span> <abbr class=\"required\" title=\"Required\">*<\/abbr><\/label><input type=\"text\" id=\"evf-2985-field_subject\" class=\"input-text\" name=\"everest_forms[form_fields][subject]\" conditional_id=\"subject\" required><\/div><div id=\"evf-2985-field_message-container\" class=\"evf-field evf-field-textarea form-row\" data-field-id=\"message\"><label class=\"evf-field-label\" for=\"evf-2985-field_message\"><span class=\"evf-label\">Beskjed<\/span> <\/label><textarea id=\"evf-2985-field_message\" class=\"input-text\" name=\"everest_forms[form_fields][message]\" conditional_id=\"message\"  ><\/textarea><\/div><\/div><\/div><\/div><div class=\"evf-honeypot-container evf-field-hp\"><label for=\"evf-2985-field-hp\" class=\"evf-field-label\">Email<\/label><input type=\"text\" name=\"everest_forms[hp]\" id=\"evf-2985-field-hp\" class=\"input-text\"><\/div><div class=\"evf-submit-container \" ><input type=\"hidden\" name=\"everest_forms[id]\" value=\"2985\"><input type=\"hidden\" name=\"everest_forms[author]\" value=\"2\"><button type='submit' name='everest_forms[submit]' class='everest-forms-submit-button button evf-submit ' id='evf-submit-2985' value='evf-submit' data-process-text=\"Behandling...\" conditional_rules='&quot;&quot;' conditional_id='evf-submit-2985'  id=\"evf-submit-2985\" aria-live=\"assertive\">Send inn<\/button><\/div><\/form><\/div><!-- .evf-container --><\/div>\n<\/div><\/div>\n\n<\/div><\/div>","protected":false},"excerpt":{"rendered":"<p>Kontakt oss Ta gjerne kontakt med oss hvis dere har noen sp\u00f8rsm\u00e5l. Vi er her for dere. Vi svarer innen neste virkedag. Dere kan ogs\u00e5 kontakte oss via Facebook. Horse Haytec Oy Paratiisikuja 3504390 J\u00e4niksenlinna, Finland(50 km nord for Helsingfors) Reino Yli-Piiparitlf. +358405383143 Jenni Kanervatlf.\u00a0+35841 312 2768 E-postadressen er i formen fornavn.etternavn@horsehaytec.fi Kontaktskjema<\/p>\n","protected":false},"author":2,"featured_media":0,"parent":0,"menu_order":0,"comment_status":"closed","ping_status":"closed","template":"","meta":{"_acf_changed":false,"inline_featured_image":false,"_kad_blocks_custom_css":"","_kad_blocks_head_custom_js":"","_kad_blocks_body_custom_js":"","_kad_blocks_footer_custom_js":"","_kad_post_transparent":"","_kad_post_title":"","_kad_post_layout":"","_kad_post_sidebar_id":"","_kad_post_content_style":"","_kad_post_vertical_padding":"","_kad_post_feature":"","_kad_post_feature_position":"","_kad_post_header":false,"_kad_post_footer":false,"_kad_post_classname":"","footnotes":""},"class_list":["post-1653","page","type-page","status-publish","hentry"],"acf":[],"yoast_head":"<!-- This site is optimized with the Yoast SEO plugin v27.5 - https:\/\/yoast.com\/product\/yoast-seo-wordpress\/ -->\n<title>Kontakt oss - Horse Haytec<\/title>\n<meta name=\"description\" content=\"Ta gjerne kontakt med oss hvis dere er interessert i v\u00e5re produkter eller har noen sp\u00f8rsm\u00e5l. Vi svarer innen neste virkedag.\" \/>\n<meta name=\"robots\" content=\"index, follow, max-snippet:-1, max-image-preview:large, max-video-preview:-1\" \/>\n<link rel=\"canonical\" href=\"https:\/\/www.horsehaytec.com\/no\/kontakt-oss\/\" \/>\n<meta property=\"og:locale\" content=\"nb_NO\" \/>\n<meta property=\"og:type\" content=\"article\" \/>\n<meta property=\"og:title\" content=\"Kontakt oss - Horse Haytec\" \/>\n<meta property=\"og:description\" content=\"Ta gjerne kontakt med oss hvis dere er interessert i v\u00e5re produkter eller har noen sp\u00f8rsm\u00e5l. Vi svarer innen neste virkedag.\" \/>\n<meta property=\"og:url\" content=\"https:\/\/www.horsehaytec.com\/no\/kontakt-oss\/\" \/>\n<meta property=\"og:site_name\" content=\"Horse Haytec\" \/>\n<meta property=\"article:publisher\" content=\"https:\/\/www.facebook.com\/arjenvapauttaja\" \/>\n<meta property=\"article:modified_time\" content=\"2025-09-30T08:47:41+00:00\" \/>\n<meta name=\"twitter:card\" content=\"summary_large_image\" \/>\n<meta name=\"twitter:label1\" content=\"Ansl. lesetid\" \/>\n\t<meta name=\"twitter:data1\" content=\"1 minutt\" \/>\n<script type=\"application\/ld+json\" class=\"yoast-schema-graph\">{\"@context\":\"https:\\\/\\\/schema.org\",\"@graph\":[{\"@type\":\"WebPage\",\"@id\":\"https:\\\/\\\/www.horsehaytec.com\\\/no\\\/kontakt-oss\\\/\",\"url\":\"https:\\\/\\\/www.horsehaytec.com\\\/no\\\/kontakt-oss\\\/\",\"name\":\"Kontakt oss - Horse Haytec\",\"isPartOf\":{\"@id\":\"https:\\\/\\\/www.horsehaytec.com\\\/no\\\/#website\"},\"datePublished\":\"2024-01-18T15:01:33+00:00\",\"dateModified\":\"2025-09-30T08:47:41+00:00\",\"description\":\"Ta gjerne kontakt med oss hvis dere er interessert i v\u00e5re produkter eller har noen sp\u00f8rsm\u00e5l. Vi svarer innen neste virkedag.\",\"inLanguage\":\"nb-NO\",\"potentialAction\":[{\"@type\":\"ReadAction\",\"target\":[\"https:\\\/\\\/www.horsehaytec.com\\\/no\\\/kontakt-oss\\\/\"]}]},{\"@type\":\"WebSite\",\"@id\":\"https:\\\/\\\/www.horsehaytec.com\\\/no\\\/#website\",\"url\":\"https:\\\/\\\/www.horsehaytec.com\\\/no\\\/\",\"name\":\"Horse Haytec\",\"description\":\"\",\"publisher\":{\"@id\":\"https:\\\/\\\/www.horsehaytec.com\\\/no\\\/#organization\"},\"potentialAction\":[{\"@type\":\"SearchAction\",\"target\":{\"@type\":\"EntryPoint\",\"urlTemplate\":\"https:\\\/\\\/www.horsehaytec.com\\\/no\\\/?s={search_term_string}\"},\"query-input\":{\"@type\":\"PropertyValueSpecification\",\"valueRequired\":true,\"valueName\":\"search_term_string\"}}],\"inLanguage\":\"nb-NO\"},{\"@type\":\"Organization\",\"@id\":\"https:\\\/\\\/www.horsehaytec.com\\\/no\\\/#organization\",\"name\":\"Horse Haytec\",\"url\":\"https:\\\/\\\/www.horsehaytec.com\\\/no\\\/\",\"logo\":{\"@type\":\"ImageObject\",\"inLanguage\":\"nb-NO\",\"@id\":\"https:\\\/\\\/www.horsehaytec.com\\\/no\\\/#\\\/schema\\\/logo\\\/image\\\/\",\"url\":\"https:\\\/\\\/www.horsehaytec.com\\\/wp-content\\\/uploads\\\/2023\\\/12\\\/Asset-1.svg\",\"contentUrl\":\"https:\\\/\\\/www.horsehaytec.com\\\/wp-content\\\/uploads\\\/2023\\\/12\\\/Asset-1.svg\",\"caption\":\"Horse Haytec\"},\"image\":{\"@id\":\"https:\\\/\\\/www.horsehaytec.com\\\/no\\\/#\\\/schema\\\/logo\\\/image\\\/\"},\"sameAs\":[\"https:\\\/\\\/www.facebook.com\\\/arjenvapauttaja\"]}]}<\/script>\n<!-- \/ Yoast SEO plugin. -->","yoast_head_json":{"title":"Kontakt oss - Horse Haytec","description":"Ta gjerne kontakt med oss hvis dere er interessert i v\u00e5re produkter eller har noen sp\u00f8rsm\u00e5l. Vi svarer innen neste virkedag.","robots":{"index":"index","follow":"follow","max-snippet":"max-snippet:-1","max-image-preview":"max-image-preview:large","max-video-preview":"max-video-preview:-1"},"canonical":"https:\/\/www.horsehaytec.com\/no\/kontakt-oss\/","og_locale":"nb_NO","og_type":"article","og_title":"Kontakt oss - Horse Haytec","og_description":"Ta gjerne kontakt med oss hvis dere er interessert i v\u00e5re produkter eller har noen sp\u00f8rsm\u00e5l. Vi svarer innen neste virkedag.","og_url":"https:\/\/www.horsehaytec.com\/no\/kontakt-oss\/","og_site_name":"Horse Haytec","article_publisher":"https:\/\/www.facebook.com\/arjenvapauttaja","article_modified_time":"2025-09-30T08:47:41+00:00","twitter_card":"summary_large_image","twitter_misc":{"Ansl. lesetid":"1 minutt"},"schema":{"@context":"https:\/\/schema.org","@graph":[{"@type":"WebPage","@id":"https:\/\/www.horsehaytec.com\/no\/kontakt-oss\/","url":"https:\/\/www.horsehaytec.com\/no\/kontakt-oss\/","name":"Kontakt oss - Horse Haytec","isPartOf":{"@id":"https:\/\/www.horsehaytec.com\/no\/#website"},"datePublished":"2024-01-18T15:01:33+00:00","dateModified":"2025-09-30T08:47:41+00:00","description":"Ta gjerne kontakt med oss hvis dere er interessert i v\u00e5re produkter eller har noen sp\u00f8rsm\u00e5l. Vi svarer innen neste virkedag.","inLanguage":"nb-NO","potentialAction":[{"@type":"ReadAction","target":["https:\/\/www.horsehaytec.com\/no\/kontakt-oss\/"]}]},{"@type":"WebSite","@id":"https:\/\/www.horsehaytec.com\/no\/#website","url":"https:\/\/www.horsehaytec.com\/no\/","name":"Horse Haytec","description":"","publisher":{"@id":"https:\/\/www.horsehaytec.com\/no\/#organization"},"potentialAction":[{"@type":"SearchAction","target":{"@type":"EntryPoint","urlTemplate":"https:\/\/www.horsehaytec.com\/no\/?s={search_term_string}"},"query-input":{"@type":"PropertyValueSpecification","valueRequired":true,"valueName":"search_term_string"}}],"inLanguage":"nb-NO"},{"@type":"Organization","@id":"https:\/\/www.horsehaytec.com\/no\/#organization","name":"Horse Haytec","url":"https:\/\/www.horsehaytec.com\/no\/","logo":{"@type":"ImageObject","inLanguage":"nb-NO","@id":"https:\/\/www.horsehaytec.com\/no\/#\/schema\/logo\/image\/","url":"https:\/\/www.horsehaytec.com\/wp-content\/uploads\/2023\/12\/Asset-1.svg","contentUrl":"https:\/\/www.horsehaytec.com\/wp-content\/uploads\/2023\/12\/Asset-1.svg","caption":"Horse Haytec"},"image":{"@id":"https:\/\/www.horsehaytec.com\/no\/#\/schema\/logo\/image\/"},"sameAs":["https:\/\/www.facebook.com\/arjenvapauttaja"]}]}},"taxonomy_info":[],"featured_image_src_large":false,"author_info":{"display_name":"Heidi Happonen","author_link":"https:\/\/www.horsehaytec.com\/no\/author\/heidigital\/"},"comment_info":0,"_links":{"self":[{"href":"https:\/\/www.horsehaytec.com\/no\/wp-json\/wp\/v2\/pages\/1653","targetHints":{"allow":["GET"]}}],"collection":[{"href":"https:\/\/www.horsehaytec.com\/no\/wp-json\/wp\/v2\/pages"}],"about":[{"href":"https:\/\/www.horsehaytec.com\/no\/wp-json\/wp\/v2\/types\/page"}],"author":[{"embeddable":true,"href":"https:\/\/www.horsehaytec.com\/no\/wp-json\/wp\/v2\/users\/2"}],"replies":[{"embeddable":true,"href":"https:\/\/www.horsehaytec.com\/no\/wp-json\/wp\/v2\/comments?post=1653"}],"version-history":[{"count":12,"href":"https:\/\/www.horsehaytec.com\/no\/wp-json\/wp\/v2\/pages\/1653\/revisions"}],"predecessor-version":[{"id":4131,"href":"https:\/\/www.horsehaytec.com\/no\/wp-json\/wp\/v2\/pages\/1653\/revisions\/4131"}],"wp:attachment":[{"href":"https:\/\/www.horsehaytec.com\/no\/wp-json\/wp\/v2\/media?parent=1653"}],"curies":[{"name":"wp","href":"https:\/\/api.w.org\/{rel}","templated":true}]}}