{"id":1780,"date":"2024-01-18T17:04:04","date_gmt":"2024-01-18T15:04:04","guid":{"rendered":"https:\/\/www.horsehaytec.com\/leverings-og-betalingsinformasjon\/"},"modified":"2024-08-29T12:44:29","modified_gmt":"2024-08-29T10:44:29","slug":"leverings-og-betalingsinformasjon","status":"publish","type":"page","link":"https:\/\/www.horsehaytec.com\/no\/leverings-og-betalingsinformasjon\/","title":{"rendered":"Leverings- og betalingsinformasjon"},"content":{"rendered":"<style>.wp-block-kadence-advancedheading.kt-adv-heading476_82ac14-a4, .wp-block-kadence-advancedheading.kt-adv-heading476_82ac14-a4[data-kb-block=\"kb-adv-heading476_82ac14-a4\"]{font-style:normal;}.wp-block-kadence-advancedheading.kt-adv-heading476_82ac14-a4 mark.kt-highlight, .wp-block-kadence-advancedheading.kt-adv-heading476_82ac14-a4[data-kb-block=\"kb-adv-heading476_82ac14-a4\"] mark.kt-highlight{font-style:normal;color:#f76a0c;-webkit-box-decoration-break:clone;box-decoration-break:clone;padding-top:0px;padding-right:0px;padding-bottom:0px;padding-left:0px;}.wp-block-kadence-advancedheading.kt-adv-heading476_82ac14-a4 img.kb-inline-image, .wp-block-kadence-advancedheading.kt-adv-heading476_82ac14-a4[data-kb-block=\"kb-adv-heading476_82ac14-a4\"] img.kb-inline-image{width:150px;vertical-align:baseline;}<\/style>\n<h1 class=\"kt-adv-heading476_82ac14-a4 wp-block-kadence-advancedheading\" data-kb-block=\"kb-adv-heading476_82ac14-a4\">Leverings- og betalingsinformasjon<\/h1>\n<style>.wp-block-kadence-advancedheading.kt-adv-heading476_acb4ee-cf, .wp-block-kadence-advancedheading.kt-adv-heading476_acb4ee-cf[data-kb-block=\"kb-adv-heading476_acb4ee-cf\"]{font-style:normal;}.wp-block-kadence-advancedheading.kt-adv-heading476_acb4ee-cf mark.kt-highlight, .wp-block-kadence-advancedheading.kt-adv-heading476_acb4ee-cf[data-kb-block=\"kb-adv-heading476_acb4ee-cf\"] mark.kt-highlight{font-style:normal;color:#f76a0c;-webkit-box-decoration-break:clone;box-decoration-break:clone;padding-top:0px;padding-right:0px;padding-bottom:0px;padding-left:0px;}.wp-block-kadence-advancedheading.kt-adv-heading476_acb4ee-cf img.kb-inline-image, .wp-block-kadence-advancedheading.kt-adv-heading476_acb4ee-cf[data-kb-block=\"kb-adv-heading476_acb4ee-cf\"] img.kb-inline-image{width:150px;vertical-align:baseline;}<\/style>\n<h2 class=\"kt-adv-heading476_acb4ee-cf wp-block-kadence-advancedheading\" data-kb-block=\"kb-adv-heading476_acb4ee-cf\">Levering<\/h2>\n\n<p>N\u00e5r kunden har bekreftet bestillingen, mottar han\/hun en ordrebekreftelse med leveringstider. <\/p>\n\n<p>Henting: F\u00f4rhekken kan hentes fra Tuusula p\u00e5 avtalt tidspunkt, og vi laster f\u00f4rhekken inn i kundens kj\u00f8ret\u00f8y. Kunden har mulighet til \u00e5 inspisere maskinen p\u00e5 lageret f\u00f8r levering. Vi setter frakten ut p\u00e5 anbud og s\u00f8rger for all organisering frem til den automatiske f\u00f4rhekken leveres til kundens adresse. Kunden er ansvarlig for utpakking av h\u00f8yhekken etter transport.<\/p>\n\n<p>Frakt: Vi setter frakten ut p\u00e5 anbud p\u00e5 den adressen kunden har oppgitt. Vi videresender informasjon om alternative fraktalternativer til kunden. Kunden bekrefter \u00f8nsket frakt og dens vilk\u00e5r i hvert enkelt tilfelle.<\/p>\n<style>.wp-block-kadence-advancedheading.kt-adv-heading476_f5e3d3-b1, .wp-block-kadence-advancedheading.kt-adv-heading476_f5e3d3-b1[data-kb-block=\"kb-adv-heading476_f5e3d3-b1\"]{font-style:normal;}.wp-block-kadence-advancedheading.kt-adv-heading476_f5e3d3-b1 mark.kt-highlight, .wp-block-kadence-advancedheading.kt-adv-heading476_f5e3d3-b1[data-kb-block=\"kb-adv-heading476_f5e3d3-b1\"] mark.kt-highlight{font-style:normal;color:#f76a0c;-webkit-box-decoration-break:clone;box-decoration-break:clone;padding-top:0px;padding-right:0px;padding-bottom:0px;padding-left:0px;}.wp-block-kadence-advancedheading.kt-adv-heading476_f5e3d3-b1 img.kb-inline-image, .wp-block-kadence-advancedheading.kt-adv-heading476_f5e3d3-b1[data-kb-block=\"kb-adv-heading476_f5e3d3-b1\"] img.kb-inline-image{width:150px;vertical-align:baseline;}<\/style>\n<h3 class=\"kt-adv-heading476_f5e3d3-b1 wp-block-kadence-advancedheading\" data-kb-block=\"kb-adv-heading476_f5e3d3-b1\">Leveringstid <\/h3>\n\n<p>I henhold til avtalen er leveringstiden 1\u20133 m\u00e5neder, avhengig av ordrevolum.<\/p>\n<style>.wp-block-kadence-advancedheading.kt-adv-heading476_11a741-4f, .wp-block-kadence-advancedheading.kt-adv-heading476_11a741-4f[data-kb-block=\"kb-adv-heading476_11a741-4f\"]{font-style:normal;}.wp-block-kadence-advancedheading.kt-adv-heading476_11a741-4f mark.kt-highlight, .wp-block-kadence-advancedheading.kt-adv-heading476_11a741-4f[data-kb-block=\"kb-adv-heading476_11a741-4f\"] mark.kt-highlight{font-style:normal;color:#f76a0c;-webkit-box-decoration-break:clone;box-decoration-break:clone;padding-top:0px;padding-right:0px;padding-bottom:0px;padding-left:0px;}.wp-block-kadence-advancedheading.kt-adv-heading476_11a741-4f img.kb-inline-image, .wp-block-kadence-advancedheading.kt-adv-heading476_11a741-4f[data-kb-block=\"kb-adv-heading476_11a741-4f\"] img.kb-inline-image{width:150px;vertical-align:baseline;}<\/style>\n<h2 class=\"kt-adv-heading476_11a741-4f wp-block-kadence-advancedheading\" data-kb-block=\"kb-adv-heading476_11a741-4f\">Betalingsvilk\u00e5r<\/h2>\n\n<ul class=\"wp-block-list\">\n<li>Betaling i sin helhet etter levering dersom leveringstiden er mindre enn 3 m\u00e5neder fra bestillingsdato.<\/li>\n\n\n\n<li>Forskuddsbetaling p\u00e5 20 % i forbindelse med bestillingen dersom leveringstiden er mer enn 3 m\u00e5neder.<\/li>\n\n\n\n<li>Betalingsfristen er fjorten (14) dager fra fakturadato.<\/li>\n\n\n\n<li>Forsinkelsesrenter beregnes i henhold til den finske renteloven.<\/li>\n<\/ul>\n\n<p><strong>Svea betalingsvilk\u00e5r for bedrifter og enkeltpersoner<\/strong><\/p>\n\n<p>Finland<strong><em> <\/em><\/strong><\/p>\n\n<ul class=\"wp-block-list\">\n<li>Forbruker: <a href=\"https:\/\/www.svea.com\/fi-fi\/kuluttajat\/lainat\/kulutusluotto\"><em>https:\/\/www.svea.com\/fi-fi\/kuluttajat\/lainat\/kulutusluotto<\/em><\/a><\/li>\n\n\n\n<li>Business credit: <a href=\"https:\/\/www.svea.com\/fi-fi\/yritykset\/yritysrahoitus\/yrityslimiitti\"><em>https:\/\/www.svea.com\/fi-fi\/yritykset\/yritysrahoitus\/yrityslimiitti<\/em><\/a><\/li>\n<\/ul>\n\n<p>Sverige <\/p>\n\n<ul class=\"wp-block-list\">\n<li>Forbruker: <a href=\"https:\/\/www.svea.com\/sv-se\/privat\/l%C3%A5na\"><em>L\u00e5na pengar &#8211; j\u00e4mf\u00f6r v\u00e5ra l\u00e5n f\u00f6r privatpersoner | Svea Bank<\/em><\/a><\/li>\n\n\n\n<li>Kassekreditt: <a href=\"https:\/\/www.svea.com\/sv-se\/foretag\/finansiering\/foretagskredit\"><em>F\u00f6retagskredit &#8211; ett enklare f\u00f6retagsl\u00e5n | Svea Bank<\/em><\/a><\/li>\n<\/ul>\n\n<p>Norge <\/p>\n\n<ul class=\"wp-block-list\">\n<li>Forbruker: <a href=\"https:\/\/www.svea.com\/nb-no\/privat\/l%C3%A5n\"><em>L\u00e5n penger med eller uten sikkerhet \u2013 Svea | Svea Bank<\/em><\/a><\/li>\n\n\n\n<li>Kassekreditt: <a href=\"https:\/\/www.svea.com\/nb-no\/bedrift\/finansiering\/kassekreditt\"><em>Fleksibel kassekreditt \u2013 Svea | Svea Bank<\/em><\/a><\/li>\n<\/ul>\n<style>.wp-block-kadence-advancedheading.kt-adv-heading476_c40630-ba, .wp-block-kadence-advancedheading.kt-adv-heading476_c40630-ba[data-kb-block=\"kb-adv-heading476_c40630-ba\"]{font-style:normal;}.wp-block-kadence-advancedheading.kt-adv-heading476_c40630-ba mark.kt-highlight, .wp-block-kadence-advancedheading.kt-adv-heading476_c40630-ba[data-kb-block=\"kb-adv-heading476_c40630-ba\"] mark.kt-highlight{font-style:normal;color:#f76a0c;-webkit-box-decoration-break:clone;box-decoration-break:clone;padding-top:0px;padding-right:0px;padding-bottom:0px;padding-left:0px;}.wp-block-kadence-advancedheading.kt-adv-heading476_c40630-ba img.kb-inline-image, .wp-block-kadence-advancedheading.kt-adv-heading476_c40630-ba[data-kb-block=\"kb-adv-heading476_c40630-ba\"] img.kb-inline-image{width:150px;vertical-align:baseline;}<\/style>\n<h2 class=\"kt-adv-heading476_c40630-ba wp-block-kadence-advancedheading\" data-kb-block=\"kb-adv-heading476_c40630-ba\">Garanti<\/h2>\n\n<p>Garantien p\u00e5 v\u00e5re automatiske h\u00f8yhekker er 24 m\u00e5neder fra leveringsdato. <\/p>\n\n<p>Kunden m\u00e5 rapportere eventuelle mangler eller skader som oppdages i l\u00f8pet av garantiperioden skriftlig og uten un\u00f8dig forsinkelse. Leverand\u00f8ren er ikke ansvarlig for ytterligere skader for\u00e5rsaket av forsinket rapportering. Leverand\u00f8ren bestemmer n\u00f8dvendige tiltak p\u00e5 grunnlag av feilen som er beskrevet av kunden. Leverand\u00f8ren skal starte unders\u00f8kelsen, og om n\u00f8dvendig, utbedring av feilen s\u00e5 snart som mulig. Feilmeldinger rapporteres via e-post til <a href=\"mailto:info@horsehaytec.com\">info@horsehaytec.com <\/a>    <\/p>\n\n<p>Garantien dekker ikke f\u00f8lgende: <\/p>\n\n<ul class=\"wp-block-list\">\n<li>kunden har installert den automatiske h\u00f8yhekken i strid med leverand\u00f8rens instruksjoner<\/li>\n\n\n\n<li>naturkatastrofer, f.eks. skader for\u00e5rsaket av lynnedslag <\/li>\n\n\n\n<li>fors\u00f8mmelse av bruksanvisning eller vedlikehold<\/li>\n\n\n\n<li>hvis det brukes grimer i innhegningen: mulig skade for\u00e5rsaket av grimer p\u00e5 maskinen og\/eller hestene<\/li>\n<\/ul>\n<style>.wp-block-kadence-advancedheading.kt-adv-heading476_cbddc2-ab, .wp-block-kadence-advancedheading.kt-adv-heading476_cbddc2-ab[data-kb-block=\"kb-adv-heading476_cbddc2-ab\"]{font-style:normal;}.wp-block-kadence-advancedheading.kt-adv-heading476_cbddc2-ab mark.kt-highlight, .wp-block-kadence-advancedheading.kt-adv-heading476_cbddc2-ab[data-kb-block=\"kb-adv-heading476_cbddc2-ab\"] mark.kt-highlight{font-style:normal;color:#f76a0c;-webkit-box-decoration-break:clone;box-decoration-break:clone;padding-top:0px;padding-right:0px;padding-bottom:0px;padding-left:0px;}.wp-block-kadence-advancedheading.kt-adv-heading476_cbddc2-ab img.kb-inline-image, .wp-block-kadence-advancedheading.kt-adv-heading476_cbddc2-ab[data-kb-block=\"kb-adv-heading476_cbddc2-ab\"] img.kb-inline-image{width:150px;vertical-align:baseline;}<\/style>\n<h2 class=\"kt-adv-heading476_cbddc2-ab wp-block-kadence-advancedheading\" data-kb-block=\"kb-adv-heading476_cbddc2-ab\">Vedlikehold<\/h2>\n\n<p>L\u00f8ftetauene m\u00e5 skiftes hvert 2,5.\u20134. \u00e5r.<br\/>Trenger bare \u00e5 justeres \u00e9n gang i \u00e5ret. Instruksjoner for dette finner du i brukerh\u00e5ndboken og vedlikeholdsh\u00e5ndboken. Ytterligere vedlikehold er un\u00f8dvendig.  <\/p>\n<style>.wp-block-kadence-advancedheading.kt-adv-heading476_ce8ab2-e7, .wp-block-kadence-advancedheading.kt-adv-heading476_ce8ab2-e7[data-kb-block=\"kb-adv-heading476_ce8ab2-e7\"]{font-style:normal;}.wp-block-kadence-advancedheading.kt-adv-heading476_ce8ab2-e7 mark.kt-highlight, .wp-block-kadence-advancedheading.kt-adv-heading476_ce8ab2-e7[data-kb-block=\"kb-adv-heading476_ce8ab2-e7\"] mark.kt-highlight{font-style:normal;color:#f76a0c;-webkit-box-decoration-break:clone;box-decoration-break:clone;padding-top:0px;padding-right:0px;padding-bottom:0px;padding-left:0px;}.wp-block-kadence-advancedheading.kt-adv-heading476_ce8ab2-e7 img.kb-inline-image, .wp-block-kadence-advancedheading.kt-adv-heading476_ce8ab2-e7[data-kb-block=\"kb-adv-heading476_ce8ab2-e7\"] img.kb-inline-image{width:150px;vertical-align:baseline;}<\/style>\n<h2 class=\"kt-adv-heading476_ce8ab2-e7 wp-block-kadence-advancedheading\" data-kb-block=\"kb-adv-heading476_ce8ab2-e7\">F\u00f8lgende er ikke inkludert i leveransen: <\/h2>\n\n<p>Kunden er ansvarlig for utpakking av h\u00f8yhekken etter transport. Plassering av str\u00f8mforsyningen p\u00e5 installasjonsstedet (str\u00f8mledning og stikkontakt): <strong> <\/strong>Normalt med 3 x 2,5 mm jordkabel. Anbefalt makslengde for jordkabel er 100 m. <\/p>\n\n<p>Spesifikasjoner for underlag: Det kreves et frostsikkert underlag. Vi anbefaler bahandlet betong, betongstein eller gressarmering. Dette gj\u00f8r det enkelt \u00e5 fjerne sand og rengj\u00f8re sidene p\u00e5 h\u00f8yhekken.<\/p>\n\n<p>Taket bygges<strong> <\/strong>med kundens egne materialer. Med mindre kunden har bestilt takpakke fra oss.<\/p>\n<style>.wp-block-kadence-advancedheading.kt-adv-heading476_eec22c-1f, .wp-block-kadence-advancedheading.kt-adv-heading476_eec22c-1f[data-kb-block=\"kb-adv-heading476_eec22c-1f\"]{font-style:normal;}.wp-block-kadence-advancedheading.kt-adv-heading476_eec22c-1f mark.kt-highlight, .wp-block-kadence-advancedheading.kt-adv-heading476_eec22c-1f[data-kb-block=\"kb-adv-heading476_eec22c-1f\"] mark.kt-highlight{font-style:normal;color:#f76a0c;-webkit-box-decoration-break:clone;box-decoration-break:clone;padding-top:0px;padding-right:0px;padding-bottom:0px;padding-left:0px;}.wp-block-kadence-advancedheading.kt-adv-heading476_eec22c-1f img.kb-inline-image, .wp-block-kadence-advancedheading.kt-adv-heading476_eec22c-1f[data-kb-block=\"kb-adv-heading476_eec22c-1f\"] img.kb-inline-image{width:150px;vertical-align:baseline;}<\/style>\n<h2 class=\"kt-adv-heading476_eec22c-1f wp-block-kadence-advancedheading\" data-kb-block=\"kb-adv-heading476_eec22c-1f\">Reservedeler<\/h2>\n\n<p>Vi anbefaler at kunden kj\u00f8per reservetau i forbindelse med bestillingen. Pris per tau 25 \u20ac (mva. 0 %)<\/p>\n","protected":false},"excerpt":{"rendered":"<p>Leverings- og betalingsinformasjon Levering N\u00e5r kunden har bekreftet bestillingen, mottar han\/hun en ordrebekreftelse med leveringstider. Henting: F\u00f4rhekken kan hentes fra Tuusula p\u00e5 avtalt tidspunkt, og vi laster f\u00f4rhekken inn i kundens kj\u00f8ret\u00f8y. Kunden har mulighet til \u00e5 inspisere maskinen p\u00e5 lageret f\u00f8r levering. Vi setter frakten ut p\u00e5 anbud og s\u00f8rger for all organisering frem&#8230;<\/p>\n","protected":false},"author":2,"featured_media":0,"parent":0,"menu_order":0,"comment_status":"closed","ping_status":"closed","template":"","meta":{"_acf_changed":false,"inline_featured_image":false,"_kad_blocks_custom_css":"","_kad_blocks_head_custom_js":"","_kad_blocks_body_custom_js":"","_kad_blocks_footer_custom_js":"","_kad_post_transparent":"","_kad_post_title":"","_kad_post_layout":"","_kad_post_sidebar_id":"","_kad_post_content_style":"","_kad_post_vertical_padding":"","_kad_post_feature":"","_kad_post_feature_position":"","_kad_post_header":false,"_kad_post_footer":false,"_kad_post_classname":"","footnotes":""},"class_list":["post-1780","page","type-page","status-publish","hentry"],"acf":[],"yoast_head":"<!-- This site is optimized with the Yoast SEO plugin v27.4 - https:\/\/yoast.com\/product\/yoast-seo-wordpress\/ -->\n<title>Leverings- og betalingsinformasjon - Horse Haytec<\/title>\n<meta name=\"robots\" content=\"index, follow, max-snippet:-1, max-image-preview:large, max-video-preview:-1\" \/>\n<link rel=\"canonical\" href=\"https:\/\/www.horsehaytec.com\/no\/leverings-og-betalingsinformasjon\/\" \/>\n<meta property=\"og:locale\" content=\"nb_NO\" \/>\n<meta property=\"og:type\" content=\"article\" \/>\n<meta property=\"og:title\" content=\"Leverings- og betalingsinformasjon - Horse Haytec\" \/>\n<meta property=\"og:description\" content=\"Leverings- og betalingsinformasjon Levering N\u00e5r kunden har bekreftet bestillingen, mottar han\/hun en ordrebekreftelse med leveringstider. Henting: F\u00f4rhekken kan hentes fra Tuusula p\u00e5 avtalt tidspunkt, og vi laster f\u00f4rhekken inn i kundens kj\u00f8ret\u00f8y. Kunden har mulighet til \u00e5 inspisere maskinen p\u00e5 lageret f\u00f8r levering. Vi setter frakten ut p\u00e5 anbud og s\u00f8rger for all organisering frem...\" \/>\n<meta property=\"og:url\" content=\"https:\/\/www.horsehaytec.com\/no\/leverings-og-betalingsinformasjon\/\" \/>\n<meta property=\"og:site_name\" content=\"Horse Haytec\" \/>\n<meta property=\"article:publisher\" content=\"https:\/\/www.facebook.com\/arjenvapauttaja\" \/>\n<meta property=\"article:modified_time\" content=\"2024-08-29T10:44:29+00:00\" \/>\n<meta name=\"twitter:card\" content=\"summary_large_image\" \/>\n<meta name=\"twitter:label1\" content=\"Ansl. lesetid\" \/>\n\t<meta name=\"twitter:data1\" content=\"3 minutter\" \/>\n<script type=\"application\/ld+json\" class=\"yoast-schema-graph\">{\"@context\":\"https:\\\/\\\/schema.org\",\"@graph\":[{\"@type\":\"WebPage\",\"@id\":\"https:\\\/\\\/www.horsehaytec.com\\\/no\\\/leverings-og-betalingsinformasjon\\\/\",\"url\":\"https:\\\/\\\/www.horsehaytec.com\\\/no\\\/leverings-og-betalingsinformasjon\\\/\",\"name\":\"Leverings- og betalingsinformasjon - Horse Haytec\",\"isPartOf\":{\"@id\":\"https:\\\/\\\/www.horsehaytec.com\\\/no\\\/#website\"},\"datePublished\":\"2024-01-18T15:04:04+00:00\",\"dateModified\":\"2024-08-29T10:44:29+00:00\",\"inLanguage\":\"nb-NO\",\"potentialAction\":[{\"@type\":\"ReadAction\",\"target\":[\"https:\\\/\\\/www.horsehaytec.com\\\/no\\\/leverings-og-betalingsinformasjon\\\/\"]}]},{\"@type\":\"WebSite\",\"@id\":\"https:\\\/\\\/www.horsehaytec.com\\\/no\\\/#website\",\"url\":\"https:\\\/\\\/www.horsehaytec.com\\\/no\\\/\",\"name\":\"Horse Haytec\",\"description\":\"\",\"publisher\":{\"@id\":\"https:\\\/\\\/www.horsehaytec.com\\\/no\\\/#organization\"},\"potentialAction\":[{\"@type\":\"SearchAction\",\"target\":{\"@type\":\"EntryPoint\",\"urlTemplate\":\"https:\\\/\\\/www.horsehaytec.com\\\/no\\\/?s={search_term_string}\"},\"query-input\":{\"@type\":\"PropertyValueSpecification\",\"valueRequired\":true,\"valueName\":\"search_term_string\"}}],\"inLanguage\":\"nb-NO\"},{\"@type\":\"Organization\",\"@id\":\"https:\\\/\\\/www.horsehaytec.com\\\/no\\\/#organization\",\"name\":\"Horse Haytec\",\"url\":\"https:\\\/\\\/www.horsehaytec.com\\\/no\\\/\",\"logo\":{\"@type\":\"ImageObject\",\"inLanguage\":\"nb-NO\",\"@id\":\"https:\\\/\\\/www.horsehaytec.com\\\/no\\\/#\\\/schema\\\/logo\\\/image\\\/\",\"url\":\"https:\\\/\\\/www.horsehaytec.com\\\/wp-content\\\/uploads\\\/2023\\\/12\\\/Asset-1.svg\",\"contentUrl\":\"https:\\\/\\\/www.horsehaytec.com\\\/wp-content\\\/uploads\\\/2023\\\/12\\\/Asset-1.svg\",\"caption\":\"Horse Haytec\"},\"image\":{\"@id\":\"https:\\\/\\\/www.horsehaytec.com\\\/no\\\/#\\\/schema\\\/logo\\\/image\\\/\"},\"sameAs\":[\"https:\\\/\\\/www.facebook.com\\\/arjenvapauttaja\"]}]}<\/script>\n<!-- \/ Yoast SEO plugin. -->","yoast_head_json":{"title":"Leverings- og betalingsinformasjon - Horse Haytec","robots":{"index":"index","follow":"follow","max-snippet":"max-snippet:-1","max-image-preview":"max-image-preview:large","max-video-preview":"max-video-preview:-1"},"canonical":"https:\/\/www.horsehaytec.com\/no\/leverings-og-betalingsinformasjon\/","og_locale":"nb_NO","og_type":"article","og_title":"Leverings- og betalingsinformasjon - Horse Haytec","og_description":"Leverings- og betalingsinformasjon Levering N\u00e5r kunden har bekreftet bestillingen, mottar han\/hun en ordrebekreftelse med leveringstider. Henting: F\u00f4rhekken kan hentes fra Tuusula p\u00e5 avtalt tidspunkt, og vi laster f\u00f4rhekken inn i kundens kj\u00f8ret\u00f8y. Kunden har mulighet til \u00e5 inspisere maskinen p\u00e5 lageret f\u00f8r levering. Vi setter frakten ut p\u00e5 anbud og s\u00f8rger for all organisering frem...","og_url":"https:\/\/www.horsehaytec.com\/no\/leverings-og-betalingsinformasjon\/","og_site_name":"Horse Haytec","article_publisher":"https:\/\/www.facebook.com\/arjenvapauttaja","article_modified_time":"2024-08-29T10:44:29+00:00","twitter_card":"summary_large_image","twitter_misc":{"Ansl. lesetid":"3 minutter"},"schema":{"@context":"https:\/\/schema.org","@graph":[{"@type":"WebPage","@id":"https:\/\/www.horsehaytec.com\/no\/leverings-og-betalingsinformasjon\/","url":"https:\/\/www.horsehaytec.com\/no\/leverings-og-betalingsinformasjon\/","name":"Leverings- og betalingsinformasjon - Horse Haytec","isPartOf":{"@id":"https:\/\/www.horsehaytec.com\/no\/#website"},"datePublished":"2024-01-18T15:04:04+00:00","dateModified":"2024-08-29T10:44:29+00:00","inLanguage":"nb-NO","potentialAction":[{"@type":"ReadAction","target":["https:\/\/www.horsehaytec.com\/no\/leverings-og-betalingsinformasjon\/"]}]},{"@type":"WebSite","@id":"https:\/\/www.horsehaytec.com\/no\/#website","url":"https:\/\/www.horsehaytec.com\/no\/","name":"Horse Haytec","description":"","publisher":{"@id":"https:\/\/www.horsehaytec.com\/no\/#organization"},"potentialAction":[{"@type":"SearchAction","target":{"@type":"EntryPoint","urlTemplate":"https:\/\/www.horsehaytec.com\/no\/?s={search_term_string}"},"query-input":{"@type":"PropertyValueSpecification","valueRequired":true,"valueName":"search_term_string"}}],"inLanguage":"nb-NO"},{"@type":"Organization","@id":"https:\/\/www.horsehaytec.com\/no\/#organization","name":"Horse Haytec","url":"https:\/\/www.horsehaytec.com\/no\/","logo":{"@type":"ImageObject","inLanguage":"nb-NO","@id":"https:\/\/www.horsehaytec.com\/no\/#\/schema\/logo\/image\/","url":"https:\/\/www.horsehaytec.com\/wp-content\/uploads\/2023\/12\/Asset-1.svg","contentUrl":"https:\/\/www.horsehaytec.com\/wp-content\/uploads\/2023\/12\/Asset-1.svg","caption":"Horse Haytec"},"image":{"@id":"https:\/\/www.horsehaytec.com\/no\/#\/schema\/logo\/image\/"},"sameAs":["https:\/\/www.facebook.com\/arjenvapauttaja"]}]}},"taxonomy_info":[],"featured_image_src_large":false,"author_info":{"display_name":"Heidi Happonen","author_link":"https:\/\/www.horsehaytec.com\/no\/author\/heidigital\/"},"comment_info":0,"_links":{"self":[{"href":"https:\/\/www.horsehaytec.com\/no\/wp-json\/wp\/v2\/pages\/1780","targetHints":{"allow":["GET"]}}],"collection":[{"href":"https:\/\/www.horsehaytec.com\/no\/wp-json\/wp\/v2\/pages"}],"about":[{"href":"https:\/\/www.horsehaytec.com\/no\/wp-json\/wp\/v2\/types\/page"}],"author":[{"embeddable":true,"href":"https:\/\/www.horsehaytec.com\/no\/wp-json\/wp\/v2\/users\/2"}],"replies":[{"embeddable":true,"href":"https:\/\/www.horsehaytec.com\/no\/wp-json\/wp\/v2\/comments?post=1780"}],"version-history":[{"count":9,"href":"https:\/\/www.horsehaytec.com\/no\/wp-json\/wp\/v2\/pages\/1780\/revisions"}],"predecessor-version":[{"id":2153,"href":"https:\/\/www.horsehaytec.com\/no\/wp-json\/wp\/v2\/pages\/1780\/revisions\/2153"}],"wp:attachment":[{"href":"https:\/\/www.horsehaytec.com\/no\/wp-json\/wp\/v2\/media?parent=1780"}],"curies":[{"name":"wp","href":"https:\/\/api.w.org\/{rel}","templated":true}]}}