{"id":1493,"date":"2024-03-16T08:32:40","date_gmt":"2024-03-16T06:32:40","guid":{"rendered":"https:\/\/www.horsehaytec.com\/dataskyddsbeskrivning\/"},"modified":"2025-05-19T11:50:39","modified_gmt":"2025-05-19T09:50:39","slug":"dataskyddsbeskrivning","status":"publish","type":"page","link":"https:\/\/www.horsehaytec.com\/sv\/dataskyddsbeskrivning\/","title":{"rendered":"Dataskyddsbeskrivning"},"content":{"rendered":"<style>.wp-block-kadence-advancedheading.kt-adv-heading1493_0b4ee8-44, .wp-block-kadence-advancedheading.kt-adv-heading1493_0b4ee8-44[data-kb-block=\"kb-adv-heading1493_0b4ee8-44\"]{font-style:normal;}.wp-block-kadence-advancedheading.kt-adv-heading1493_0b4ee8-44 mark.kt-highlight, .wp-block-kadence-advancedheading.kt-adv-heading1493_0b4ee8-44[data-kb-block=\"kb-adv-heading1493_0b4ee8-44\"] mark.kt-highlight{font-style:normal;color:#f76a0c;-webkit-box-decoration-break:clone;box-decoration-break:clone;padding-top:0px;padding-right:0px;padding-bottom:0px;padding-left:0px;}.wp-block-kadence-advancedheading.kt-adv-heading1493_0b4ee8-44 img.kb-inline-image, .wp-block-kadence-advancedheading.kt-adv-heading1493_0b4ee8-44[data-kb-block=\"kb-adv-heading1493_0b4ee8-44\"] img.kb-inline-image{width:150px;vertical-align:baseline;}<\/style>\n<h2 class=\"kt-adv-heading1493_0b4ee8-44 wp-block-kadence-advancedheading\" data-kb-block=\"kb-adv-heading1493_0b4ee8-44\">Dataskyddsbeskrivning f\u00f6r Horse Haytec Oy:s kundregister<\/h2>\n\n\n\n<p><\/p>\n\n\n\n<p class=\"has-medium-font-size\">Denna dataskyddspolicy g\u00e4ller \u00e4ven mobilappen Smartfeeding, som \u00e4gs av Horse Haytec Oy och publiceras i Google Play-butiken.<\/p>\n\n\n\n<p><a href=\"https:\/\/play.google.com\/store\/apps\/details?id=fi.horsehaytec.haytecmobile\">https:\/\/play.google.com\/store\/apps\/details?id=fi.horsehaytec.haytecmobile<\/a><\/p>\n\n\n\n<h3 class=\"wp-block-heading\">1. Personuppgiftsansvarig<\/h3>\n\n\n\n<p>Horse Haytec Oy (FO-nummer 3086990-3)&nbsp;<br>Paratiisikuja 35, 04390 J\u00e4niksenlinna, Tusby&nbsp;<br>tfn 040 538 3143&nbsp;<\/p>\n\n\n<style>.wp-block-kadence-advancedheading.kt-adv-heading1493_2f9f28-56, .wp-block-kadence-advancedheading.kt-adv-heading1493_2f9f28-56[data-kb-block=\"kb-adv-heading1493_2f9f28-56\"]{font-style:normal;}.wp-block-kadence-advancedheading.kt-adv-heading1493_2f9f28-56 mark.kt-highlight, .wp-block-kadence-advancedheading.kt-adv-heading1493_2f9f28-56[data-kb-block=\"kb-adv-heading1493_2f9f28-56\"] mark.kt-highlight{font-style:normal;color:#f76a0c;-webkit-box-decoration-break:clone;box-decoration-break:clone;padding-top:0px;padding-right:0px;padding-bottom:0px;padding-left:0px;}.wp-block-kadence-advancedheading.kt-adv-heading1493_2f9f28-56 img.kb-inline-image, .wp-block-kadence-advancedheading.kt-adv-heading1493_2f9f28-56[data-kb-block=\"kb-adv-heading1493_2f9f28-56\"] img.kb-inline-image{width:150px;vertical-align:baseline;}<\/style>\n<h3 class=\"kt-adv-heading1493_2f9f28-56 wp-block-kadence-advancedheading\" data-kb-block=\"kb-adv-heading1493_2f9f28-56\">2. Kontaktperson som ansvarar f\u00f6r registret&nbsp;<\/h3>\n\n\n\n<p>Reino Yli-Piipari&nbsp;<br>tfn 040 538 3143&nbsp;<br>reino.yli-piipari@horsehaytec.com&nbsp;<\/p>\n\n\n<style>.wp-block-kadence-advancedheading.kt-adv-heading1493_5ab4b2-6e, .wp-block-kadence-advancedheading.kt-adv-heading1493_5ab4b2-6e[data-kb-block=\"kb-adv-heading1493_5ab4b2-6e\"]{font-style:normal;}.wp-block-kadence-advancedheading.kt-adv-heading1493_5ab4b2-6e mark.kt-highlight, .wp-block-kadence-advancedheading.kt-adv-heading1493_5ab4b2-6e[data-kb-block=\"kb-adv-heading1493_5ab4b2-6e\"] mark.kt-highlight{font-style:normal;color:#f76a0c;-webkit-box-decoration-break:clone;box-decoration-break:clone;padding-top:0px;padding-right:0px;padding-bottom:0px;padding-left:0px;}.wp-block-kadence-advancedheading.kt-adv-heading1493_5ab4b2-6e img.kb-inline-image, .wp-block-kadence-advancedheading.kt-adv-heading1493_5ab4b2-6e[data-kb-block=\"kb-adv-heading1493_5ab4b2-6e\"] img.kb-inline-image{width:150px;vertical-align:baseline;}<\/style>\n<h3 class=\"kt-adv-heading1493_5ab4b2-6e wp-block-kadence-advancedheading\" data-kb-block=\"kb-adv-heading1493_5ab4b2-6e\">3. Registrets namn<\/h3>\n\n\n\n<p>Horse Haytec Oy:s kundregister&nbsp;<\/p>\n\n\n<style>.wp-block-kadence-advancedheading.kt-adv-heading1493_86e3ff-d1, .wp-block-kadence-advancedheading.kt-adv-heading1493_86e3ff-d1[data-kb-block=\"kb-adv-heading1493_86e3ff-d1\"]{font-style:normal;}.wp-block-kadence-advancedheading.kt-adv-heading1493_86e3ff-d1 mark.kt-highlight, .wp-block-kadence-advancedheading.kt-adv-heading1493_86e3ff-d1[data-kb-block=\"kb-adv-heading1493_86e3ff-d1\"] mark.kt-highlight{font-style:normal;color:#f76a0c;-webkit-box-decoration-break:clone;box-decoration-break:clone;padding-top:0px;padding-right:0px;padding-bottom:0px;padding-left:0px;}.wp-block-kadence-advancedheading.kt-adv-heading1493_86e3ff-d1 img.kb-inline-image, .wp-block-kadence-advancedheading.kt-adv-heading1493_86e3ff-d1[data-kb-block=\"kb-adv-heading1493_86e3ff-d1\"] img.kb-inline-image{width:150px;vertical-align:baseline;}<\/style>\n<h3 class=\"kt-adv-heading1493_86e3ff-d1 wp-block-kadence-advancedheading\" data-kb-block=\"kb-adv-heading1493_86e3ff-d1\">4. Syftet med och den r\u00e4ttsliga grunden f\u00f6r behandlingen av personuppgifter<\/h3>\n\n\n\n<p>Syftet med Horse Haytec Oy:s kundregister \u00e4r kontakt med kunderna, uppr\u00e4tth\u00e5llande av kundrelationer och kommunikation. Informationen anv\u00e4nds inte f\u00f6r automatiserat beslutsfattande eller profilering.&nbsp;<\/p>\n\n\n<style>.wp-block-kadence-advancedheading.kt-adv-heading1493_64352f-98, .wp-block-kadence-advancedheading.kt-adv-heading1493_64352f-98[data-kb-block=\"kb-adv-heading1493_64352f-98\"]{font-style:normal;}.wp-block-kadence-advancedheading.kt-adv-heading1493_64352f-98 mark.kt-highlight, .wp-block-kadence-advancedheading.kt-adv-heading1493_64352f-98[data-kb-block=\"kb-adv-heading1493_64352f-98\"] mark.kt-highlight{font-style:normal;color:#f76a0c;-webkit-box-decoration-break:clone;box-decoration-break:clone;padding-top:0px;padding-right:0px;padding-bottom:0px;padding-left:0px;}.wp-block-kadence-advancedheading.kt-adv-heading1493_64352f-98 img.kb-inline-image, .wp-block-kadence-advancedheading.kt-adv-heading1493_64352f-98[data-kb-block=\"kb-adv-heading1493_64352f-98\"] img.kb-inline-image{width:150px;vertical-align:baseline;}<\/style>\n<h3 class=\"kt-adv-heading1493_64352f-98 wp-block-kadence-advancedheading\" data-kb-block=\"kb-adv-heading1493_64352f-98\">5. Registrets datainneh\u00e5ll<\/h3>\n\n\n\n<p>De uppgifter som sparas i Horse Haytec Oy:s kundregister \u00e4r uppgifter som kunden sj\u00e4lv har angett. S\u00e5dan \u00e4r till exempel uppgifter insamlade via formul\u00e4ret \u201dta kontakt\u201d:&nbsp;<\/p>\n\n\n\n<ul class=\"wp-block-list\">\n<li>Personens namn&nbsp;<\/li>\n\n\n\n<li>E-postadress&nbsp;<\/li>\n\n\n\n<li>Telefonnummer&nbsp;<\/li>\n\n\n\n<li>Adress&nbsp;<\/li>\n<\/ul>\n\n\n\n<p>Eventuella \u00f6vriga uppgifter som kunden \u00f6verl\u00e4mnat:&nbsp;<\/p>\n\n\n\n<ul class=\"wp-block-list\">\n<li>F\u00f6retagets namn&nbsp;<\/li>\n\n\n\n<li>FO-nummer&nbsp;<\/li>\n\n\n\n<li>Uppgifter om best\u00e4llda produkter\/tj\u00e4nster&nbsp;<\/li>\n\n\n\n<li>Faktureringsuppgifter&nbsp;<\/li>\n\n\n\n<li>Uppgifter om best\u00e4llda produkter\/tj\u00e4nster och deras \u00e4ndringar&nbsp;<\/li>\n<\/ul>\n\n\n\n<p>Kunden ansvarar f\u00f6r att uppgifterna \u00e4r korrekta och att de uppdateras efter behov.&nbsp;<\/p>\n\n\n<style>.wp-block-kadence-advancedheading.kt-adv-heading1493_341821-d5, .wp-block-kadence-advancedheading.kt-adv-heading1493_341821-d5[data-kb-block=\"kb-adv-heading1493_341821-d5\"]{font-style:normal;}.wp-block-kadence-advancedheading.kt-adv-heading1493_341821-d5 mark.kt-highlight, .wp-block-kadence-advancedheading.kt-adv-heading1493_341821-d5[data-kb-block=\"kb-adv-heading1493_341821-d5\"] mark.kt-highlight{font-style:normal;color:#f76a0c;-webkit-box-decoration-break:clone;box-decoration-break:clone;padding-top:0px;padding-right:0px;padding-bottom:0px;padding-left:0px;}.wp-block-kadence-advancedheading.kt-adv-heading1493_341821-d5 img.kb-inline-image, .wp-block-kadence-advancedheading.kt-adv-heading1493_341821-d5[data-kb-block=\"kb-adv-heading1493_341821-d5\"] img.kb-inline-image{width:150px;vertical-align:baseline;}<\/style>\n<h3 class=\"kt-adv-heading1493_341821-d5 wp-block-kadence-advancedheading\" data-kb-block=\"kb-adv-heading1493_341821-d5\">6. Regelm\u00e4ssiga informationsk\u00e4llor<\/h3>\n\n\n\n<p>De uppgifter som sparas i Horse Haytec Oy:s kundregister erh\u00e5lls via kundrelationer.&nbsp;<\/p>\n\n\n<style>.wp-block-kadence-advancedheading.kt-adv-heading1493_903766-61, .wp-block-kadence-advancedheading.kt-adv-heading1493_903766-61[data-kb-block=\"kb-adv-heading1493_903766-61\"]{font-style:normal;}.wp-block-kadence-advancedheading.kt-adv-heading1493_903766-61 mark.kt-highlight, .wp-block-kadence-advancedheading.kt-adv-heading1493_903766-61[data-kb-block=\"kb-adv-heading1493_903766-61\"] mark.kt-highlight{font-style:normal;color:#f76a0c;-webkit-box-decoration-break:clone;box-decoration-break:clone;padding-top:0px;padding-right:0px;padding-bottom:0px;padding-left:0px;}.wp-block-kadence-advancedheading.kt-adv-heading1493_903766-61 img.kb-inline-image, .wp-block-kadence-advancedheading.kt-adv-heading1493_903766-61[data-kb-block=\"kb-adv-heading1493_903766-61\"] img.kb-inline-image{width:150px;vertical-align:baseline;}<\/style>\n<h3 class=\"kt-adv-heading1493_903766-61 wp-block-kadence-advancedheading\" data-kb-block=\"kb-adv-heading1493_903766-61\">7. Regelm\u00e4ssiga \u00f6verf\u00f6ringar av uppgifter<\/h3>\n\n\n\n<p>Uppgifter i kundregistret \u00f6verf\u00f6rs inte regelm\u00e4ssigt till andra parter. Uppgifterna kan offentligg\u00f6ras endast till den del detta har avtalats med kunden.&nbsp;<\/p>\n\n\n\n<p>P\u00e5 sin webbplats anv\u00e4nder Horse Haytec Oy cookies och uppf\u00f6ljningsverktyget Google Analytics. Horse Haytec Oy f\u00f6rmedlar inte eller hj\u00e4lper tredje parter att f\u00f6rmedla eller beviljar tredje parter tillst\u00e5nd att f\u00f6rmedla n\u00e5gra som helst uppgifter till Google, som Google kan anv\u00e4nda som personliga identifieringsuppgifter eller som Google kan tolka som s\u00e5dana. H\u00e4r kan du se hur Google Analytics samlar in och behandlar data. <a href=\"https:\/\/policies.google.com\/technologies\/partner-sites?hl=fi\" target=\"_blank\" rel=\"noreferrer noopener\">https:\/\/policies.google.com\/technologies\/partner-sites?hl=fi<\/a>&nbsp;<\/p>\n\n\n<style>.wp-block-kadence-advancedheading.kt-adv-heading1493_69bf41-18, .wp-block-kadence-advancedheading.kt-adv-heading1493_69bf41-18[data-kb-block=\"kb-adv-heading1493_69bf41-18\"]{font-style:normal;}.wp-block-kadence-advancedheading.kt-adv-heading1493_69bf41-18 mark.kt-highlight, .wp-block-kadence-advancedheading.kt-adv-heading1493_69bf41-18[data-kb-block=\"kb-adv-heading1493_69bf41-18\"] mark.kt-highlight{font-style:normal;color:#f76a0c;-webkit-box-decoration-break:clone;box-decoration-break:clone;padding-top:0px;padding-right:0px;padding-bottom:0px;padding-left:0px;}.wp-block-kadence-advancedheading.kt-adv-heading1493_69bf41-18 img.kb-inline-image, .wp-block-kadence-advancedheading.kt-adv-heading1493_69bf41-18[data-kb-block=\"kb-adv-heading1493_69bf41-18\"] img.kb-inline-image{width:150px;vertical-align:baseline;}<\/style>\n<h3 class=\"kt-adv-heading1493_69bf41-18 wp-block-kadence-advancedheading\" data-kb-block=\"kb-adv-heading1493_69bf41-18\">8. Principerna f\u00f6r skydd av registret&nbsp;<\/h3>\n\n\n\n<p>Vid behandlingen av Horse Haytec Oy:s kundregister iakttas noggrannhet och uppgifter som behandlas med hj\u00e4lp av v\u00e5ra datasystem skyddas p\u00e5 ett vederb\u00f6rligt s\u00e4tt. N\u00e4r registeruppgifter sparas p\u00e5 internet-servrar s\u00f6rjer vi f\u00f6r utrustningens fysiska och digitala dataskydd p\u00e5 ett vederb\u00f6rligt s\u00e4tt. Horse Haytec Oy s\u00f6rjer f\u00f6r att sparade uppgifter och uppgifter som med tanke p\u00e5 \u00e5tkomsten till servrarna och s\u00e4kerheten f\u00f6r andra personuppgifter \u00e4r kritiska behandlas konfidentiellt och endast av de anst\u00e4llda till vars arbetsuppgifter detta h\u00f6r. Vi sparas personuppgifterna i kundregistret endast s\u00e5 l\u00e4nge som det \u00e4r n\u00f6dv\u00e4ndigt f\u00f6r att sk\u00f6ta och uppr\u00e4tth\u00e5lla kundrelationen. On\u00f6diga eller f\u00f6r\u00e5ldrade uppgifter f\u00f6rst\u00f6rs p\u00e5 ett vederb\u00f6rligt s\u00e4tt.&nbsp;<\/p>\n\n\n<style>.wp-block-kadence-advancedheading.kt-adv-heading1493_1f509e-86, .wp-block-kadence-advancedheading.kt-adv-heading1493_1f509e-86[data-kb-block=\"kb-adv-heading1493_1f509e-86\"]{font-style:normal;}.wp-block-kadence-advancedheading.kt-adv-heading1493_1f509e-86 mark.kt-highlight, .wp-block-kadence-advancedheading.kt-adv-heading1493_1f509e-86[data-kb-block=\"kb-adv-heading1493_1f509e-86\"] mark.kt-highlight{font-style:normal;color:#f76a0c;-webkit-box-decoration-break:clone;box-decoration-break:clone;padding-top:0px;padding-right:0px;padding-bottom:0px;padding-left:0px;}.wp-block-kadence-advancedheading.kt-adv-heading1493_1f509e-86 img.kb-inline-image, .wp-block-kadence-advancedheading.kt-adv-heading1493_1f509e-86[data-kb-block=\"kb-adv-heading1493_1f509e-86\"] img.kb-inline-image{width:150px;vertical-align:baseline;}<\/style>\n<h3 class=\"kt-adv-heading1493_1f509e-86 wp-block-kadence-advancedheading\" data-kb-block=\"kb-adv-heading1493_1f509e-86\">9. R\u00e4tt till insyn och r\u00e4tt att kr\u00e4va r\u00e4ttelse av uppgifter<\/h3>\n\n\n\n<p>Varje person i Horse Haytec Oy:s kundregister har r\u00e4tt granska de uppgifter om hen som har sparats i registret och kr\u00e4va att eventuella felaktiga uppgifter korrigeras eller bristf\u00e4lliga uppgifter kompletteras. En person i kundregistret har dessutom r\u00e4tt att kr\u00e4va att personuppgifter om hen helt raderas fr\u00e5n registret (\u201dr\u00e4tt att bli bortgl\u00f6md\u201d). Om du vill granska eller radera uppgifter som vi har sparat om dig i kundregistret eller vill kr\u00e4va att de r\u00e4ttas till ska beg\u00e4ran skickas skriftligt till Horse Haytec Oy. Du kan ocks\u00e5 personligen direkt kontakta den kontaktperson som ansvarar f\u00f6r kundregistret, s\u00e5 kan vi komma \u00f6verens om ett m\u00f6te f\u00f6r att behandla de fr\u00e5gor som beg\u00e4ran om insyn g\u00e4ller.&nbsp;<\/p>\n\n\n\n<p>Den personuppgiftsansvarige kan vid behov beg\u00e4ra att den som har inl\u00e4mnat beg\u00e4ran styrker sin identitet. Den personuppgiftsansvarige svarar kunden inom den tid som har fastst\u00e4llts i EU:s dataskyddsf\u00f6rordning (i regel inom en m\u00e5nad).&nbsp;<\/p>\n","protected":false},"excerpt":{"rendered":"<p>Dataskyddsbeskrivning f\u00f6r Horse Haytec Oy:s kundregister Denna dataskyddspolicy g\u00e4ller \u00e4ven mobilappen Smartfeeding, som \u00e4gs av Horse Haytec Oy och publiceras i Google Play-butiken. https:\/\/play.google.com\/store\/apps\/details?id=fi.horsehaytec.haytecmobile 1. Personuppgiftsansvarig Horse Haytec Oy (FO-nummer 3086990-3)&nbsp;Paratiisikuja 35, 04390 J\u00e4niksenlinna, Tusby&nbsp;tfn 040 538 3143&nbsp; 2. Kontaktperson som ansvarar f\u00f6r registret&nbsp; Reino Yli-Piipari&nbsp;tfn 040 538 3143&nbsp;reino.yli-piipari@horsehaytec.com&nbsp; 3. Registrets namn Horse Haytec Oy:s&#8230;<\/p>\n","protected":false},"author":2,"featured_media":0,"parent":0,"menu_order":0,"comment_status":"closed","ping_status":"closed","template":"","meta":{"_acf_changed":false,"inline_featured_image":false,"_kad_blocks_custom_css":"","_kad_blocks_head_custom_js":"","_kad_blocks_body_custom_js":"","_kad_blocks_footer_custom_js":"","_kad_post_transparent":"","_kad_post_title":"","_kad_post_layout":"","_kad_post_sidebar_id":"","_kad_post_content_style":"","_kad_post_vertical_padding":"","_kad_post_feature":"","_kad_post_feature_position":"","_kad_post_header":false,"_kad_post_footer":false,"_kad_post_classname":"","footnotes":""},"class_list":["post-1493","page","type-page","status-publish","hentry"],"acf":[],"yoast_head":"<!-- This site is optimized with the Yoast SEO plugin v27.5 - https:\/\/yoast.com\/product\/yoast-seo-wordpress\/ -->\n<title>Dataskyddsbeskrivning - Horse Haytec<\/title>\n<meta name=\"robots\" content=\"index, follow, max-snippet:-1, max-image-preview:large, max-video-preview:-1\" \/>\n<link rel=\"canonical\" href=\"https:\/\/www.horsehaytec.com\/sv\/dataskyddsbeskrivning\/\" \/>\n<meta property=\"og:locale\" content=\"sv_SE\" \/>\n<meta property=\"og:type\" content=\"article\" \/>\n<meta property=\"og:title\" content=\"Dataskyddsbeskrivning - Horse Haytec\" \/>\n<meta property=\"og:description\" content=\"Dataskyddsbeskrivning f\u00f6r Horse Haytec Oy:s kundregister Denna dataskyddspolicy g\u00e4ller \u00e4ven mobilappen Smartfeeding, som \u00e4gs av Horse Haytec Oy och publiceras i Google Play-butiken. https:\/\/play.google.com\/store\/apps\/details?id=fi.horsehaytec.haytecmobile 1. Personuppgiftsansvarig Horse Haytec Oy (FO-nummer 3086990-3)&nbsp;Paratiisikuja 35, 04390 J\u00e4niksenlinna, Tusby&nbsp;tfn 040 538 3143&nbsp; 2. Kontaktperson som ansvarar f\u00f6r registret&nbsp; Reino Yli-Piipari&nbsp;tfn 040 538 3143&nbsp;reino.yli-piipari@horsehaytec.com&nbsp; 3. Registrets namn Horse Haytec Oy:s...\" \/>\n<meta property=\"og:url\" content=\"https:\/\/www.horsehaytec.com\/sv\/dataskyddsbeskrivning\/\" \/>\n<meta property=\"og:site_name\" content=\"Horse Haytec\" \/>\n<meta property=\"article:publisher\" content=\"https:\/\/www.facebook.com\/arjenvapauttaja\" \/>\n<meta property=\"article:modified_time\" content=\"2025-05-19T09:50:39+00:00\" \/>\n<meta name=\"twitter:card\" content=\"summary_large_image\" \/>\n<meta name=\"twitter:label1\" content=\"Ber\u00e4knad l\u00e4stid\" \/>\n\t<meta name=\"twitter:data1\" content=\"4 minuter\" \/>\n<script type=\"application\/ld+json\" class=\"yoast-schema-graph\">{\"@context\":\"https:\\\/\\\/schema.org\",\"@graph\":[{\"@type\":\"WebPage\",\"@id\":\"https:\\\/\\\/www.horsehaytec.com\\\/sv\\\/dataskyddsbeskrivning\\\/\",\"url\":\"https:\\\/\\\/www.horsehaytec.com\\\/sv\\\/dataskyddsbeskrivning\\\/\",\"name\":\"Dataskyddsbeskrivning - Horse Haytec\",\"isPartOf\":{\"@id\":\"https:\\\/\\\/www.horsehaytec.com\\\/sv\\\/#website\"},\"datePublished\":\"2024-03-16T06:32:40+00:00\",\"dateModified\":\"2025-05-19T09:50:39+00:00\",\"inLanguage\":\"sv-SE\",\"potentialAction\":[{\"@type\":\"ReadAction\",\"target\":[\"https:\\\/\\\/www.horsehaytec.com\\\/sv\\\/dataskyddsbeskrivning\\\/\"]}]},{\"@type\":\"WebSite\",\"@id\":\"https:\\\/\\\/www.horsehaytec.com\\\/sv\\\/#website\",\"url\":\"https:\\\/\\\/www.horsehaytec.com\\\/sv\\\/\",\"name\":\"Horse Haytec\",\"description\":\"\",\"publisher\":{\"@id\":\"https:\\\/\\\/www.horsehaytec.com\\\/sv\\\/#organization\"},\"potentialAction\":[{\"@type\":\"SearchAction\",\"target\":{\"@type\":\"EntryPoint\",\"urlTemplate\":\"https:\\\/\\\/www.horsehaytec.com\\\/sv\\\/?s={search_term_string}\"},\"query-input\":{\"@type\":\"PropertyValueSpecification\",\"valueRequired\":true,\"valueName\":\"search_term_string\"}}],\"inLanguage\":\"sv-SE\"},{\"@type\":\"Organization\",\"@id\":\"https:\\\/\\\/www.horsehaytec.com\\\/sv\\\/#organization\",\"name\":\"Horse Haytec\",\"url\":\"https:\\\/\\\/www.horsehaytec.com\\\/sv\\\/\",\"logo\":{\"@type\":\"ImageObject\",\"inLanguage\":\"sv-SE\",\"@id\":\"https:\\\/\\\/www.horsehaytec.com\\\/sv\\\/#\\\/schema\\\/logo\\\/image\\\/\",\"url\":\"https:\\\/\\\/www.horsehaytec.com\\\/wp-content\\\/uploads\\\/2023\\\/12\\\/Asset-1.svg\",\"contentUrl\":\"https:\\\/\\\/www.horsehaytec.com\\\/wp-content\\\/uploads\\\/2023\\\/12\\\/Asset-1.svg\",\"caption\":\"Horse Haytec\"},\"image\":{\"@id\":\"https:\\\/\\\/www.horsehaytec.com\\\/sv\\\/#\\\/schema\\\/logo\\\/image\\\/\"},\"sameAs\":[\"https:\\\/\\\/www.facebook.com\\\/arjenvapauttaja\"]}]}<\/script>\n<!-- \/ Yoast SEO plugin. -->","yoast_head_json":{"title":"Dataskyddsbeskrivning - Horse Haytec","robots":{"index":"index","follow":"follow","max-snippet":"max-snippet:-1","max-image-preview":"max-image-preview:large","max-video-preview":"max-video-preview:-1"},"canonical":"https:\/\/www.horsehaytec.com\/sv\/dataskyddsbeskrivning\/","og_locale":"sv_SE","og_type":"article","og_title":"Dataskyddsbeskrivning - Horse Haytec","og_description":"Dataskyddsbeskrivning f\u00f6r Horse Haytec Oy:s kundregister Denna dataskyddspolicy g\u00e4ller \u00e4ven mobilappen Smartfeeding, som \u00e4gs av Horse Haytec Oy och publiceras i Google Play-butiken. https:\/\/play.google.com\/store\/apps\/details?id=fi.horsehaytec.haytecmobile 1. Personuppgiftsansvarig Horse Haytec Oy (FO-nummer 3086990-3)&nbsp;Paratiisikuja 35, 04390 J\u00e4niksenlinna, Tusby&nbsp;tfn 040 538 3143&nbsp; 2. Kontaktperson som ansvarar f\u00f6r registret&nbsp; Reino Yli-Piipari&nbsp;tfn 040 538 3143&nbsp;reino.yli-piipari@horsehaytec.com&nbsp; 3. Registrets namn Horse Haytec Oy:s...","og_url":"https:\/\/www.horsehaytec.com\/sv\/dataskyddsbeskrivning\/","og_site_name":"Horse Haytec","article_publisher":"https:\/\/www.facebook.com\/arjenvapauttaja","article_modified_time":"2025-05-19T09:50:39+00:00","twitter_card":"summary_large_image","twitter_misc":{"Ber\u00e4knad l\u00e4stid":"4 minuter"},"schema":{"@context":"https:\/\/schema.org","@graph":[{"@type":"WebPage","@id":"https:\/\/www.horsehaytec.com\/sv\/dataskyddsbeskrivning\/","url":"https:\/\/www.horsehaytec.com\/sv\/dataskyddsbeskrivning\/","name":"Dataskyddsbeskrivning - Horse Haytec","isPartOf":{"@id":"https:\/\/www.horsehaytec.com\/sv\/#website"},"datePublished":"2024-03-16T06:32:40+00:00","dateModified":"2025-05-19T09:50:39+00:00","inLanguage":"sv-SE","potentialAction":[{"@type":"ReadAction","target":["https:\/\/www.horsehaytec.com\/sv\/dataskyddsbeskrivning\/"]}]},{"@type":"WebSite","@id":"https:\/\/www.horsehaytec.com\/sv\/#website","url":"https:\/\/www.horsehaytec.com\/sv\/","name":"Horse Haytec","description":"","publisher":{"@id":"https:\/\/www.horsehaytec.com\/sv\/#organization"},"potentialAction":[{"@type":"SearchAction","target":{"@type":"EntryPoint","urlTemplate":"https:\/\/www.horsehaytec.com\/sv\/?s={search_term_string}"},"query-input":{"@type":"PropertyValueSpecification","valueRequired":true,"valueName":"search_term_string"}}],"inLanguage":"sv-SE"},{"@type":"Organization","@id":"https:\/\/www.horsehaytec.com\/sv\/#organization","name":"Horse Haytec","url":"https:\/\/www.horsehaytec.com\/sv\/","logo":{"@type":"ImageObject","inLanguage":"sv-SE","@id":"https:\/\/www.horsehaytec.com\/sv\/#\/schema\/logo\/image\/","url":"https:\/\/www.horsehaytec.com\/wp-content\/uploads\/2023\/12\/Asset-1.svg","contentUrl":"https:\/\/www.horsehaytec.com\/wp-content\/uploads\/2023\/12\/Asset-1.svg","caption":"Horse Haytec"},"image":{"@id":"https:\/\/www.horsehaytec.com\/sv\/#\/schema\/logo\/image\/"},"sameAs":["https:\/\/www.facebook.com\/arjenvapauttaja"]}]}},"taxonomy_info":[],"featured_image_src_large":false,"author_info":{"display_name":"Heidi Happonen","author_link":"https:\/\/www.horsehaytec.com\/sv\/author\/heidigital\/"},"comment_info":0,"_links":{"self":[{"href":"https:\/\/www.horsehaytec.com\/sv\/wp-json\/wp\/v2\/pages\/1493","targetHints":{"allow":["GET"]}}],"collection":[{"href":"https:\/\/www.horsehaytec.com\/sv\/wp-json\/wp\/v2\/pages"}],"about":[{"href":"https:\/\/www.horsehaytec.com\/sv\/wp-json\/wp\/v2\/types\/page"}],"author":[{"embeddable":true,"href":"https:\/\/www.horsehaytec.com\/sv\/wp-json\/wp\/v2\/users\/2"}],"replies":[{"embeddable":true,"href":"https:\/\/www.horsehaytec.com\/sv\/wp-json\/wp\/v2\/comments?post=1493"}],"version-history":[{"count":7,"href":"https:\/\/www.horsehaytec.com\/sv\/wp-json\/wp\/v2\/pages\/1493\/revisions"}],"predecessor-version":[{"id":3179,"href":"https:\/\/www.horsehaytec.com\/sv\/wp-json\/wp\/v2\/pages\/1493\/revisions\/3179"}],"wp:attachment":[{"href":"https:\/\/www.horsehaytec.com\/sv\/wp-json\/wp\/v2\/media?parent=1493"}],"curies":[{"name":"wp","href":"https:\/\/api.w.org\/{rel}","templated":true}]}}